{"id":994,"date":"2016-01-31T20:58:22","date_gmt":"2016-01-31T20:58:22","guid":{"rendered":"https:\/\/vesnajanko.eu\/?page_id=994"},"modified":"2026-03-13T12:43:15","modified_gmt":"2026-03-13T11:43:15","slug":"6-36-stanovnistvo-afrike","status":"publish","type":"page","link":"https:\/\/vesnajanko.eu\/?page_id=994","title":{"rendered":"Stanovni\u0161tvo Afrike"},"content":{"rendered":"\n<h4 class=\"wp-block-heading\">\u0160to \u0107e\u0161 nau\u010diti<\/h4>\n\n\n\n<ul class=\"wp-block-list\">\n<li>uo\u010diti pomo\u0107u grafikona porast stanovni\u0161tva Afrike<\/li>\n\n\n\n<li>opisati gusto\u0107u naseljenosti i probleme neravnomjerne naseljenosti<\/li>\n\n\n\n<li>opisati razli\u010ditost rasa, vjera, jezika<\/li>\n\n\n\n<li>u\u010diti bitne \u010dinjenice pomo\u0107u teksta, slika, grafikona i tematskih karata<\/li>\n\n\n\n<li>razvijati digitalne vje\u0161tine, usmeno i pisano izra\u017eavanje<\/li>\n<\/ul>\n\n\n\n<div style=\"height:43px\" aria-hidden=\"true\" class=\"wp-block-spacer\"><\/div>\n\n\n\n<h4 class=\"wp-block-heading\">Tijek nastavnog sata<\/h4>\n\n\n\n<p class=\"has-pale-ocean-gradient-background has-background\"><strong><a rel=\"noreferrer noopener\" href=\"https:\/\/docs.google.com\/presentation\/d\/e\/2PACX-1vRTVmfo8fwgPapzsXDzCYg-CbvI90nMceHM9B6mNYSrJjG0njxRrGrygcEe9b7jbao6OEO8cqhgEpZq\/pub?start=false&amp;loop=false&amp;delayms=3000\" target=\"_blank\">Pogledaj prezentaciju<\/a><\/strong>.<\/p>\n\n\n\n<p>Geobilje\u017enica:<\/p>\n\n\n\n<p class=\"has-text-align-center\"><span style=\"text-decoration: underline;\">Stanovni\u0161tvo Afrike<\/span><\/p>\n\n\n\n<p>\u2013 1,4 milijarda stanovnika, oko 45 stan.\/km<sup>2<\/sup><\/p>\n\n\n\n<p>\u2013&nbsp;<strong>neravnomjerna naseljenost<\/strong>&nbsp;zbog utjecaja prirodne osnove (pustinje, pra\u0161ume \u2013 doline rijeka, obala)<\/p>\n\n\n\n<p>\u2013&nbsp;<strong>visok prirodni porast&nbsp;<\/strong>stanovnika \u2013 mlado stanovni\u0161tvo<\/p>\n\n\n\n<p>&#8211; vi\u0161e stanovnika \u017eivi na selu<\/p>\n\n\n\n<p>\u2013&nbsp;<strong>Arapi&nbsp;<\/strong>na sjeveru,&nbsp;<strong>crno stanovni\u0161tvo<\/strong>&nbsp;\u017eivi ju\u017eno od Sahare, a ima i&nbsp;<strong>potomaka doseljenih Europljana<\/strong><\/p>\n\n\n\n<p>\u2013&nbsp;<strong>najrasprostranjenije vjere<\/strong>&nbsp;su islam i kr\u0161\u0107anstvo<\/p>\n\n\n\n<p>\u2013&nbsp;<strong>svahili<\/strong>&nbsp;\u2013 zajedni\u010dki jezik naroda isto\u010dne Afrike,<\/p>\n\n\n\n<p>\u2013 za sporazumijevanje slu\u017ee engleski i francuski jezik<\/p>\n\n\n\n<h4 class=\"wp-block-heading\"><a href=\"http:\/\/vesna-janko.from.hr\/?page_id=1239\" target=\"_blank\" rel=\"noopener noreferrer\">Sa\u017eetak<\/a><\/h4>\n","protected":false},"excerpt":{"rendered":"<p>\u0160to \u0107e\u0161 nau\u010diti Tijek nastavnog sata Pogledaj prezentaciju. Geobilje\u017enica: Stanovni\u0161tvo Afrike \u2013 1,4 milijarda stanovnika, oko 45 stan.\/km2 \u2013&nbsp;neravnomjerna naseljenost&nbsp;zbog utjecaja prirodne osnove (pustinje, pra\u0161ume \u2013 doline rijeka, obala) \u2013&nbsp;visok prirodni porast&nbsp;stanovnika \u2013 mlado stanovni\u0161tvo &#8211; vi\u0161e stanovnika \u017eivi na selu \u2013&nbsp;Arapi&nbsp;na sjeveru,&nbsp;crno stanovni\u0161tvo&nbsp;\u017eivi ju\u017eno od Sahare, a ima i&nbsp;potomaka&#8230; <a href=\"https:\/\/vesnajanko.eu\/?page_id=994\" class=\"readmore\">Vi\u0161e<span class=\"screen-reader-text\">&#8220;Stanovni\u0161tvo Afrike&#8221;<\/span><\/a><\/p>\n","protected":false},"author":1,"featured_media":0,"parent":7245,"menu_order":0,"comment_status":"closed","ping_status":"closed","template":"","meta":{"footnotes":""},"class_list":["post-994","page","type-page","status-publish","hentry"],"_links":{"self":[{"href":"https:\/\/vesnajanko.eu\/index.php?rest_route=\/wp\/v2\/pages\/994","targetHints":{"allow":["GET"]}}],"collection":[{"href":"https:\/\/vesnajanko.eu\/index.php?rest_route=\/wp\/v2\/pages"}],"about":[{"href":"https:\/\/vesnajanko.eu\/index.php?rest_route=\/wp\/v2\/types\/page"}],"author":[{"embeddable":true,"href":"https:\/\/vesnajanko.eu\/index.php?rest_route=\/wp\/v2\/users\/1"}],"replies":[{"embeddable":true,"href":"https:\/\/vesnajanko.eu\/index.php?rest_route=%2Fwp%2Fv2%2Fcomments&post=994"}],"version-history":[{"count":12,"href":"https:\/\/vesnajanko.eu\/index.php?rest_route=\/wp\/v2\/pages\/994\/revisions"}],"predecessor-version":[{"id":10242,"href":"https:\/\/vesnajanko.eu\/index.php?rest_route=\/wp\/v2\/pages\/994\/revisions\/10242"}],"up":[{"embeddable":true,"href":"https:\/\/vesnajanko.eu\/index.php?rest_route=\/wp\/v2\/pages\/7245"}],"wp:attachment":[{"href":"https:\/\/vesnajanko.eu\/index.php?rest_route=%2Fwp%2Fv2%2Fmedia&parent=994"}],"curies":[{"name":"wp","href":"https:\/\/api.w.org\/{rel}","templated":true}]}}