{"id":978,"date":"2016-01-24T18:42:37","date_gmt":"2016-01-24T18:42:37","guid":{"rendered":"https:\/\/vesnajanko.eu\/?page_id=978"},"modified":"2025-02-16T16:56:25","modified_gmt":"2025-02-16T15:56:25","slug":"6-35-voda-je-najvaznija","status":"publish","type":"page","link":"https:\/\/vesnajanko.eu\/?page_id=978","title":{"rendered":"Voda na kopnu u Africi"},"content":{"rendered":"\n<h4 class=\"wp-block-heading\">\u0160to \u0107e\u0161 nau\u010diti<\/h4>\n\n\n\n<ul class=\"wp-block-list\">\n<li>izdvojiti i najva\u017enije rijeke i usporediti njihovu va\u017enost<\/li>\n\n\n\n<li>navesti probleme obilja i nedostatka vode<\/li>\n\n\n\n<li>obrazlo\u017eiti va\u017enost doline Nila i oaza za naseljenosti i gospodarstvo<\/li>\n\n\n\n<li>procijeniti prednost i nedostatke izgradnje akumulacijskih brana<\/li>\n\n\n\n<li>opisati proces \u0161irenja pustinja i posljedice<\/li>\n\n\n\n<li>pokazati na karti najve\u0107e rijeke i jezera<\/li>\n\n\n\n<li>suosje\u0107ati s \u017eivotom stanovnika Afrike i usporediti sa svojim uvjetima \u017eivota<\/li>\n\n\n\n<li>razvijati digitalne vje\u0161tine, usmeno i pisano izra\u017eavanje<\/li>\n<\/ul>\n\n\n\n<div style=\"height:56px\" aria-hidden=\"true\" class=\"wp-block-spacer\"><\/div>\n\n\n\n<h4 class=\"wp-block-heading\">Tijek nastavnog sata<\/h4>\n\n\n\n<iframe loading=\"lazy\" src=\"https:\/\/docs.google.com\/presentation\/d\/e\/2PACX-1vSmkLzAHDyxvBe0b39KN2HkeKgZkWF6u2fPua5zvRLS2QswIg7m8DGZfdsCCmuaBDV3O4gISMfUMI8N\/embed?start=false&#038;loop=false&#038;delayms=3000\" frameborder=\"0\" width=\"960\" height=\"569\" allowfullscreen=\"true\" mozallowfullscreen=\"true\" webkitallowfullscreen=\"true\"><\/iframe>\n\n\n\n<p class=\"has-pale-cyan-blue-background-color has-background\">Geobilje\u0161ke<\/p>\n\n\n\n<p class=\"has-text-align-center\"><span style=\"text-decoration: underline;\">Voda na kopnu u Africi<\/span><\/p>\n\n\n\n<p>\u2013&nbsp;<strong>malo rijeka, ali bogate vodom<\/strong>&nbsp;(Nil, Kongo, Niger, Zambezi\u2026)<\/p>\n\n\n\n<p>\u2013&nbsp;<strong>Nil<\/strong>&nbsp;\u2013 okosnica \u017eivota Egipta \u2013 hidroenergija, navodnjavanje, promet<\/p>\n\n\n\n<p>\u2013&nbsp;<strong>akumulacijska jezera<\/strong>&nbsp;\u2013 Nasser, Volta<\/p>\n\n\n\n<p>\u2013&nbsp;<strong>tektonska jezera<\/strong>&nbsp;\u2013 Tanganjika, Malavi \u2013 dio tektonskog jarka,<\/p>\n\n\n\n<p><strong>\u2013 najve\u0107e jezero \u2013&nbsp;<\/strong>Viktorijino jezero<\/p>\n\n\n\n<p>\u2013&nbsp;<strong>problemi<\/strong>: \u0161irenje pustinja, nedostatak vode, zara\u017eena i zaga\u0111ena voda<\/p>\n\n\n\n<h4 class=\"wp-block-heading\"><a href=\"http:\/\/vesna-janko.from.hr\/?page_id=1236\" target=\"_blank\" rel=\"noopener noreferrer\">Sa\u017eetak<\/a><\/h4>\n","protected":false},"excerpt":{"rendered":"<p>\u0160to \u0107e\u0161 nau\u010diti Tijek nastavnog sata Geobilje\u0161ke Voda na kopnu u Africi \u2013&nbsp;malo rijeka, ali bogate vodom&nbsp;(Nil, Kongo, Niger, Zambezi\u2026) \u2013&nbsp;Nil&nbsp;\u2013 okosnica \u017eivota Egipta \u2013 hidroenergija, navodnjavanje, promet \u2013&nbsp;akumulacijska jezera&nbsp;\u2013 Nasser, Volta \u2013&nbsp;tektonska jezera&nbsp;\u2013 Tanganjika, Malavi \u2013 dio tektonskog jarka, \u2013 najve\u0107e jezero \u2013&nbsp;Viktorijino jezero \u2013&nbsp;problemi: \u0161irenje pustinja, nedostatak vode,&#8230; <a href=\"https:\/\/vesnajanko.eu\/?page_id=978\" class=\"readmore\">Vi\u0161e<span class=\"screen-reader-text\">&#8220;Voda na kopnu u Africi&#8221;<\/span><\/a><\/p>\n","protected":false},"author":1,"featured_media":0,"parent":7245,"menu_order":0,"comment_status":"closed","ping_status":"closed","template":"templates\/page-full-width.php","meta":{"footnotes":""},"class_list":["post-978","page","type-page","status-publish","hentry"],"_links":{"self":[{"href":"https:\/\/vesnajanko.eu\/index.php?rest_route=\/wp\/v2\/pages\/978","targetHints":{"allow":["GET"]}}],"collection":[{"href":"https:\/\/vesnajanko.eu\/index.php?rest_route=\/wp\/v2\/pages"}],"about":[{"href":"https:\/\/vesnajanko.eu\/index.php?rest_route=\/wp\/v2\/types\/page"}],"author":[{"embeddable":true,"href":"https:\/\/vesnajanko.eu\/index.php?rest_route=\/wp\/v2\/users\/1"}],"replies":[{"embeddable":true,"href":"https:\/\/vesnajanko.eu\/index.php?rest_route=%2Fwp%2Fv2%2Fcomments&post=978"}],"version-history":[{"count":12,"href":"https:\/\/vesnajanko.eu\/index.php?rest_route=\/wp\/v2\/pages\/978\/revisions"}],"predecessor-version":[{"id":9644,"href":"https:\/\/vesnajanko.eu\/index.php?rest_route=\/wp\/v2\/pages\/978\/revisions\/9644"}],"up":[{"embeddable":true,"href":"https:\/\/vesnajanko.eu\/index.php?rest_route=\/wp\/v2\/pages\/7245"}],"wp:attachment":[{"href":"https:\/\/vesnajanko.eu\/index.php?rest_route=%2Fwp%2Fv2%2Fmedia&parent=978"}],"curies":[{"name":"wp","href":"https:\/\/api.w.org\/{rel}","templated":true}]}}