{"id":9769,"date":"2025-04-06T15:56:55","date_gmt":"2025-04-06T14:56:55","guid":{"rendered":"https:\/\/vesnajanko.eu\/?page_id=9769"},"modified":"2026-04-08T18:35:00","modified_gmt":"2026-04-08T17:35:00","slug":"drustveno-geografska-obiljezja-zapadne-europe","status":"publish","type":"page","link":"https:\/\/vesnajanko.eu\/?page_id=9769","title":{"rendered":"Dru\u0161tveno-geografska obilje\u017eja Zapadne Europe"},"content":{"rendered":"\n<iframe loading=\"lazy\" src=\"https:\/\/docs.google.com\/presentation\/d\/e\/2PACX-1vSANa99AYnq6-KkVYum21koz7LKMpJ6TfNWJZ2FzpXM4SRZNL8Zv-9DgCsCFb0tG05n5G6-BdB6nBdJ\/embed?start=false&#038;loop=false&#038;delayms=3000\" frameborder=\"0\" width=\"960\" height=\"569\" allowfullscreen=\"true\" mozallowfullscreen=\"true\" webkitallowfullscreen=\"true\"><\/iframe>\n\n\n\n<div style=\"height:63px\" aria-hidden=\"true\" class=\"wp-block-spacer\"><\/div>\n\n\n\n<textarea id=\"w3review\" name=\"w3review\" rows=\"5\" cols=\"50\">\n(Ovdje ukratko napi\u0161ite odgovore. Tekst se NE pohranjuje.)\n<\/textarea>\n\n\n\n<div style=\"height:63px\" aria-hidden=\"true\" class=\"wp-block-spacer\"><\/div>\n\n\n\n<p class=\"has-pale-cyan-blue-background-color has-background has-medium-font-size\">Geobilje\u017enica<\/p>\n\n\n\n<p class=\"has-text-align-left\"><a href=\"https:\/\/docs.google.com\/document\/d\/e\/2PACX-1vQ2zZtuRMHeXpLHp2MacBoTxDzkXA_HIInEO0_j8gRbzWVZKxN4v1oJU8nZy7WrZjn3aH8l0pqO-mse\/pub\" target=\"_blank\" rel=\"noreferrer noopener\">Dru\u0161tveno-geografska obilje\u017eja Zapadne Europe<\/a><\/p>\n\n\n\n<p><\/p>\n","protected":false},"excerpt":{"rendered":"<p>(Ovdje ukratko napi\u0161ite odgovore. Tekst se NE pohranjuje.) Geobilje\u017enica Dru\u0161tveno-geografska obilje\u017eja Zapadne Europe<\/p>\n","protected":false},"author":1,"featured_media":0,"parent":6797,"menu_order":0,"comment_status":"closed","ping_status":"closed","template":"templates\/page-full-width.php","meta":{"footnotes":""},"class_list":["post-9769","page","type-page","status-publish","hentry"],"_links":{"self":[{"href":"https:\/\/vesnajanko.eu\/index.php?rest_route=\/wp\/v2\/pages\/9769","targetHints":{"allow":["GET"]}}],"collection":[{"href":"https:\/\/vesnajanko.eu\/index.php?rest_route=\/wp\/v2\/pages"}],"about":[{"href":"https:\/\/vesnajanko.eu\/index.php?rest_route=\/wp\/v2\/types\/page"}],"author":[{"embeddable":true,"href":"https:\/\/vesnajanko.eu\/index.php?rest_route=\/wp\/v2\/users\/1"}],"replies":[{"embeddable":true,"href":"https:\/\/vesnajanko.eu\/index.php?rest_route=%2Fwp%2Fv2%2Fcomments&post=9769"}],"version-history":[{"count":7,"href":"https:\/\/vesnajanko.eu\/index.php?rest_route=\/wp\/v2\/pages\/9769\/revisions"}],"predecessor-version":[{"id":10253,"href":"https:\/\/vesnajanko.eu\/index.php?rest_route=\/wp\/v2\/pages\/9769\/revisions\/10253"}],"up":[{"embeddable":true,"href":"https:\/\/vesnajanko.eu\/index.php?rest_route=\/wp\/v2\/pages\/6797"}],"wp:attachment":[{"href":"https:\/\/vesnajanko.eu\/index.php?rest_route=%2Fwp%2Fv2%2Fmedia&parent=9769"}],"curies":[{"name":"wp","href":"https:\/\/api.w.org\/{rel}","templated":true}]}}