{"id":9621,"date":"2025-02-12T09:54:41","date_gmt":"2025-02-12T08:54:41","guid":{"rendered":"https:\/\/vesnajanko.eu\/?page_id=9621"},"modified":"2025-02-12T10:02:30","modified_gmt":"2025-02-12T09:02:30","slug":"narodnostna-i-vjerska-struktura-stanovnistva-hrvatske","status":"publish","type":"page","link":"https:\/\/vesnajanko.eu\/?page_id=9621","title":{"rendered":"Narodnostna i vjerska struktura stanovni\u0161tva Hrvatske"},"content":{"rendered":"\n<p class=\"has-pale-ocean-gradient-background has-background\"><a href=\"https:\/\/forms.office.com\/Pages\/ResponsePage.aspx?id=FvJamzTGgEurAgyaPQKQkeD-p3MIt-tMhmAIJAkTh-BUMEQ3M082VktUVjUyTzU0N1FCTEcxRTFYMS4u\" target=\"_blank\" rel=\"noreferrer noopener\">Nacionalna i vjerska struktura &#8211; odgovori uz pomo\u0107 ud\u017ebenika<\/a>, 101. stranica<\/p>\n\n\n\n<iframe loading=\"lazy\" src=\"https:\/\/docs.google.com\/presentation\/d\/e\/2PACX-1vSyteA4t_X0vjqUJ6tzHDfcKXfmnV-TUorDV-e3iG87qkKHZLU3ockH8F89GDfzHvtHx4yV1ftLYJP3\/embed?start=false&#038;loop=false&#038;delayms=3000\" frameborder=\"0\" width=\"960\" height=\"569\" allowfullscreen=\"true\" mozallowfullscreen=\"true\" webkitallowfullscreen=\"true\"><\/iframe>\n\n\n\n<p class=\"has-pale-cyan-blue-background-color has-background\">Geobilje\u0161ke<\/p>\n\n\n\n<p class=\"has-text-align-center\"><span style=\"text-decoration: underline;\">Narodnostna i vjerska struktura stanovni\u0161tva Hrvatske<\/span><\/p>\n\n\n\n<p>&#8211; ve\u0107inu \u010dine Hrvati &#8211; ostali su nacionalne manjine (Srbi, Bo\u0161njaci, Albanci, Talijani, Romi&#8230;)<br>&#8211; nacionalnim manjinama su zagarantirana sva prava <br>&#8211; ve\u0107inu \u010dine kr\u0161\u0107ani &#8211; najbrojniji katolici<br>&#8211; ostali su pravoslavni, muslimani, \u017eidovi, protestanti i <strong>ateisti<\/strong><br>&#8211; ateisti su osobe koje ne vjeruju u boga<\/p>\n","protected":false},"excerpt":{"rendered":"<p>Nacionalna i vjerska struktura &#8211; odgovori uz pomo\u0107 ud\u017ebenika, 101. stranica Geobilje\u0161ke Narodnostna i vjerska struktura stanovni\u0161tva Hrvatske &#8211; ve\u0107inu \u010dine Hrvati &#8211; ostali su nacionalne manjine (Srbi, Bo\u0161njaci, Albanci, Talijani, Romi&#8230;)&#8211; nacionalnim manjinama su zagarantirana sva prava &#8211; ve\u0107inu \u010dine kr\u0161\u0107ani &#8211; najbrojniji katolici&#8211; ostali su pravoslavni, muslimani, \u017eidovi,&#8230; <a href=\"https:\/\/vesnajanko.eu\/?page_id=9621\" class=\"readmore\">Vi\u0161e<span class=\"screen-reader-text\">&#8220;Narodnostna i vjerska struktura stanovni\u0161tva Hrvatske&#8221;<\/span><\/a><\/p>\n","protected":false},"author":1,"featured_media":0,"parent":5167,"menu_order":0,"comment_status":"closed","ping_status":"closed","template":"templates\/page-full-width.php","meta":{"footnotes":""},"class_list":["post-9621","page","type-page","status-publish","hentry"],"_links":{"self":[{"href":"https:\/\/vesnajanko.eu\/index.php?rest_route=\/wp\/v2\/pages\/9621","targetHints":{"allow":["GET"]}}],"collection":[{"href":"https:\/\/vesnajanko.eu\/index.php?rest_route=\/wp\/v2\/pages"}],"about":[{"href":"https:\/\/vesnajanko.eu\/index.php?rest_route=\/wp\/v2\/types\/page"}],"author":[{"embeddable":true,"href":"https:\/\/vesnajanko.eu\/index.php?rest_route=\/wp\/v2\/users\/1"}],"replies":[{"embeddable":true,"href":"https:\/\/vesnajanko.eu\/index.php?rest_route=%2Fwp%2Fv2%2Fcomments&post=9621"}],"version-history":[{"count":4,"href":"https:\/\/vesnajanko.eu\/index.php?rest_route=\/wp\/v2\/pages\/9621\/revisions"}],"predecessor-version":[{"id":9628,"href":"https:\/\/vesnajanko.eu\/index.php?rest_route=\/wp\/v2\/pages\/9621\/revisions\/9628"}],"up":[{"embeddable":true,"href":"https:\/\/vesnajanko.eu\/index.php?rest_route=\/wp\/v2\/pages\/5167"}],"wp:attachment":[{"href":"https:\/\/vesnajanko.eu\/index.php?rest_route=%2Fwp%2Fv2%2Fmedia&parent=9621"}],"curies":[{"name":"wp","href":"https:\/\/api.w.org\/{rel}","templated":true}]}}