{"id":9604,"date":"2025-02-09T17:43:54","date_gmt":"2025-02-09T16:43:54","guid":{"rendered":"https:\/\/vesnajanko.eu\/?page_id=9604"},"modified":"2025-03-05T10:13:35","modified_gmt":"2025-03-05T09:13:35","slug":"geopitalica-8","status":"publish","type":"page","link":"https:\/\/vesnajanko.eu\/?page_id=9604","title":{"rendered":"Geopitalica 8"},"content":{"rendered":"\n<p class=\"has-large-font-size\">Azija<\/p>\n\n\n\n<iframe loading=\"lazy\" style=\"max-width:100%\" src=\"https:\/\/wordwall.net\/hr\/embed\/52e5df006afa4827aac45591c6461c27?themeId=1&#038;templateId=8&#038;fontStackId=0\" width=\"900\" height=\"450\" frameborder=\"0\" allowfullscreen><\/iframe>\n\n\n\n<div style=\"height:53px\" aria-hidden=\"true\" class=\"wp-block-spacer\"><\/div>\n\n\n\n<p>1. Opi\u0161i geografski polo\u017eaj Azije (uz pomo\u0107 karte).<br>2. Koje va\u017ene paralele presijecaju Aziju? Prema tome, u kojim toplinskim pojasevima se nalazi?<br>3. Kako je nastala Himalaja?<br>4. Navedi barem tri velike nizine Azije.<br>5. Koja klima prevladava u Jugozapadnoj Aziji?<br>6. Kako pu\u0161u ljetni i zimski monsun ? Za\u0161to je to va\u017eno za \u017eivot u Aziji?<br>7. Navedi barem jednu pozitivnu i jednu negativnu posljedicu iskori\u0161tavanja nafte u Aziji.<br>8. Navedi barem tri primjera o\u010duvane kulturne ba\u0161tine u Aziji.<br>9. Navedi barem tri poljoprivredna proizvoda iz monsunske Azije.<br>10. Koje su tri velike cjeline Indije?<br>11. Koji su izvozni proizvodi Indije?<br>12. Koje su dvije velike cjeline Kine?<br>13. Koji su izvozni proizvodi Kine?<br>14. Kakav je geografski polo\u017eaj Japana?<br>15. Koji su izvozni proizvodi Japana?<\/p>\n\n\n\n<p>!<\/p>\n\n\n\n<!--nextpage-->\n\n\n\n<p class=\"has-large-font-size\">Afrika<\/p>\n\n\n\n<iframe loading=\"lazy\" style=\"max-width:100%\" src=\"https:\/\/wordwall.net\/hr\/embed\/92d59809267f4079a6841a060eee0bb3?themeId=1&#038;templateId=8&#038;fontStackId=0\" width=\"900\" height=\"450\" frameborder=\"0\" allowfullscreen><\/iframe>\n\n\n\n<div style=\"height:63px\" aria-hidden=\"true\" class=\"wp-block-spacer\"><\/div>\n\n\n\n<p>1. Kako to da se Afrika nalazi u \u010detiri Zemljine polutke?<br>2. Na koje oceane i mora izlazi Afrika?<br>3. Iz kojeg prakontinenta je nastala Afrika?<br>4. Koji dijelovi Afrike su reljefno mladog postanka?<br>5. Imenuj barem tri reljefna prostora niske Afrike.<br>6. Imenuj barem tri reljefna prostora visoke Afrike.<br>7. Koji razred klime prevladava u Africi i za\u0161to?<br>8. Koji prostori Afrike imaju pra\u0161umsku klimu?<br>9. Koji prostori Afrike imaju sredozemnu klimu?<br>10. Koji prostori Afrike imaju vru\u0107u pustinjsku klimu?<br>11. Imenuj tri najve\u0107e rijeke Afrike?<br>12. Koje je najve\u0107e jezero u Africi?<br>13. Objasni pojmove \u0161ot i vadi.<br>14. Koja jezera su dio afri\u010dke rasjedne doline?<br>15. Kakvo je prirodno kretanje stanovnika Afrike?<br>16. Koji gospodarski sektor zapo\u0161ljava najvi\u0161e stanovnika?<br>17. Koja su obilje\u017eja sekundarnog sektora?<br>18. Navedi barem tri problema&nbsp;s kojima se suo\u010dava stanovni\u0161tvo Afrike.<\/p>\n","protected":false},"excerpt":{"rendered":"<p>Azija 1. Opi\u0161i geografski polo\u017eaj Azije (uz pomo\u0107 karte).2. Koje va\u017ene paralele presijecaju Aziju? Prema tome, u kojim toplinskim pojasevima se nalazi?3. Kako je nastala Himalaja?4. Navedi barem tri velike nizine Azije.5. Koja klima prevladava u Jugozapadnoj Aziji?6. Kako pu\u0161u ljetni i zimski monsun ? Za\u0161to je to va\u017eno za&#8230; <a href=\"https:\/\/vesnajanko.eu\/?page_id=9604\" class=\"readmore\">Vi\u0161e<span class=\"screen-reader-text\">&#8220;Geopitalica 8&#8221;<\/span><\/a><\/p>\n","protected":false},"author":1,"featured_media":0,"parent":7493,"menu_order":0,"comment_status":"closed","ping_status":"closed","template":"templates\/page-full-width.php","meta":{"footnotes":""},"class_list":["post-9604","page","type-page","status-publish","hentry"],"_links":{"self":[{"href":"https:\/\/vesnajanko.eu\/index.php?rest_route=\/wp\/v2\/pages\/9604","targetHints":{"allow":["GET"]}}],"collection":[{"href":"https:\/\/vesnajanko.eu\/index.php?rest_route=\/wp\/v2\/pages"}],"about":[{"href":"https:\/\/vesnajanko.eu\/index.php?rest_route=\/wp\/v2\/types\/page"}],"author":[{"embeddable":true,"href":"https:\/\/vesnajanko.eu\/index.php?rest_route=\/wp\/v2\/users\/1"}],"replies":[{"embeddable":true,"href":"https:\/\/vesnajanko.eu\/index.php?rest_route=%2Fwp%2Fv2%2Fcomments&post=9604"}],"version-history":[{"count":12,"href":"https:\/\/vesnajanko.eu\/index.php?rest_route=\/wp\/v2\/pages\/9604\/revisions"}],"predecessor-version":[{"id":9668,"href":"https:\/\/vesnajanko.eu\/index.php?rest_route=\/wp\/v2\/pages\/9604\/revisions\/9668"}],"up":[{"embeddable":true,"href":"https:\/\/vesnajanko.eu\/index.php?rest_route=\/wp\/v2\/pages\/7493"}],"wp:attachment":[{"href":"https:\/\/vesnajanko.eu\/index.php?rest_route=%2Fwp%2Fv2%2Fmedia&parent=9604"}],"curies":[{"name":"wp","href":"https:\/\/api.w.org\/{rel}","templated":true}]}}