{"id":955,"date":"2016-01-17T17:27:01","date_gmt":"2016-01-17T17:27:01","guid":{"rendered":"https:\/\/vesnajanko.eu\/?page_id=955"},"modified":"2026-03-04T19:20:19","modified_gmt":"2026-03-04T18:20:19","slug":"6-33-klime-i-biljni-svijet-afrike","status":"publish","type":"page","link":"https:\/\/vesnajanko.eu\/?page_id=955","title":{"rendered":"Klime i biljni svijet Afrike"},"content":{"rendered":"\n<p><span style=\"text-decoration: underline;\">Uvod<\/span><\/p>\n\n\n\n<p><span style=\"color: #333333; font-family: 'Helvetica Neue', Helvetica, Arial, 'Nimbus Sans L', sans-serif; font-style: normal;\">Pogledaj <strong><a rel=\"noopener noreferrer\" href=\"https:\/\/youtu.be\/7njmXZL0Sx8\" target=\"_blank\">video<\/a><\/strong>.<\/span><br>Kako ti mo\u017ee\u0161 pridonijeti smanjivanju globalnog zatopljenja?<\/p>\n\n\n\n<p><span style=\"text-decoration: underline;\">Glavni dio sata<\/span><\/p>\n\n\n\n<p class=\"has-pale-ocean-gradient-background has-background\">Pogledaj&nbsp;<strong><a rel=\"noreferrer noopener\" aria-label=\"radni materijal (otvara se u novoj kartici)\" href=\"https:\/\/docs.google.com\/presentation\/d\/e\/2PACX-1vRVtOSKuRoSiUUI9xFEp9RoLpcllqhLLRAqdhXg542GJJfOt6JrPJkbbJKFRefy2ZXawbB4gJX1hfg7\/pub?start=false&amp;loop=false&amp;delayms=3000\" target=\"_blank\">radni materijal<\/a><\/strong>.<br>Prati izlaganje i popuni tablicu u bilje\u017enici:<\/p>\n\n\n\n<figure class=\"wp-block-table is-style-regular\"><table><tbody><tr><td><strong>tip<\/strong> <strong>klime<\/strong><\/td><td><strong>obilje\u017eja klime<\/strong><\/td><td><strong>biljni i <br>\u017eivotinjski <br>svijet<\/strong><\/td><\/tr><tr><td>pra\u0161umska<\/td><td><\/td><td><\/td><\/tr><tr><td>savanska<\/td><td><\/td><td><\/td><\/tr><tr><td>stepska<\/td><td><\/td><td><\/td><\/tr><tr><td>pustinjska<\/td><td><\/td><td><\/td><\/tr><tr><td>sredozemna<\/td><td><\/td><td><\/td><\/tr><\/tbody><\/table><\/figure>\n\n\n\n<p><u>Zavr\u0161ni dio sata<\/u><br>Pregled u\u010deni\u010dkih radova.<\/p>\n\n\n\n<h4 class=\"wp-block-heading\"><a href=\"https:\/\/docs.google.com\/document\/d\/e\/2PACX-1vQ0QopkV2UbE1EiZXd97CSm-Wzpj42n09eWT-KcuX4YAm_ZcHbSYWzT384dwR75-uueHH-KcDftewu_\/pub\" target=\"_blank\" rel=\"noreferrer noopener\">Geobilje\u0161ke<\/a><\/h4>\n","protected":false},"excerpt":{"rendered":"<p>Uvod Pogledaj video.Kako ti mo\u017ee\u0161 pridonijeti smanjivanju globalnog zatopljenja? Glavni dio sata Pogledaj&nbsp;radni materijal.Prati izlaganje i popuni tablicu u bilje\u017enici: tip klime obilje\u017eja klime biljni i \u017eivotinjski svijet pra\u0161umska savanska stepska pustinjska sredozemna Zavr\u0161ni dio sataPregled u\u010deni\u010dkih radova. Geobilje\u0161ke<\/p>\n","protected":false},"author":1,"featured_media":0,"parent":9,"menu_order":0,"comment_status":"closed","ping_status":"closed","template":"","meta":{"footnotes":""},"class_list":["post-955","page","type-page","status-publish","hentry"],"_links":{"self":[{"href":"https:\/\/vesnajanko.eu\/index.php?rest_route=\/wp\/v2\/pages\/955","targetHints":{"allow":["GET"]}}],"collection":[{"href":"https:\/\/vesnajanko.eu\/index.php?rest_route=\/wp\/v2\/pages"}],"about":[{"href":"https:\/\/vesnajanko.eu\/index.php?rest_route=\/wp\/v2\/types\/page"}],"author":[{"embeddable":true,"href":"https:\/\/vesnajanko.eu\/index.php?rest_route=\/wp\/v2\/users\/1"}],"replies":[{"embeddable":true,"href":"https:\/\/vesnajanko.eu\/index.php?rest_route=%2Fwp%2Fv2%2Fcomments&post=955"}],"version-history":[{"count":24,"href":"https:\/\/vesnajanko.eu\/index.php?rest_route=\/wp\/v2\/pages\/955\/revisions"}],"predecessor-version":[{"id":10239,"href":"https:\/\/vesnajanko.eu\/index.php?rest_route=\/wp\/v2\/pages\/955\/revisions\/10239"}],"up":[{"embeddable":true,"href":"https:\/\/vesnajanko.eu\/index.php?rest_route=\/wp\/v2\/pages\/9"}],"wp:attachment":[{"href":"https:\/\/vesnajanko.eu\/index.php?rest_route=%2Fwp%2Fv2%2Fmedia&parent=955"}],"curies":[{"name":"wp","href":"https:\/\/api.w.org\/{rel}","templated":true}]}}