{"id":939,"date":"2016-01-14T17:58:49","date_gmt":"2016-01-14T17:58:49","guid":{"rendered":"https:\/\/vesnajanko.eu\/?page_id=939"},"modified":"2025-02-05T10:12:10","modified_gmt":"2025-02-05T09:12:10","slug":"6-32-reljef-afrike","status":"publish","type":"page","link":"https:\/\/vesnajanko.eu\/?page_id=939","title":{"rendered":"Reljef Afrike"},"content":{"rendered":"\n<h4 class=\"wp-block-heading\">Tijek nastavnog sata<\/h4>\n\n\n\n<p><span style=\"text-decoration: underline;\">Uvod<\/span><\/p>\n\n\n\n<p>Pogledaj video o <a href=\"https:\/\/youtu.be\/HNLpTiSnHRg\" target=\"_blank\" rel=\"noopener noreferrer\"><strong>vulkanu Kilimand\u017earu<\/strong><\/a>.<br>1. Gdje je smje\u0161ten Kilimand\u017earo?<br>2. Po \u010demu je zna\u010dajan Kilimand\u017earo?<br>3. Za\u0161to planinari moraju imati razli\u010ditu odje\u0107u, od one lagene pa do veoma tople?<\/p>\n\n\n\n<p><span style=\"text-decoration: underline;\">Glavni dio sata<\/span><\/p>\n\n\n\n<p>Pogledaj <a href=\"https:\/\/carnet-my.sharepoint.com\/personal\/vesna_janko_skole_hr\/_layouts\/15\/guestaccess.aspx?guestaccesstoken=rGOg378Cd5YqT%2f44e8iYUDxRPhyZpIoBRDqNZ5loUKU%3d&amp;docid=0e1069cabefd3496f8092031defc5ff48\" target=\"_blank\" rel=\"noopener noreferrer\"><strong>radni materijal<\/strong><\/a> i <a href=\"http:\/\/arcg.is\/2iUApKd\" target=\"_blank\" rel=\"noopener noreferrer\"><strong>interaktivnu kartu<\/strong><\/a>.<\/p>\n\n\n\n<iframe loading=\"lazy\" src=\"https:\/\/docs.google.com\/presentation\/d\/e\/2PACX-1vSQC2ZQJQO9ECwFuwSJ8saNlf7nlabS_MHeE8-ZVF9vdbqoCscZNW-kTWllOr2wKos3sFeSh_U8_Jr1\/embed?start=false&#038;loop=false&#038;delayms=3000\" frameborder=\"0\" width=\"960\" height=\"749\" allowfullscreen=\"true\" mozallowfullscreen=\"true\" webkitallowfullscreen=\"true\"><\/iframe>\n\n\n\n<p><span style=\"text-decoration: underline;\">Ponavljanje<\/span><\/p>\n\n\n\n<p>Vje\u017ebe na karti:<\/p>\n\n\n\n<ul class=\"wp-block-list\">\n<li><a href=\"https:\/\/learningapps.org\/watch?v=pupifjm5t19\" target=\"_blank\" rel=\"noopener noreferrer\"><strong>Vje\u017eba na karti<\/strong><\/a>.<\/li>\n<\/ul>\n\n\n\n<div style=\"height:55px\" aria-hidden=\"true\" class=\"wp-block-spacer\"><\/div>\n\n\n\n<p class=\"has-pale-cyan-blue-background-color has-background has-medium-font-size\">Geobilje\u0161ke<\/p>\n\n\n\n<p class=\"has-text-align-center\"><span style=\"text-decoration: underline;\">Reljef Afrike<\/span><\/p>\n\n\n\n<figure class=\"wp-block-table\"><table><tbody><tr><td><strong>niska Afrika&nbsp;&nbsp;&nbsp;&nbsp;&nbsp;&nbsp;&nbsp;&nbsp;&nbsp;<\/strong><\/td><td><strong>visoka Afrika<\/strong><\/td><\/tr><tr><td>planina Atlas, visoravan Sahara, visoravan Sudan, \u010cadska zavala, zavala rijeke Kongo<\/td><td>Etiopsko \u2013 jezersko viso\u010dje, Ju\u017enoafri\u010dko viso\u010dje, zavala Kalahari<\/td><\/tr><\/tbody><\/table><\/figure>\n\n\n\n<ul class=\"wp-block-list\">\n<li>Afri\u010dka rasjedna dolina<\/li>\n<\/ul>\n","protected":false},"excerpt":{"rendered":"<p>Tijek nastavnog sata Uvod Pogledaj video o vulkanu Kilimand\u017earu.1. Gdje je smje\u0161ten Kilimand\u017earo?2. Po \u010demu je zna\u010dajan Kilimand\u017earo?3. Za\u0161to planinari moraju imati razli\u010ditu odje\u0107u, od one lagene pa do veoma tople? Glavni dio sata Pogledaj radni materijal i interaktivnu kartu. Ponavljanje Vje\u017ebe na karti: Geobilje\u0161ke Reljef Afrike niska Afrika&nbsp;&nbsp;&nbsp;&nbsp;&nbsp;&nbsp;&nbsp;&nbsp;&nbsp; visoka&#8230; <a href=\"https:\/\/vesnajanko.eu\/?page_id=939\" class=\"readmore\">Vi\u0161e<span class=\"screen-reader-text\">&#8220;Reljef Afrike&#8221;<\/span><\/a><\/p>\n","protected":false},"author":1,"featured_media":0,"parent":7245,"menu_order":0,"comment_status":"closed","ping_status":"closed","template":"templates\/page-full-width.php","meta":{"footnotes":""},"class_list":["post-939","page","type-page","status-publish","hentry"],"_links":{"self":[{"href":"https:\/\/vesnajanko.eu\/index.php?rest_route=\/wp\/v2\/pages\/939","targetHints":{"allow":["GET"]}}],"collection":[{"href":"https:\/\/vesnajanko.eu\/index.php?rest_route=\/wp\/v2\/pages"}],"about":[{"href":"https:\/\/vesnajanko.eu\/index.php?rest_route=\/wp\/v2\/types\/page"}],"author":[{"embeddable":true,"href":"https:\/\/vesnajanko.eu\/index.php?rest_route=\/wp\/v2\/users\/1"}],"replies":[{"embeddable":true,"href":"https:\/\/vesnajanko.eu\/index.php?rest_route=%2Fwp%2Fv2%2Fcomments&post=939"}],"version-history":[{"count":20,"href":"https:\/\/vesnajanko.eu\/index.php?rest_route=\/wp\/v2\/pages\/939\/revisions"}],"predecessor-version":[{"id":9600,"href":"https:\/\/vesnajanko.eu\/index.php?rest_route=\/wp\/v2\/pages\/939\/revisions\/9600"}],"up":[{"embeddable":true,"href":"https:\/\/vesnajanko.eu\/index.php?rest_route=\/wp\/v2\/pages\/7245"}],"wp:attachment":[{"href":"https:\/\/vesnajanko.eu\/index.php?rest_route=%2Fwp%2Fv2%2Fmedia&parent=939"}],"curies":[{"name":"wp","href":"https:\/\/api.w.org\/{rel}","templated":true}]}}