{"id":8831,"date":"2024-01-09T17:31:47","date_gmt":"2024-01-09T16:31:47","guid":{"rendered":"https:\/\/vesnajanko.eu\/?page_id=8831"},"modified":"2025-02-09T18:03:45","modified_gmt":"2025-02-09T17:03:45","slug":"geopitalica-drustveno-geografska-obiljezja-europe","status":"publish","type":"page","link":"https:\/\/vesnajanko.eu\/?page_id=8831","title":{"rendered":"Geopitalica 7"},"content":{"rendered":"\n<p class=\"has-large-font-size\">Dru\u0161tveno-geografska obilje\u017eja Europe<\/p>\n\n\n\n<p><a href=\"https:\/\/www.randomlists.com\/random-numbers?dup=false&amp;qty=5&amp;max=10&amp;min=1\" target=\"_blank\" rel=\"noreferrer noopener\">Slu\u010dajni odabir<\/a><\/p>\n\n\n\n<p><strong>Tematska karta na stranici 47.<\/strong><br>1.  Koje regije Europe imaju negativnu prirodnu promjenu.<br>2. Koja dr\u017eava Srednje Europe ima najvi\u0161i prirodni porast?<\/p>\n\n\n\n<p><strong>Dobno-spolna struktura na stranici 48.<\/strong><br>3. Kojeg spola prevladavaju osobe dobne skupine starih?<br>4. Koja dobna skupina ima najvi\u0161e stanovnika?<\/p>\n\n\n\n<p><strong>Tematska karta na stranici 49.<\/strong><br>5. Koja europska dr\u017eava ima najve\u0107i udio starih?<\/p>\n\n\n\n<p><strong>Tematska karta na stranici 59.<\/strong><br>6. U kojoj europskoj regiji prevladava \u0161umarstvo?<br>7. U kojim morima se nalaze zna\u010dajna ribolovna podru\u010dja?<br>8. Koje regije se isti\u010du po ratarstvu i uzgoju \u017eitarica? <\/p>\n\n\n\n<p><strong>Grafikon na stranici 61.<\/strong><br>9. Koji sektor djelatnosti ima najvi\u0161e zaposlenih u suvremeno doba?<br>10. Koji sektor djelatnosti je do\u017eivio najve\u0107i pad zaposlenih od 19. stolje\u0107a do danas?<\/p>\n","protected":false},"excerpt":{"rendered":"<p>Dru\u0161tveno-geografska obilje\u017eja Europe Slu\u010dajni odabir Tematska karta na stranici 47.1. Koje regije Europe imaju negativnu prirodnu promjenu.2. Koja dr\u017eava Srednje Europe ima najvi\u0161i prirodni porast? Dobno-spolna struktura na stranici 48.3. Kojeg spola prevladavaju osobe dobne skupine starih?4. Koja dobna skupina ima najvi\u0161e stanovnika? Tematska karta na stranici 49.5. Koja europska&#8230; <a href=\"https:\/\/vesnajanko.eu\/?page_id=8831\" class=\"readmore\">Vi\u0161e<span class=\"screen-reader-text\">&#8220;Geopitalica 7&#8221;<\/span><\/a><\/p>\n","protected":false},"author":1,"featured_media":0,"parent":7493,"menu_order":0,"comment_status":"closed","ping_status":"closed","template":"","meta":{"footnotes":""},"class_list":["post-8831","page","type-page","status-publish","hentry"],"_links":{"self":[{"href":"https:\/\/vesnajanko.eu\/index.php?rest_route=\/wp\/v2\/pages\/8831","targetHints":{"allow":["GET"]}}],"collection":[{"href":"https:\/\/vesnajanko.eu\/index.php?rest_route=\/wp\/v2\/pages"}],"about":[{"href":"https:\/\/vesnajanko.eu\/index.php?rest_route=\/wp\/v2\/types\/page"}],"author":[{"embeddable":true,"href":"https:\/\/vesnajanko.eu\/index.php?rest_route=\/wp\/v2\/users\/1"}],"replies":[{"embeddable":true,"href":"https:\/\/vesnajanko.eu\/index.php?rest_route=%2Fwp%2Fv2%2Fcomments&post=8831"}],"version-history":[{"count":5,"href":"https:\/\/vesnajanko.eu\/index.php?rest_route=\/wp\/v2\/pages\/8831\/revisions"}],"predecessor-version":[{"id":9614,"href":"https:\/\/vesnajanko.eu\/index.php?rest_route=\/wp\/v2\/pages\/8831\/revisions\/9614"}],"up":[{"embeddable":true,"href":"https:\/\/vesnajanko.eu\/index.php?rest_route=\/wp\/v2\/pages\/7493"}],"wp:attachment":[{"href":"https:\/\/vesnajanko.eu\/index.php?rest_route=%2Fwp%2Fv2%2Fmedia&parent=8831"}],"curies":[{"name":"wp","href":"https:\/\/api.w.org\/{rel}","templated":true}]}}