{"id":8621,"date":"2023-10-02T18:30:50","date_gmt":"2023-10-02T17:30:50","guid":{"rendered":"https:\/\/vesnajanko.eu\/?page_id=8621"},"modified":"2023-10-02T18:56:59","modified_gmt":"2023-10-02T17:56:59","slug":"vrijeme-klima-klimatski-elementi-ponavljanje","status":"publish","type":"page","link":"https:\/\/vesnajanko.eu\/?page_id=8621","title":{"rendered":"Vrijeme, klima, klimatski elementi \u2013 ponavljanje"},"content":{"rendered":"\n<p><a rel=\"noreferrer noopener\" href=\"https:\/\/create.kahoot.it\/share\/zasto-je-vazno-pratiti-vremensku-prognozu\/d1368346-6ad2-48c4-b311-49d941f3a058\" data-type=\"link\" data-id=\"https:\/\/create.kahoot.it\/share\/zasto-je-vazno-pratiti-vremensku-prognozu\/d1368346-6ad2-48c4-b311-49d941f3a058\" target=\"_blank\">Za\u0161to je va\u017eno pratiti vremensku prognozu<\/a> &#8211; kviz igra<\/p>\n\n\n\n<p><a href=\"https:\/\/www.e-sfera.hr\/prelistaj-udzbenik\/1296eb8f-16cf-49cf-8515-b66fd195ebcc\" data-type=\"link\" data-id=\"https:\/\/www.e-sfera.hr\/prelistaj-udzbenik\/1296eb8f-16cf-49cf-8515-b66fd195ebcc\" target=\"_blank\" rel=\"noreferrer noopener\">Radna bilje\u017enica Gea 2<\/a>: 7. (5.); 10. &#8211; 11. (5. &#8211; 9.)<\/p>\n\n\n\n<p><a rel=\"noreferrer noopener\" href=\"https:\/\/www.e-sfera.hr\/prelistaj-udzbenik\/bef876d7-ad10-477a-9bee-09eadb144e71\" data-type=\"link\" data-id=\"https:\/\/www.e-sfera.hr\/prelistaj-udzbenik\/bef876d7-ad10-477a-9bee-09eadb144e71\" target=\"_blank\">Nastavni listi\u0107i<\/a>: 1. (1.); 2. &#8211; 3. (1., 4.)<\/p>\n","protected":false},"excerpt":{"rendered":"<p>Za\u0161to je va\u017eno pratiti vremensku prognozu &#8211; kviz igra Radna bilje\u017enica Gea 2: 7. (5.); 10. &#8211; 11. (5. &#8211; 9.) Nastavni listi\u0107i: 1. (1.); 2. &#8211; 3. (1., 4.)<\/p>\n","protected":false},"author":1,"featured_media":0,"parent":5082,"menu_order":0,"comment_status":"closed","ping_status":"closed","template":"","meta":{"footnotes":""},"class_list":["post-8621","page","type-page","status-publish","hentry"],"_links":{"self":[{"href":"https:\/\/vesnajanko.eu\/index.php?rest_route=\/wp\/v2\/pages\/8621","targetHints":{"allow":["GET"]}}],"collection":[{"href":"https:\/\/vesnajanko.eu\/index.php?rest_route=\/wp\/v2\/pages"}],"about":[{"href":"https:\/\/vesnajanko.eu\/index.php?rest_route=\/wp\/v2\/types\/page"}],"author":[{"embeddable":true,"href":"https:\/\/vesnajanko.eu\/index.php?rest_route=\/wp\/v2\/users\/1"}],"replies":[{"embeddable":true,"href":"https:\/\/vesnajanko.eu\/index.php?rest_route=%2Fwp%2Fv2%2Fcomments&post=8621"}],"version-history":[{"count":3,"href":"https:\/\/vesnajanko.eu\/index.php?rest_route=\/wp\/v2\/pages\/8621\/revisions"}],"predecessor-version":[{"id":8627,"href":"https:\/\/vesnajanko.eu\/index.php?rest_route=\/wp\/v2\/pages\/8621\/revisions\/8627"}],"up":[{"embeddable":true,"href":"https:\/\/vesnajanko.eu\/index.php?rest_route=\/wp\/v2\/pages\/5082"}],"wp:attachment":[{"href":"https:\/\/vesnajanko.eu\/index.php?rest_route=%2Fwp%2Fv2%2Fmedia&parent=8621"}],"curies":[{"name":"wp","href":"https:\/\/api.w.org\/{rel}","templated":true}]}}