{"id":839,"date":"2016-01-02T12:49:46","date_gmt":"2016-01-02T12:49:46","guid":{"rendered":"https:\/\/vesnajanko.eu\/?page_id=839"},"modified":"2021-02-04T16:35:38","modified_gmt":"2021-02-04T15:35:38","slug":"atlas","status":"publish","type":"page","link":"https:\/\/vesnajanko.eu\/?page_id=839","title":{"rendered":"mGeoAtlas 2.1"},"content":{"rendered":"\n<div class=\"wp-block-columns is-layout-flex wp-container-core-columns-is-layout-9d6595d7 wp-block-columns-is-layout-flex\">\n<div class=\"wp-block-column is-layout-flow wp-block-column-is-layout-flow\" style=\"flex-basis:100%\">\n<div class=\"wp-block-image is-style-default\"><figure class=\"aligncenter size-large\"><a href=\"https:\/\/vesnajanko.eu\/wp-content\/uploads\/2021\/01\/WF-03.png\"><img loading=\"lazy\" decoding=\"async\" width=\"280\" height=\"141\" src=\"https:\/\/vesnajanko.eu\/wp-content\/uploads\/2021\/01\/WF-03.png\" alt=\"Najbolji mobilni web - 3 mjesto\nWebfestival 2013.\" class=\"wp-image-5504\"\/><\/a><\/figure><\/div>\n\n\n\n<p><strong>mGeoAtlas 2.1 <\/strong>nova je verzija web aplikacije koja je nagra\u0111ena 3. mjestom na CARNET-ovom Webfestivalu 2013. godine.<br><br>Mobilni geografski atlas za nastavu u osnovnoj \u0161koli, ali i za sve one koji vole geografiju. Cilj ovih stranica je pru\u017eiti pomo\u0107 u\u010denicima u snala\u017eenju na geografskim kartama tako da usredoto\u010de pa\u017enju na bitne sadr\u017eaje i dobiju informacije o njima pomo\u0107u multimedije. Web stranice se mogu koristiti na svim ure\u0111ajima, no osmi\u0161ljene su za rad na tabletnim ra\u010dunalima.<\/p>\n\n\n\n<h4 class=\"has-white-color has-vivid-cyan-blue-background-color has-text-color has-background wp-block-heading\">Sadr\u017eaj<\/h4>\n<\/div>\n<\/div>\n\n\n\n<ul class=\"has-background wp-block-list\" style=\"background-color:#e4e8ea\"><li><a href=\"https:\/\/vesnajanko.eu\/?page_id=2716\"><strong>Svijet<\/strong><\/a><\/li><li><a href=\"https:\/\/vesnajanko.eu\/?page_id=2922\">Hrvatska<\/a><ul><li><a href=\"https:\/\/vesnajanko.eu\/?page_id=5567\" data-type=\"page\" data-id=\"5567\">Primorska Hrvatska<\/a><\/li><li><a href=\"https:\/\/vesnajanko.eu\/?page_id=5585\" data-type=\"page\" data-id=\"5585\">Gorska Hrvatska<\/a><\/li><li><a href=\"https:\/\/vesnajanko.eu\/?page_id=5596\" data-type=\"page\" data-id=\"5596\">Panonska Hrvatska<\/a><\/li><\/ul><\/li><li><a href=\"https:\/\/vesnajanko.eu\/?page_id=2691\">Europa<\/a><ul><li><a href=\"https:\/\/vesnajanko.eu\/?page_id=2697\" data-type=\"page\" data-id=\"2697\">Srednja Europa<\/a><\/li><li><a href=\"https:\/\/vesnajanko.eu\/?page_id=5632\" data-type=\"page\" data-id=\"5632\">Ju\u017ena Europa<\/a><\/li><li><a href=\"https:\/\/vesnajanko.eu\/?page_id=5654\" data-type=\"page\" data-id=\"5654\">Jugoisto\u010dna Europa<\/a><\/li><li><a href=\"https:\/\/vesnajanko.eu\/?page_id=5796\" data-type=\"page\" data-id=\"5796\">Zapadna Europa<\/a><\/li><li>Sjeverna Europa<\/li><li>Isto\u010dna Europa<\/li><\/ul><\/li><li><a href=\"https:\/\/vesnajanko.eu\/?page_id=2741\">Azija<\/a><\/li><li><a href=\"https:\/\/vesnajanko.eu\/?page_id=5678\" data-type=\"page\" data-id=\"5678\">Afrika<\/a><\/li><li><a href=\"https:\/\/vesnajanko.eu\/?page_id=5814\" data-type=\"page\" data-id=\"5814\">Amerika<\/a><\/li><li><a href=\"https:\/\/vesnajanko.eu\/?page_id=5820\" data-type=\"page\" data-id=\"5820\">Australija i Oceanija<\/a><\/li><\/ul>\n\n\n\n<p><\/p>\n","protected":false},"excerpt":{"rendered":"<p>mGeoAtlas 2.1 nova je verzija web aplikacije koja je nagra\u0111ena 3. mjestom na CARNET-ovom Webfestivalu 2013. godine. Mobilni geografski atlas za nastavu u osnovnoj \u0161koli, ali i za sve one koji vole geografiju. Cilj ovih stranica je pru\u017eiti pomo\u0107 u\u010denicima u snala\u017eenju na geografskim kartama tako da usredoto\u010de pa\u017enju na&#8230; <a href=\"https:\/\/vesnajanko.eu\/?page_id=839\" class=\"readmore\">Vi\u0161e<span class=\"screen-reader-text\">&#8220;mGeoAtlas 2.1&#8221;<\/span><\/a><\/p>\n","protected":false},"author":1,"featured_media":0,"parent":0,"menu_order":0,"comment_status":"closed","ping_status":"closed","template":"templates\/page-full-width.php","meta":{"footnotes":""},"class_list":["post-839","page","type-page","status-publish","hentry"],"_links":{"self":[{"href":"https:\/\/vesnajanko.eu\/index.php?rest_route=\/wp\/v2\/pages\/839","targetHints":{"allow":["GET"]}}],"collection":[{"href":"https:\/\/vesnajanko.eu\/index.php?rest_route=\/wp\/v2\/pages"}],"about":[{"href":"https:\/\/vesnajanko.eu\/index.php?rest_route=\/wp\/v2\/types\/page"}],"author":[{"embeddable":true,"href":"https:\/\/vesnajanko.eu\/index.php?rest_route=\/wp\/v2\/users\/1"}],"replies":[{"embeddable":true,"href":"https:\/\/vesnajanko.eu\/index.php?rest_route=%2Fwp%2Fv2%2Fcomments&post=839"}],"version-history":[{"count":123,"href":"https:\/\/vesnajanko.eu\/index.php?rest_route=\/wp\/v2\/pages\/839\/revisions"}],"predecessor-version":[{"id":5822,"href":"https:\/\/vesnajanko.eu\/index.php?rest_route=\/wp\/v2\/pages\/839\/revisions\/5822"}],"wp:attachment":[{"href":"https:\/\/vesnajanko.eu\/index.php?rest_route=%2Fwp%2Fv2%2Fmedia&parent=839"}],"curies":[{"name":"wp","href":"https:\/\/api.w.org\/{rel}","templated":true}]}}