{"id":8258,"date":"2023-08-21T14:53:17","date_gmt":"2023-08-21T13:53:17","guid":{"rendered":"https:\/\/vesnajanko.eu\/?page_id=8258"},"modified":"2025-05-16T09:20:29","modified_gmt":"2025-05-16T08:20:29","slug":"6-5-bastina-hrvatske","status":"publish","type":"page","link":"https:\/\/vesnajanko.eu\/?page_id=8258","title":{"rendered":"6.5. Hrvatska ba\u0161tina"},"content":{"rendered":"\n<p class=\"has-large-font-size\">Za\u0161to na\u0161u domovinu zovemo Lijepa na\u0161a?<\/p>\n\n\n\n<p class=\"has-pale-cyan-blue-background-color has-background has-small-font-size\"><span class='tooltipsall tooltipsincontent classtoolTips25'>GEO O\u0160 C.A.6.1.<\/span> U\u010denik razlikuje kategorije za\u0161tite prirode, navodi primjere za\u0161ti\u0107ene prirodne i kulturne ba\u0161tine u Hrvatskoj, obja\u0161njava va\u017enost za\u0161ti\u0107enih podru\u010dja i lokaliteta kao gospodarskoga potencijala i elementa identiteta te sudjeluje u aktivnostima \u010duvanja i adekvatnoga vrednovanja ba\u0161tine na lokalnoj, regionalnoj i nacionalnoj razini.<\/p>\n\n\n\n<p class=\"has-cyan-bluish-gray-background-color has-background has-small-font-size\">odr A.3.1. Obja\u0161njava osnovne sastavnice prirodne raznolikosti.<br>odr A.3.3. Razmatra uzroke ugro\u017eenosti prirode.<br>odr A.3.4. Obja\u0161njava povezanost ekonomskih aktivnosti sa stanjem u okoli\u0161u i dru\u0161tvu.<br>odr B.3.1. Prosu\u0111uje kako razli\u010diti oblici djelovanja utje\u010du na odr\u017eivi razvoj.<br>odr C.3.1.&nbsp; Mo\u017ee objasniti kako stanje u okoli\u0161u utje\u010de na dobrobit.<br>odr C.3.2. Navodi primjere utjecaja ekonomije na dobrobit.<br>ikt A.3.2.&nbsp; U\u010denik se samostalno koristi raznim ure\u0111ajima i programima.<\/p>\n\n\n\n<p class=\"has-medium-font-size\">U ud\u017ebeniku 144. &#8211; 163. stranice.<\/p>\n\n\n\n<figure class=\"wp-block-table is-style-stripes\"><table><thead><tr><th><strong>Podteme<\/strong> (lekcije)<\/th><th>plan<\/th><\/tr><\/thead><tbody><tr><td><a href=\"https:\/\/vesnajanko.eu\/?page_id=6994\">Prirodna i kulturna ba\u0161tina Hrvatske<\/a><br><a href=\"https:\/\/docs.google.com\/document\/d\/e\/2PACX-1vSxhYOAePeRLViV_roc_AYFhYpKyvVoAxG6EX80wMgVxbV5iVEytBly8ODs81yA0jXtj90zZ86LeuzB\/pub\" target=\"_blank\" rel=\"noreferrer noopener\">Prirodna i kulturna ba\u0161tina Primorske Hrvatske<\/a><\/td><td><\/td><\/tr><tr><td><a href=\"https:\/\/docs.google.com\/document\/d\/e\/2PACX-1vRT6Jf_xWBiGkLrkdHMIFAsqlfd_hRrUJ9jg4IiqNpxM__rdU-VmsES5qe9mG2ihZUBuxkMVXu64XoR\/pub\" target=\"_blank\" rel=\"noreferrer noopener\">Prirodna i kulturna ba\u0161tina Gorske Hrvatske<\/a><br><a href=\"https:\/\/docs.google.com\/document\/d\/e\/2PACX-1vRHcCjpnCkjrex5F9Hh2wzX8Wwxn010tYMGsUtO8PyThVFQaWCCynAZuS0LtYjhpSIH_Limvi41a4hK\/pub\" target=\"_blank\" rel=\"noreferrer noopener\">Prirodna i kulturna ba\u0161tina Panonske Hrvatske<\/a><\/td><td><\/td><\/tr><\/tbody><\/table><\/figure>\n\n\n\n<p class=\"has-light-green-cyan-background-color has-background\">Geografija i \u017eivot (Geo\u017eivot)<\/p>\n\n\n\n<p>Jeste li bili u jednom od hrvatskih nacionalnih parkova ili parkova prirode? \u017delite li posjetiti jedan od njih? Opi\u0161ite taj stvarni ili zami\u0161ljeni posjet \u0161to se tamo mo\u017ee vidjeti ili do\u017eivjeti.<\/p>\n<script type=\"text\/javascript\"> toolTips('.classtoolTips25','U\u010denik razlikuje kategorije za\u0161tite prirode, navodi primjere za\u0161ti\u0107ene prirodne i kulturne ba\u0161tine u Hrvatskoj, obja\u0161njava va\u017enost za\u0161ti\u0107enih podru\u010dja i lokaliteta kao gospodarskoga potencijala i elementa identiteta te sudjeluje u aktivnostima \u010duvanja i adekvatnoga vrednovanja ba\u0161tine na lokalnoj, regionalnoj i nacionalnoj razini.'); <\/script>","protected":false},"excerpt":{"rendered":"<p>Za\u0161to na\u0161u domovinu zovemo Lijepa na\u0161a? GEO O\u0160 C.A.6.1. U\u010denik razlikuje kategorije za\u0161tite prirode, navodi primjere za\u0161ti\u0107ene prirodne i kulturne ba\u0161tine u Hrvatskoj, obja\u0161njava va\u017enost za\u0161ti\u0107enih podru\u010dja i lokaliteta kao gospodarskoga potencijala i elementa identiteta te sudjeluje u aktivnostima \u010duvanja i adekvatnoga vrednovanja ba\u0161tine na lokalnoj, regionalnoj i nacionalnoj razini&#8230;. <a href=\"https:\/\/vesnajanko.eu\/?page_id=8258\" class=\"readmore\">Vi\u0161e<span class=\"screen-reader-text\">&#8220;6.5. Hrvatska ba\u0161tina&#8221;<\/span><\/a><\/p>\n","protected":false},"author":1,"featured_media":0,"parent":4982,"menu_order":0,"comment_status":"closed","ping_status":"closed","template":"","meta":{"footnotes":""},"class_list":["post-8258","page","type-page","status-publish","hentry"],"_links":{"self":[{"href":"https:\/\/vesnajanko.eu\/index.php?rest_route=\/wp\/v2\/pages\/8258","targetHints":{"allow":["GET"]}}],"collection":[{"href":"https:\/\/vesnajanko.eu\/index.php?rest_route=\/wp\/v2\/pages"}],"about":[{"href":"https:\/\/vesnajanko.eu\/index.php?rest_route=\/wp\/v2\/types\/page"}],"author":[{"embeddable":true,"href":"https:\/\/vesnajanko.eu\/index.php?rest_route=\/wp\/v2\/users\/1"}],"replies":[{"embeddable":true,"href":"https:\/\/vesnajanko.eu\/index.php?rest_route=%2Fwp%2Fv2%2Fcomments&post=8258"}],"version-history":[{"count":10,"href":"https:\/\/vesnajanko.eu\/index.php?rest_route=\/wp\/v2\/pages\/8258\/revisions"}],"predecessor-version":[{"id":10004,"href":"https:\/\/vesnajanko.eu\/index.php?rest_route=\/wp\/v2\/pages\/8258\/revisions\/10004"}],"up":[{"embeddable":true,"href":"https:\/\/vesnajanko.eu\/index.php?rest_route=\/wp\/v2\/pages\/4982"}],"wp:attachment":[{"href":"https:\/\/vesnajanko.eu\/index.php?rest_route=%2Fwp%2Fv2%2Fmedia&parent=8258"}],"curies":[{"name":"wp","href":"https:\/\/api.w.org\/{rel}","templated":true}]}}