{"id":820,"date":"2015-11-29T18:54:57","date_gmt":"2015-11-29T18:54:57","guid":{"rendered":"https:\/\/vesnajanko.eu\/?page_id=820"},"modified":"2023-12-06T18:29:01","modified_gmt":"2023-12-06T17:29:01","slug":"6-23-tradicija-i-suvremenost","status":"publish","type":"page","link":"https:\/\/vesnajanko.eu\/?page_id=820","title":{"rendered":"Dru\u0161tvena obilje\u017eja i regije Azije"},"content":{"rendered":"\n<p><span style=\"text-decoration: underline;\">Uvod<\/span><\/p>\n\n\n\n<ul class=\"wp-block-list\">\n<li>poticanje znati\u017eelje<\/li>\n<\/ul>\n\n\n\n<p>Pogledajte <a href=\"https:\/\/youtu.be\/4R7ee-Rcb8I\" target=\"_blank\" rel=\"noopener\"><strong>videozapis<\/strong><\/a>.<br>Je li \u017eivot Indijaca vi\u0161e tradicionalan ili suvremen? Po \u010demu to zaklju\u010dujete?<\/p>\n\n\n\n<p><span style=\"text-decoration: underline;\">Glavni dio sata<\/span><\/p>\n\n\n\n<ul class=\"wp-block-list\">\n<li>nau\u010diti pojmove: stare kulture i civilizacije, suvremenost<\/li>\n\n\n\n<li>analiza grafi\u010dkih priloga, \u010ditanje geografske i tematske karte<\/li>\n\n\n\n<li>pa\u017eljivo slu\u0161anje i bilje\u017eenje, aktivni razgovor<\/li>\n<\/ul>\n\n\n\n<p class=\"has-pale-ocean-gradient-background has-background\"><a href=\"https:\/\/docs.google.com\/presentation\/d\/e\/2PACX-1vRFBgs7JCMfEbzyE56_D-PpSur6wPhQvJp13A-m_duIO_sP01TINgDQNDDziTghboMVdggzslsMHMg7\/pub?start=false&amp;loop=false&amp;delayms=3000\" target=\"_blank\" rel=\"noreferrer noopener\">Pogledaj <strong>prezentaciju<\/strong><\/a>.<\/p>\n\n\n\n<p><span style=\"text-decoration: underline;\">Zavr\u0161ni dio sata<\/span><\/p>\n\n\n\n<ul class=\"wp-block-list\">\n<li>formalno vrednovati aktivnost u\u010denika<\/li>\n<\/ul>\n\n\n\n<hr class=\"wp-block-separator has-alpha-channel-opacity\"\/>\n\n\n\n<h4 class=\"wp-block-heading has-pale-cyan-blue-background-color has-background\">Geobilje\u017enica<\/h4>\n\n\n\n<p class=\"has-text-align-center\"><span style=\"text-decoration: underline;\">Dru\u0161tvena obilje\u017eja i regije Azije<\/span><\/p>\n\n\n\n<ul class=\"wp-block-list\">\n<li>Azija&nbsp;<strong>vi\u0161e od polovice stanovni\u0161tva svijeta<\/strong><\/li>\n\n\n\n<li><strong>gusto naseljen kontinent<\/strong><\/li>\n\n\n\n<li><strong>nizine uz velike rijeke<\/strong>&nbsp;: Mezopotamija, Pand\u017eab, Hindustan, Assam, Bengal, Velika kineska nizina i Mand\u017eurija \u2013 \u201ckolijevke\u201d straih civilizacija<\/li>\n\n\n\n<li><strong>najra\u0161irenije vjere<\/strong>&nbsp;\u2013 budizam, islam i hinduizam \u2014&nbsp;razvijen vjerski turizam<\/li>\n\n\n\n<li>selidba u &nbsp;velike gradove (megagradovi) \u2013 Shanghai, Tokio, Peking, Singapur, Bangkok<\/li>\n<\/ul>\n","protected":false},"excerpt":{"rendered":"<p>Uvod Pogledajte videozapis.Je li \u017eivot Indijaca vi\u0161e tradicionalan ili suvremen? Po \u010demu to zaklju\u010dujete? Glavni dio sata Pogledaj prezentaciju. Zavr\u0161ni dio sata Geobilje\u017enica Dru\u0161tvena obilje\u017eja i regije Azije<\/p>\n","protected":false},"author":1,"featured_media":0,"parent":7242,"menu_order":0,"comment_status":"closed","ping_status":"closed","template":"","meta":{"footnotes":""},"class_list":["post-820","page","type-page","status-publish","hentry"],"_links":{"self":[{"href":"https:\/\/vesnajanko.eu\/index.php?rest_route=\/wp\/v2\/pages\/820","targetHints":{"allow":["GET"]}}],"collection":[{"href":"https:\/\/vesnajanko.eu\/index.php?rest_route=\/wp\/v2\/pages"}],"about":[{"href":"https:\/\/vesnajanko.eu\/index.php?rest_route=\/wp\/v2\/types\/page"}],"author":[{"embeddable":true,"href":"https:\/\/vesnajanko.eu\/index.php?rest_route=\/wp\/v2\/users\/1"}],"replies":[{"embeddable":true,"href":"https:\/\/vesnajanko.eu\/index.php?rest_route=%2Fwp%2Fv2%2Fcomments&post=820"}],"version-history":[{"count":21,"href":"https:\/\/vesnajanko.eu\/index.php?rest_route=\/wp\/v2\/pages\/820\/revisions"}],"predecessor-version":[{"id":8809,"href":"https:\/\/vesnajanko.eu\/index.php?rest_route=\/wp\/v2\/pages\/820\/revisions\/8809"}],"up":[{"embeddable":true,"href":"https:\/\/vesnajanko.eu\/index.php?rest_route=\/wp\/v2\/pages\/7242"}],"wp:attachment":[{"href":"https:\/\/vesnajanko.eu\/index.php?rest_route=%2Fwp%2Fv2%2Fmedia&parent=820"}],"curies":[{"name":"wp","href":"https:\/\/api.w.org\/{rel}","templated":true}]}}