{"id":8107,"date":"2023-04-24T17:52:38","date_gmt":"2023-04-24T16:52:38","guid":{"rendered":"https:\/\/vesnajanko.eu\/?page_id=8107"},"modified":"2025-04-08T19:49:55","modified_gmt":"2025-04-08T18:49:55","slug":"gospodarstvo-amerika","status":"publish","type":"page","link":"https:\/\/vesnajanko.eu\/?page_id=8107","title":{"rendered":"Gospodarska obilje\u017eja Amerika"},"content":{"rendered":"\n<p class=\"has-medium-font-size\">Ud\u017ebenik: 164. &#8211; 168.<\/p>\n\n\n\n<p><a href=\"https:\/\/data.worldbank.org\/indicator\/NY.GDP.PCAP.CD?type=shaded&amp;view=map\" target=\"_blank\" rel=\"noreferrer noopener\">Karta Svjetske banke<\/a><\/p>\n\n\n\n<p>Usporedba Angloamerike i Latinske Amerike prema prirodnim bogatstvima i obilje\u017ejima gospodarstva.<\/p>\n\n\n\n<p><strong>Verzija 1<\/strong>.<\/p>\n\n\n\n<figure class=\"wp-block-table\"><table><tbody><tr><td>zadaci<\/td><td>ANGLOAMERIKA<\/td><td>LATINSKA AMERIKA<\/td><\/tr><tr><td>Obilje\u017eja gospodarstva<\/td><td><\/td><td><\/td><\/tr><tr><td>Posebnosti poljoprivrede<\/td><td><\/td><td><\/td><\/tr><tr><td>Prirodna bogatstva<\/td><td><\/td><td><\/td><\/tr><tr><td>Industrijska proizvodnja<\/td><td><\/td><td><\/td><\/tr><tr><td>\u0160umarstvo (Kanada i Brazil)<\/td><td><\/td><td><\/td><\/tr><\/tbody><\/table><\/figure>\n\n\n\n<div style=\"height:63px\" aria-hidden=\"true\" class=\"wp-block-spacer\"><\/div>\n\n\n\n<p><strong>Verzija 2.<\/strong><\/p>\n\n\n\n<div class=\"wp-block-columns is-layout-flex wp-container-core-columns-is-layout-9d6595d7 wp-block-columns-is-layout-flex\">\n<div class=\"wp-block-column is-layout-flow wp-block-column-is-layout-flow\">\n<p class=\"has-pale-cyan-blue-background-color has-background\">Angloamerika<\/p>\n\n\n\n<textarea name=\"message\" rows=\"5\" cols=\"30\">(obilje\u017eja gospodarstva Angloamerike)<\/textarea>\n\n\n\n<textarea name=\"message\" rows=\"5\" cols=\"30\">(posebnosti poljoprivrede Angloamerike)<\/textarea>\n\n\n\n<textarea name=\"message\" rows=\"5\" cols=\"30\">(prirodna bogatstva Angloamerike)<\/textarea>\n\n\n\n<textarea name=\"message\" rows=\"5\" cols=\"30\">(industrijska proizvodnja Angloamerike)<\/textarea>\n\n\n\n<textarea name=\"message\" rows=\"5\" cols=\"30\">(\u0161umarstvo Kanade)<\/textarea>\n<\/div>\n\n\n\n<div class=\"wp-block-column is-layout-flow wp-block-column-is-layout-flow\">\n<p class=\"has-light-green-cyan-background-color has-background\">Latinska Amerika<\/p>\n\n\n\n<textarea name=\"message\" rows=\"5\" cols=\"30\">(obilje\u017eja gospodarstva Latinske Amerike)<\/textarea>\n\n\n\n<textarea name=\"message\" rows=\"5\" cols=\"30\">(posebnosti poljoprivrede Latinske Amerike)<\/textarea>\n\n\n\n<textarea name=\"message\" rows=\"5\" cols=\"30\">(prirodna bogatstva Latinske Amerike)<\/textarea>\n\n\n\n<textarea name=\"message\" rows=\"5\" cols=\"30\">(industrijska proizvodnja Latinske Amerike)<\/textarea>\n\n\n\n<textarea name=\"message\" rows=\"5\" cols=\"30\">(\u0161umarstvo Brazila)<\/textarea>\n<\/div>\n<\/div>\n","protected":false},"excerpt":{"rendered":"<p>Ud\u017ebenik: 164. &#8211; 168. Karta Svjetske banke Usporedba Angloamerike i Latinske Amerike prema prirodnim bogatstvima i obilje\u017ejima gospodarstva. Verzija 1. zadaci ANGLOAMERIKA LATINSKA AMERIKA Obilje\u017eja gospodarstva Posebnosti poljoprivrede Prirodna bogatstva Industrijska proizvodnja \u0160umarstvo (Kanada i Brazil) Verzija 2. Angloamerika (obilje\u017eja gospodarstva Angloamerike) (posebnosti poljoprivrede Angloamerike) (prirodna bogatstva Angloamerike) (industrijska proizvodnja&#8230; <a href=\"https:\/\/vesnajanko.eu\/?page_id=8107\" class=\"readmore\">Vi\u0161e<span class=\"screen-reader-text\">&#8220;Gospodarska obilje\u017eja Amerika&#8221;<\/span><\/a><\/p>\n","protected":false},"author":1,"featured_media":0,"parent":7248,"menu_order":0,"comment_status":"closed","ping_status":"closed","template":"templates\/page-full-width.php","meta":{"footnotes":""},"class_list":["post-8107","page","type-page","status-publish","hentry"],"_links":{"self":[{"href":"https:\/\/vesnajanko.eu\/index.php?rest_route=\/wp\/v2\/pages\/8107","targetHints":{"allow":["GET"]}}],"collection":[{"href":"https:\/\/vesnajanko.eu\/index.php?rest_route=\/wp\/v2\/pages"}],"about":[{"href":"https:\/\/vesnajanko.eu\/index.php?rest_route=\/wp\/v2\/types\/page"}],"author":[{"embeddable":true,"href":"https:\/\/vesnajanko.eu\/index.php?rest_route=\/wp\/v2\/users\/1"}],"replies":[{"embeddable":true,"href":"https:\/\/vesnajanko.eu\/index.php?rest_route=%2Fwp%2Fv2%2Fcomments&post=8107"}],"version-history":[{"count":14,"href":"https:\/\/vesnajanko.eu\/index.php?rest_route=\/wp\/v2\/pages\/8107\/revisions"}],"predecessor-version":[{"id":9804,"href":"https:\/\/vesnajanko.eu\/index.php?rest_route=\/wp\/v2\/pages\/8107\/revisions\/9804"}],"up":[{"embeddable":true,"href":"https:\/\/vesnajanko.eu\/index.php?rest_route=\/wp\/v2\/pages\/7248"}],"wp:attachment":[{"href":"https:\/\/vesnajanko.eu\/index.php?rest_route=%2Fwp%2Fv2%2Fmedia&parent=8107"}],"curies":[{"name":"wp","href":"https:\/\/api.w.org\/{rel}","templated":true}]}}