{"id":809,"date":"2015-11-29T18:15:24","date_gmt":"2015-11-29T18:15:24","guid":{"rendered":"https:\/\/vesnajanko.eu\/?page_id=809"},"modified":"2025-01-13T17:23:34","modified_gmt":"2025-01-13T16:23:34","slug":"6-20-21-indija","status":"publish","type":"page","link":"https:\/\/vesnajanko.eu\/?page_id=809","title":{"rendered":"Indija"},"content":{"rendered":"\n<p class=\"has-text-align-left has-pale-ocean-gradient-background has-background\">Pogledaj <a href=\"https:\/\/docs.google.com\/presentation\/d\/e\/2PACX-1vSB4E_VZVvaSKTixgKvgZBkivcQM6wInZqy2KW9zz1N1p8Kp-CpaX1uUBgAWFLQHl-UsJX1ieg-YQDl\/pub?start=false&amp;loop=false&amp;delayms=3000\" target=\"_blank\" rel=\"noopener\"><strong>prezentaciju<\/strong><\/a>.<\/p>\n\n\n\n<iframe loading=\"lazy\" src=\"https:\/\/docs.google.com\/presentation\/d\/e\/2PACX-1vTO8hbzX17HVf5-R0-ILiyDBei-VqbKh7KbOC1H2gk67OSb6osDpLF31n0VPyWkbkltkQzJnTtRhOdG\/embed?start=false&#038;loop=false&#038;delayms=3000\" frameborder=\"0\" width=\"960\" height=\"569\" allowfullscreen=\"true\" mozallowfullscreen=\"true\" webkitallowfullscreen=\"true\"><\/iframe>\n\n\n\n<p><a href=\"https:\/\/goo.gl\/forms\/KJ0RxNe5htYSqw4l1\" target=\"_blank\" rel=\"noopener\"><strong>\u0160to smo nau\u010dili?<\/strong><\/a><\/p>\n\n\n\n<p>Ponovimo uz kviz <a href=\"https:\/\/play.kahoot.it\/#\/k\/c65b5462-0eca-4173-b7e4-7f1ed4f4fab7\" target=\"_blank\" rel=\"noopener\"><strong>Kahoot<\/strong><\/a>.<\/p>\n\n\n\n<hr class=\"wp-block-separator has-alpha-channel-opacity\"\/>\n\n\n\n<h4 class=\"wp-block-heading has-pale-cyan-blue-background-color has-background\">Geobilje\u0161ke<\/h4>\n\n\n\n<p class=\"has-text-align-center\"><span style=\"text-decoration: underline;\">Indija<\/span><\/p>\n\n\n\n<figure class=\"wp-block-table\"><table><tbody><tr><td><strong>Gdje se nalazi?<\/strong><\/td><td>na jugu Azije, uglavnom na Indijskom poluotoku<\/td><\/tr><tr><td><strong>obilje\u017eja stanovni\u0161tva<\/strong><\/td><td>stanovni\u0161tvo u brzom porastu<\/td><\/tr><tr><td>p<strong>roizvodi<\/strong><\/td><td>ri\u017ea, p\u0161enica, proso, juta, pamuk, \u010daj, za\u010dini, odje\u0107a, automobili, kemijski proizvodi, strojevi<\/td><\/tr><tr><td><strong>gradovi<\/strong><\/td><td><u>New Delhi<\/u>, Mumbai, Kolkata, Delhi<\/td><\/tr><\/tbody><\/table><\/figure>\n","protected":false},"excerpt":{"rendered":"<p>Pogledaj prezentaciju. \u0160to smo nau\u010dili? Ponovimo uz kviz Kahoot. Geobilje\u0161ke Indija Gdje se nalazi? na jugu Azije, uglavnom na Indijskom poluotoku obilje\u017eja stanovni\u0161tva stanovni\u0161tvo u brzom porastu proizvodi ri\u017ea, p\u0161enica, proso, juta, pamuk, \u010daj, za\u010dini, odje\u0107a, automobili, kemijski proizvodi, strojevi gradovi New Delhi, Mumbai, Kolkata, Delhi<\/p>\n","protected":false},"author":1,"featured_media":0,"parent":7242,"menu_order":0,"comment_status":"closed","ping_status":"closed","template":"templates\/page-full-width.php","meta":{"footnotes":""},"class_list":["post-809","page","type-page","status-publish","hentry"],"_links":{"self":[{"href":"https:\/\/vesnajanko.eu\/index.php?rest_route=\/wp\/v2\/pages\/809","targetHints":{"allow":["GET"]}}],"collection":[{"href":"https:\/\/vesnajanko.eu\/index.php?rest_route=\/wp\/v2\/pages"}],"about":[{"href":"https:\/\/vesnajanko.eu\/index.php?rest_route=\/wp\/v2\/types\/page"}],"author":[{"embeddable":true,"href":"https:\/\/vesnajanko.eu\/index.php?rest_route=\/wp\/v2\/users\/1"}],"replies":[{"embeddable":true,"href":"https:\/\/vesnajanko.eu\/index.php?rest_route=%2Fwp%2Fv2%2Fcomments&post=809"}],"version-history":[{"count":17,"href":"https:\/\/vesnajanko.eu\/index.php?rest_route=\/wp\/v2\/pages\/809\/revisions"}],"predecessor-version":[{"id":9573,"href":"https:\/\/vesnajanko.eu\/index.php?rest_route=\/wp\/v2\/pages\/809\/revisions\/9573"}],"up":[{"embeddable":true,"href":"https:\/\/vesnajanko.eu\/index.php?rest_route=\/wp\/v2\/pages\/7242"}],"wp:attachment":[{"href":"https:\/\/vesnajanko.eu\/index.php?rest_route=%2Fwp%2Fv2%2Fmedia&parent=809"}],"curies":[{"name":"wp","href":"https:\/\/api.w.org\/{rel}","templated":true}]}}