{"id":801,"date":"2015-11-29T17:58:51","date_gmt":"2015-11-29T17:58:51","guid":{"rendered":"https:\/\/vesnajanko.eu\/?page_id=801"},"modified":"2023-11-26T17:22:05","modified_gmt":"2023-11-26T16:22:05","slug":"6-17-18-azijska-klimatska-raznolikost","status":"publish","type":"page","link":"https:\/\/vesnajanko.eu\/?page_id=801","title":{"rendered":"Klimatska obilje\u017eja Azije"},"content":{"rendered":"\n<p class=\"has-pale-ocean-gradient-background has-background\"><a href=\"https:\/\/docs.google.com\/presentation\/d\/e\/2PACX-1vQEqFi35W8ZUmcKJajRJuzFa3TnD4A8vq-966a4W3vbsle5vE0-kzaSR3PQJ3s7YusBnHUwUayogfv5\/pub?start=false&amp;loop=false&amp;delayms=3000\" target=\"_blank\" rel=\"noreferrer noopener\">Pogledaj <strong>prezentaciju<\/strong> i analiziraj klimatske dijagrame<\/a>.<\/p>\n\n\n\n<p><a href=\"https:\/\/forms.gle\/BRsqusUomEAdjps78\" target=\"_blank\" rel=\"noreferrer noopener\">Odgovori na <strong>pitanja<\/strong><\/a>.<\/p>\n\n\n\n<p>Igra Kahoot.<\/p>\n\n\n\n<h4 class=\"wp-block-heading has-pale-cyan-blue-background-color has-background\">Geobilje\u017enica:<\/h4>\n\n\n\n<p class=\"has-text-align-center\"><span style=\"text-decoration: underline;\">Klimatska obilje\u017eja Azije<\/span><\/p>\n\n\n\n<figure class=\"wp-block-table\"><table><tbody><tr><td><strong>klima<\/strong><\/td><td><strong>obilje\u017eja<\/strong><\/td><td><strong>prostor<\/strong><\/td><td><strong>biljni svijet<\/strong><\/td><\/tr><tr><td>pra\u0161umska&nbsp;(A)<\/td><td>mnogo padalina (zenitne ki\u0161e), visoke temperature<\/td><td>ekvatorski prostori Azije<\/td><td>tropske ki\u0161ne \u0161ume<\/td><\/tr><tr><td>savanska (A)<\/td><td>manje padalina od pra\u0161umske \u2013 vla\u017ena i su\u0161na razdoblja, visoke temperature<\/td><td>ju\u017ena i jugoisto\u010dna Azija<\/td><td>savane<\/td><\/tr><tr><td>sredozemna&nbsp;(C)<\/td><td>vru\u0107a ljeta, blage i ki\u0161ovite zime<\/td><td>u Sredozemlju<\/td><td>makija<\/td><\/tr><tr><td>sinijska&nbsp;(C)<\/td><td>vru\u0107a ljeta, blage i su\u0161ne&nbsp;zime<\/td><td>unutra\u0161nja i ju\u017ena Kina, jugoisto\u010dna Azija<\/td><td>\u0161ume i travnjaci<\/td><\/tr><tr><td>umjereno topla vla\u017ena&nbsp;(C)<\/td><td>izra\u017eena godi\u0161nja doba, padalina ima tijekom cijele godine<\/td><td>obalni dio isto\u010dne Azije<\/td><td>listopadne \u0161ume, travnjaci<\/td><\/tr><tr><td>pustinjska i stepska&nbsp;(B)<\/td><td>malo padalina, tople i hladne<\/td><td>jugozapadna i sredi\u0161nja Azija<\/td><td>&nbsp;pustinjska<\/td><\/tr><tr><td>snje\u017eno-\u0161umske&nbsp;(D)<\/td><td>duge i o\u0161tre zimete kratka i&nbsp;prohladna ljeta&nbsp;<\/td><td>Sibir<\/td><td>tajga<\/td><\/tr><tr><td>snje\u017ene&nbsp;(E)<\/td><td>malo padalina, vrlo niske temperature<\/td><td>najsjeverniji prostori Azije, najvi\u0161i planinski vrhovi<\/td><td>tundra<\/td><\/tr><\/tbody><\/table><\/figure>\n\n\n\n<p class=\"has-text-align-center\">&nbsp;<\/p>\n","protected":false},"excerpt":{"rendered":"<p>Pogledaj prezentaciju i analiziraj klimatske dijagrame. Odgovori na pitanja. Igra Kahoot. Geobilje\u017enica: Klimatska obilje\u017eja Azije klima obilje\u017eja prostor biljni svijet pra\u0161umska&nbsp;(A) mnogo padalina (zenitne ki\u0161e), visoke temperature ekvatorski prostori Azije tropske ki\u0161ne \u0161ume savanska (A) manje padalina od pra\u0161umske \u2013 vla\u017ena i su\u0161na razdoblja, visoke temperature ju\u017ena i jugoisto\u010dna Azija&#8230; <a href=\"https:\/\/vesnajanko.eu\/?page_id=801\" class=\"readmore\">Vi\u0161e<span class=\"screen-reader-text\">&#8220;Klimatska obilje\u017eja Azije&#8221;<\/span><\/a><\/p>\n","protected":false},"author":1,"featured_media":0,"parent":7242,"menu_order":0,"comment_status":"closed","ping_status":"closed","template":"","meta":{"footnotes":""},"class_list":["post-801","page","type-page","status-publish","hentry"],"_links":{"self":[{"href":"https:\/\/vesnajanko.eu\/index.php?rest_route=\/wp\/v2\/pages\/801","targetHints":{"allow":["GET"]}}],"collection":[{"href":"https:\/\/vesnajanko.eu\/index.php?rest_route=\/wp\/v2\/pages"}],"about":[{"href":"https:\/\/vesnajanko.eu\/index.php?rest_route=\/wp\/v2\/types\/page"}],"author":[{"embeddable":true,"href":"https:\/\/vesnajanko.eu\/index.php?rest_route=\/wp\/v2\/users\/1"}],"replies":[{"embeddable":true,"href":"https:\/\/vesnajanko.eu\/index.php?rest_route=%2Fwp%2Fv2%2Fcomments&post=801"}],"version-history":[{"count":22,"href":"https:\/\/vesnajanko.eu\/index.php?rest_route=\/wp\/v2\/pages\/801\/revisions"}],"predecessor-version":[{"id":8790,"href":"https:\/\/vesnajanko.eu\/index.php?rest_route=\/wp\/v2\/pages\/801\/revisions\/8790"}],"up":[{"embeddable":true,"href":"https:\/\/vesnajanko.eu\/index.php?rest_route=\/wp\/v2\/pages\/7242"}],"wp:attachment":[{"href":"https:\/\/vesnajanko.eu\/index.php?rest_route=%2Fwp%2Fv2%2Fmedia&parent=801"}],"curies":[{"name":"wp","href":"https:\/\/api.w.org\/{rel}","templated":true}]}}