{"id":795,"date":"2015-11-29T17:35:44","date_gmt":"2015-11-29T17:35:44","guid":{"rendered":"https:\/\/vesnajanko.eu\/?page_id=795"},"modified":"2026-01-26T17:30:15","modified_gmt":"2026-01-26T16:30:15","slug":"6-18-monsunska-azija","status":"publish","type":"page","link":"https:\/\/vesnajanko.eu\/?page_id=795","title":{"rendered":"Monsunska Azija"},"content":{"rendered":"\n<p class=\"has-text-align-left has-pale-ocean-gradient-background has-background\"><a href=\"https:\/\/docs.google.com\/presentation\/d\/e\/2PACX-1vSjtHyZS5dCvT0zJkkVeoUuWM7rBX20Wcqbc7CweudJEp9yZl5OTJg_J0-lJUYCvlvVQ9mhtrZCQAfd\/pub?start=false&amp;loop=false&amp;delayms=3000\" target=\"_blank\" rel=\"noreferrer noopener\">Pogledaj <strong>prezentaciju<\/strong><\/a>.<\/p>\n\n\n\n<iframe loading=\"lazy\" src=\"https:\/\/docs.google.com\/presentation\/d\/e\/2PACX-1vSjtHyZS5dCvT0zJkkVeoUuWM7rBX20Wcqbc7CweudJEp9yZl5OTJg_J0-lJUYCvlvVQ9mhtrZCQAfd\/pubembed?start=false&#038;loop=false&#038;delayms=3000\" frameborder=\"0\" width=\"960\" height=\"749\" allowfullscreen=\"true\" mozallowfullscreen=\"true\" webkitallowfullscreen=\"true\"><\/iframe>\n\n\n\n<hr class=\"wp-block-separator has-alpha-channel-opacity\"\/>\n\n\n\n<p><a rel=\"noreferrer noopener\" href=\"https:\/\/kwizard.hr\/k\/monsunska-azija-azija-gea-4-skolska-knjiga\/?quiz=1\" target=\"_blank\">Ponovi uz <strong>kviz<\/strong><\/a>.<\/p>\n\n\n\n<hr class=\"wp-block-separator has-alpha-channel-opacity\"\/>\n\n\n\n<p class=\"has-pale-cyan-blue-background-color has-background has-medium-font-size\">Geobilje\u017enica<\/p>\n\n\n\n<p class=\"has-text-align-center\"><span style=\"text-decoration: underline;\">Monsunska Azija<\/span><\/p>\n\n\n\n<ul class=\"wp-block-list\">\n<li>izmjena ljetnih i zimskih vjetrova&nbsp;<strong>monsuna<\/strong><\/li>\n\n\n\n<li><strong>klima pod utjecajem monsuna<\/strong>&nbsp;\u2013 savane&nbsp;i tropske ki\u0161ne \u0161ume (eko-za\u0161tita)<\/li>\n\n\n\n<li><strong>tajfuni ili tropski cikloni<\/strong>&nbsp;(\u010deste nepogode)<\/li>\n\n\n\n<li>jedno od&nbsp;<strong>najgu\u0161\u0107e naseljenih podru\u010dja<\/strong>&nbsp;svijeta \u2013 1\/2 stanovni\u0161tva svijeta<\/li>\n\n\n\n<li><strong>ri\u017ea<\/strong>&nbsp;\u2013 najva\u017enija \u017eitarica, uzgajaju se&nbsp;tropske kulture i za\u010dini<\/li>\n<\/ul>\n","protected":false},"excerpt":{"rendered":"<p>Pogledaj prezentaciju. Ponovi uz kviz. Geobilje\u017enica Monsunska Azija<\/p>\n","protected":false},"author":1,"featured_media":0,"parent":7242,"menu_order":0,"comment_status":"closed","ping_status":"closed","template":"templates\/page-full-width.php","meta":{"footnotes":""},"class_list":["post-795","page","type-page","status-publish","hentry"],"_links":{"self":[{"href":"https:\/\/vesnajanko.eu\/index.php?rest_route=\/wp\/v2\/pages\/795","targetHints":{"allow":["GET"]}}],"collection":[{"href":"https:\/\/vesnajanko.eu\/index.php?rest_route=\/wp\/v2\/pages"}],"about":[{"href":"https:\/\/vesnajanko.eu\/index.php?rest_route=\/wp\/v2\/types\/page"}],"author":[{"embeddable":true,"href":"https:\/\/vesnajanko.eu\/index.php?rest_route=\/wp\/v2\/users\/1"}],"replies":[{"embeddable":true,"href":"https:\/\/vesnajanko.eu\/index.php?rest_route=%2Fwp%2Fv2%2Fcomments&post=795"}],"version-history":[{"count":21,"href":"https:\/\/vesnajanko.eu\/index.php?rest_route=\/wp\/v2\/pages\/795\/revisions"}],"predecessor-version":[{"id":10225,"href":"https:\/\/vesnajanko.eu\/index.php?rest_route=\/wp\/v2\/pages\/795\/revisions\/10225"}],"up":[{"embeddable":true,"href":"https:\/\/vesnajanko.eu\/index.php?rest_route=\/wp\/v2\/pages\/7242"}],"wp:attachment":[{"href":"https:\/\/vesnajanko.eu\/index.php?rest_route=%2Fwp%2Fv2%2Fmedia&parent=795"}],"curies":[{"name":"wp","href":"https:\/\/api.w.org\/{rel}","templated":true}]}}