{"id":78,"date":"2015-09-04T14:58:36","date_gmt":"2015-09-04T14:58:36","guid":{"rendered":"https:\/\/vesnajanko.eu\/?page_id=78"},"modified":"2025-09-23T08:47:11","modified_gmt":"2025-09-23T07:47:11","slug":"6-01-geografija-u-sestom-razredu","status":"publish","type":"page","link":"https:\/\/vesnajanko.eu\/?page_id=78","title":{"rendered":"6.0. Geografija u \u0161estom razredu"},"content":{"rendered":"\n<h4 class=\"wp-block-heading\">Uvod<\/h4>\n\n\n\n<p>Igra &#8220;Putujemo u&#8230;&#8221; &#8211; igra upoznavanja s u\u010denicima<\/p>\n\n\n\n<hr class=\"wp-block-separator has-css-opacity\"\/>\n\n\n\n<h4 class=\"wp-block-heading\">Glavni dio sata<\/h4>\n\n\n\n<ul class=\"wp-block-list\">\n<li>Dogovor o radu u U\u010dionici budu\u0107nosti<\/li>\n\n\n\n<li>Kriteriji ocjenjivanja, vrednovanja i pra\u0107enja<\/li>\n\n\n\n<li><a href=\"https:\/\/docs.google.com\/document\/u\/1\/d\/e\/2PACX-1vTNrSCZjqt5t5b-lSAon6vvpjekHauPW2SRWx4Yv1JIFhoXVUuzGqOfNjN2hIYB8wqYEVHN1YZkfbmb\/pub\" data-type=\"link\" data-id=\"https:\/\/docs.google.com\/document\/u\/1\/d\/e\/2PACX-1vTNrSCZjqt5t5b-lSAon6vvpjekHauPW2SRWx4Yv1JIFhoXVUuzGqOfNjN2hIYB8wqYEVHN1YZkfbmb\/pub\" target=\"_blank\" rel=\"noreferrer noopener\">Geoportfolio<\/a><\/li>\n\n\n\n<li>Upoznavanje s nastavnim planom i programom za 6. razred<\/li>\n<\/ul>\n\n\n\n<hr class=\"wp-block-separator has-css-opacity\"\/>\n\n\n\n<h4 class=\"wp-block-heading\">Zavr\u0161ni dio sata<\/h4>\n\n\n\n<p>Igra ponavljanja znanja 5. razreda <\/p>\n\n\n\n<p class=\"has-very-light-gray-to-cyan-bluish-gray-gradient-background has-background\"><a href=\"https:\/\/www.purposegames.com\/game\/svijet-quiz\" data-type=\"link\" data-id=\"https:\/\/www.purposegames.com\/game\/svijet-quiz\" target=\"_blank\" rel=\"noreferrer noopener\">PurposeGames: Svijet<\/a><\/p>\n\n\n\n<p class=\"has-medium-font-size\"><a href=\"https:\/\/docs.google.com\/forms\/d\/e\/1FAIpQLScuJ_hTm4wBqg76VjfalWuxCuNhQD8zgO0u_Sftxo5E-H1a0w\/viewform?usp=sharing\" data-type=\"link\" data-id=\"https:\/\/docs.google.com\/forms\/d\/e\/1FAIpQLScuJ_hTm4wBqg76VjfalWuxCuNhQD8zgO0u_Sftxo5E-H1a0w\/viewform?usp=sharing\" target=\"_blank\" rel=\"noreferrer noopener\">\u0160kolska zada\u0107a: Ponavljanje 5. razreda<\/a><\/p>\n\n\n\n<!--nextpage-->\n\n\n\n<p class=\"has-light-green-cyan-background-color has-background\"><a href=\"https:\/\/docs.google.com\/presentation\/d\/e\/2PACX-1vR7jp0y4x37mraKsRMb6yzVr-Du6Mkq7RRoGuOlPcmw3gcL57F0lBu5YqAFSBPAADYld3Zl6KFyh95M\/pub?start=false&amp;loop=false&amp;delayms=3000\" target=\"_blank\" rel=\"noreferrer noopener\">Ponavljanje znanja 5 razreda &#8211; Nearpod<\/a><\/p>\n\n\n\n<p class=\"has-luminous-vivid-amber-background-color has-background\"><a href=\"https:\/\/vesnajanko.eu\/?p=5094\" data-type=\"post\" data-id=\"5094\">Ponavljanje znanja 5. razreda<\/a><\/p>\n","protected":false},"excerpt":{"rendered":"<p>Uvod Igra &#8220;Putujemo u&#8230;&#8221; &#8211; igra upoznavanja s u\u010denicima Glavni dio sata Zavr\u0161ni dio sata Igra ponavljanja znanja 5. razreda PurposeGames: Svijet \u0160kolska zada\u0107a: Ponavljanje 5. razreda<\/p>\n","protected":false},"author":1,"featured_media":0,"parent":4982,"menu_order":0,"comment_status":"closed","ping_status":"closed","template":"","meta":{"footnotes":""},"class_list":["post-78","page","type-page","status-publish","hentry"],"_links":{"self":[{"href":"https:\/\/vesnajanko.eu\/index.php?rest_route=\/wp\/v2\/pages\/78","targetHints":{"allow":["GET"]}}],"collection":[{"href":"https:\/\/vesnajanko.eu\/index.php?rest_route=\/wp\/v2\/pages"}],"about":[{"href":"https:\/\/vesnajanko.eu\/index.php?rest_route=\/wp\/v2\/types\/page"}],"author":[{"embeddable":true,"href":"https:\/\/vesnajanko.eu\/index.php?rest_route=\/wp\/v2\/users\/1"}],"replies":[{"embeddable":true,"href":"https:\/\/vesnajanko.eu\/index.php?rest_route=%2Fwp%2Fv2%2Fcomments&post=78"}],"version-history":[{"count":32,"href":"https:\/\/vesnajanko.eu\/index.php?rest_route=\/wp\/v2\/pages\/78\/revisions"}],"predecessor-version":[{"id":10095,"href":"https:\/\/vesnajanko.eu\/index.php?rest_route=\/wp\/v2\/pages\/78\/revisions\/10095"}],"up":[{"embeddable":true,"href":"https:\/\/vesnajanko.eu\/index.php?rest_route=\/wp\/v2\/pages\/4982"}],"wp:attachment":[{"href":"https:\/\/vesnajanko.eu\/index.php?rest_route=%2Fwp%2Fv2%2Fmedia&parent=78"}],"curies":[{"name":"wp","href":"https:\/\/api.w.org\/{rel}","templated":true}]}}