{"id":7720,"date":"2022-12-04T11:25:09","date_gmt":"2022-12-04T10:25:09","guid":{"rendered":"https:\/\/vesnajanko.eu\/?page_id=7720"},"modified":"2025-12-07T16:57:09","modified_gmt":"2025-12-07T15:57:09","slug":"drzave-i-gradovi-europe","status":"publish","type":"page","link":"https:\/\/vesnajanko.eu\/?page_id=7720","title":{"rendered":"Dr\u017eave i gradovi Europe"},"content":{"rendered":"\n<p>Prona\u0111i tra\u017eena imena dr\u017eava i gradova na geografskoj karti.<\/p>\n\n\n\n<p class=\"has-medium-font-size\">Dr\u017eave<\/p>\n\n\n\n<p class=\"has-medium-font-size\"><a href=\"https:\/\/www.purposegames.com\/game\/6u93pCjNMcy\" data-type=\"link\" data-id=\"https:\/\/www.purposegames.com\/game\/6u93pCjNMcy\" target=\"_blank\" rel=\"noreferrer noopener\">Purposegames igra: Dr\u017eave Europe<\/a><\/p>\n\n\n\n<p class=\"has-medium-font-size\">Gradovi<\/p>\n\n\n\n<p class=\"has-medium-font-size\"><a href=\"https:\/\/www.purposegames.com\/game\/m8Q2bmfDniP\" data-type=\"link\" data-id=\"https:\/\/www.purposegames.com\/game\/m8Q2bmfDniP\" target=\"_blank\" rel=\"noreferrer noopener\">Purposegames igra: Gradovi Europe<\/a><\/p>\n","protected":false},"excerpt":{"rendered":"<p>Prona\u0111i tra\u017eena imena dr\u017eava i gradova na geografskoj karti. Dr\u017eave Purposegames igra: Dr\u017eave Europe Gradovi Purposegames igra: Gradovi Europe<\/p>\n","protected":false},"author":1,"featured_media":0,"parent":7493,"menu_order":0,"comment_status":"closed","ping_status":"closed","template":"","meta":{"footnotes":""},"class_list":["post-7720","page","type-page","status-publish","hentry"],"_links":{"self":[{"href":"https:\/\/vesnajanko.eu\/index.php?rest_route=\/wp\/v2\/pages\/7720","targetHints":{"allow":["GET"]}}],"collection":[{"href":"https:\/\/vesnajanko.eu\/index.php?rest_route=\/wp\/v2\/pages"}],"about":[{"href":"https:\/\/vesnajanko.eu\/index.php?rest_route=\/wp\/v2\/types\/page"}],"author":[{"embeddable":true,"href":"https:\/\/vesnajanko.eu\/index.php?rest_route=\/wp\/v2\/users\/1"}],"replies":[{"embeddable":true,"href":"https:\/\/vesnajanko.eu\/index.php?rest_route=%2Fwp%2Fv2%2Fcomments&post=7720"}],"version-history":[{"count":9,"href":"https:\/\/vesnajanko.eu\/index.php?rest_route=\/wp\/v2\/pages\/7720\/revisions"}],"predecessor-version":[{"id":10189,"href":"https:\/\/vesnajanko.eu\/index.php?rest_route=\/wp\/v2\/pages\/7720\/revisions\/10189"}],"up":[{"embeddable":true,"href":"https:\/\/vesnajanko.eu\/index.php?rest_route=\/wp\/v2\/pages\/7493"}],"wp:attachment":[{"href":"https:\/\/vesnajanko.eu\/index.php?rest_route=%2Fwp%2Fv2%2Fmedia&parent=7720"}],"curies":[{"name":"wp","href":"https:\/\/api.w.org\/{rel}","templated":true}]}}