{"id":7714,"date":"2022-12-04T11:12:11","date_gmt":"2022-12-04T10:12:11","guid":{"rendered":"https:\/\/vesnajanko.eu\/?page_id=7714"},"modified":"2024-11-07T09:14:25","modified_gmt":"2024-11-07T08:14:25","slug":"raspored-klima-u-svijetu-i-hrvatskoj","status":"publish","type":"page","link":"https:\/\/vesnajanko.eu\/?page_id=7714","title":{"rendered":"Raspored klima u svijetu i Hrvatskoj"},"content":{"rendered":"\n<p>Prona\u0111i raspored klima na geografskoj karti svijeta i Hrvatske. Poslu\u017ei se tematskim kartama <strong>u ud\u017ebeniku na stranicama 36. i 47.<\/strong> <\/p>\n\n\n\n<p class=\"has-medium-font-size\">Razredi klima u svijetu<\/p>\n\n\n\n<p class=\"has-medium-font-size\"><a href=\"https:\/\/www.purposegames.com\/game\/raspored-klima-u-svijetu\" data-type=\"link\" data-id=\"https:\/\/www.purposegames.com\/game\/raspored-klima-u-svijetu\" target=\"_blank\" rel=\"noreferrer noopener\">Purposegames igra: Raspored klima u svijetu<\/a><\/p>\n\n\n\n<div style=\"height:46px\" aria-hidden=\"true\" class=\"wp-block-spacer\"><\/div>\n\n\n\n<p class=\"has-medium-font-size\">Tipovi klima u Hrvatskoj<\/p>\n\n\n\n<p class=\"has-medium-font-size\"><a href=\"https:\/\/www.purposegames.com\/game\/tipovi-klime-u-hrvatskoj\" data-type=\"link\" data-id=\"https:\/\/www.purposegames.com\/game\/tipovi-klime-u-hrvatskoj\" target=\"_blank\" rel=\"noreferrer noopener\">Purpose games igra: Tipovi klima u Hrvatskoj<\/a><\/p>\n","protected":false},"excerpt":{"rendered":"<p>Prona\u0111i raspored klima na geografskoj karti svijeta i Hrvatske. Poslu\u017ei se tematskim kartama u ud\u017ebeniku na stranicama 36. i 47. Razredi klima u svijetu Purposegames igra: Raspored klima u svijetu Tipovi klima u Hrvatskoj Purpose games igra: Tipovi klima u Hrvatskoj<\/p>\n","protected":false},"author":1,"featured_media":0,"parent":7493,"menu_order":3,"comment_status":"closed","ping_status":"closed","template":"","meta":{"footnotes":""},"class_list":["post-7714","page","type-page","status-publish","hentry"],"_links":{"self":[{"href":"https:\/\/vesnajanko.eu\/index.php?rest_route=\/wp\/v2\/pages\/7714","targetHints":{"allow":["GET"]}}],"collection":[{"href":"https:\/\/vesnajanko.eu\/index.php?rest_route=\/wp\/v2\/pages"}],"about":[{"href":"https:\/\/vesnajanko.eu\/index.php?rest_route=\/wp\/v2\/types\/page"}],"author":[{"embeddable":true,"href":"https:\/\/vesnajanko.eu\/index.php?rest_route=\/wp\/v2\/users\/1"}],"replies":[{"embeddable":true,"href":"https:\/\/vesnajanko.eu\/index.php?rest_route=%2Fwp%2Fv2%2Fcomments&post=7714"}],"version-history":[{"count":11,"href":"https:\/\/vesnajanko.eu\/index.php?rest_route=\/wp\/v2\/pages\/7714\/revisions"}],"predecessor-version":[{"id":9473,"href":"https:\/\/vesnajanko.eu\/index.php?rest_route=\/wp\/v2\/pages\/7714\/revisions\/9473"}],"up":[{"embeddable":true,"href":"https:\/\/vesnajanko.eu\/index.php?rest_route=\/wp\/v2\/pages\/7493"}],"wp:attachment":[{"href":"https:\/\/vesnajanko.eu\/index.php?rest_route=%2Fwp%2Fv2%2Fmedia&parent=7714"}],"curies":[{"name":"wp","href":"https:\/\/api.w.org\/{rel}","templated":true}]}}