{"id":7630,"date":"2022-11-09T18:14:50","date_gmt":"2022-11-09T17:14:50","guid":{"rendered":"https:\/\/vesnajanko.eu\/?page_id=7630"},"modified":"2024-11-10T12:11:29","modified_gmt":"2024-11-10T11:11:29","slug":"starost-i-grada-zemlje","status":"publish","type":"page","link":"https:\/\/vesnajanko.eu\/?page_id=7630","title":{"rendered":"Starost i gra\u0111a Zemlje"},"content":{"rendered":"\n<p>Rad u aplikaciji Nearpod.<\/p>\n\n\n\n<iframe loading=\"lazy\" src=\"https:\/\/docs.google.com\/presentation\/d\/e\/2PACX-1vTtvq2Xa-OT1ZfmYSPeq2_6DfCj-LmOJjxiKgJ4fVTr-WvB6hOThY8kpIBAJeisjs5oAXmdODvs2QA1\/embed?start=false&#038;loop=false&#038;delayms=3000\" frameborder=\"0\" width=\"960\" height=\"569\" allowfullscreen=\"true\" mozallowfullscreen=\"true\" webkitallowfullscreen=\"true\"><\/iframe>\n\n\n\n<p class=\"has-pale-cyan-blue-background-color has-background has-medium-font-size\"><strong>Geobilje\u0161ke<\/strong>:<\/p>\n\n\n\n<p class=\"has-text-align-center\"><span style=\"text-decoration: underline;\">Starost i gra\u0111a Zemlje<\/span><\/p>\n\n\n\n<p>&#8211; Zemlja je stara 4.6 milijardi godina<br>&#8211; lupinaste je gra\u0111e: unutarnja i vanjska jezgra, donji i gornji pla\u0161t, kora &#8211; otkrio Andrija Mohorovi\u010di\u0107<br>&#8211; litosfera je \u010dvrsti sloj gra\u0111en od stijena &#8211; gornji sloj pla\u0161ta i kora<br>&#8211; tri vrste stijena: magmatske, talo\u017ene (sedimentne), preobra\u017eene (metamorfne)<br>&#8211; litosfera razlomljena na litosferne plo\u010de koje se me\u0111usobno gibaju:<br>&#8211; divergentna granica &#8211; razmicanje plo\u010da<br>&#8211; konvergentna granica &#8211; sudaranje i podvla\u010denje plo\u010da<br>&#8211; transformna granica &#8211; smicanje plo\u010da<br>&#8211; Pacifi\u010dki vatreni prsten &#8211; najaktivniji rub plo\u010da; 3\/4 vulkana i 90% potresa<br><\/p>\n","protected":false},"excerpt":{"rendered":"<p>Rad u aplikaciji Nearpod. Geobilje\u0161ke: Starost i gra\u0111a Zemlje &#8211; Zemlja je stara 4.6 milijardi godina&#8211; lupinaste je gra\u0111e: unutarnja i vanjska jezgra, donji i gornji pla\u0161t, kora &#8211; otkrio Andrija Mohorovi\u010di\u0107&#8211; litosfera je \u010dvrsti sloj gra\u0111en od stijena &#8211; gornji sloj pla\u0161ta i kora&#8211; tri vrste stijena: magmatske, talo\u017ene&#8230; <a href=\"https:\/\/vesnajanko.eu\/?page_id=7630\" class=\"readmore\">Vi\u0161e<span class=\"screen-reader-text\">&#8220;Starost i gra\u0111a Zemlje&#8221;<\/span><\/a><\/p>\n","protected":false},"author":1,"featured_media":0,"parent":7239,"menu_order":4,"comment_status":"closed","ping_status":"closed","template":"templates\/page-full-width.php","meta":{"footnotes":""},"class_list":["post-7630","page","type-page","status-publish","hentry"],"_links":{"self":[{"href":"https:\/\/vesnajanko.eu\/index.php?rest_route=\/wp\/v2\/pages\/7630","targetHints":{"allow":["GET"]}}],"collection":[{"href":"https:\/\/vesnajanko.eu\/index.php?rest_route=\/wp\/v2\/pages"}],"about":[{"href":"https:\/\/vesnajanko.eu\/index.php?rest_route=\/wp\/v2\/types\/page"}],"author":[{"embeddable":true,"href":"https:\/\/vesnajanko.eu\/index.php?rest_route=\/wp\/v2\/users\/1"}],"replies":[{"embeddable":true,"href":"https:\/\/vesnajanko.eu\/index.php?rest_route=%2Fwp%2Fv2%2Fcomments&post=7630"}],"version-history":[{"count":6,"href":"https:\/\/vesnajanko.eu\/index.php?rest_route=\/wp\/v2\/pages\/7630\/revisions"}],"predecessor-version":[{"id":9474,"href":"https:\/\/vesnajanko.eu\/index.php?rest_route=\/wp\/v2\/pages\/7630\/revisions\/9474"}],"up":[{"embeddable":true,"href":"https:\/\/vesnajanko.eu\/index.php?rest_route=\/wp\/v2\/pages\/7239"}],"wp:attachment":[{"href":"https:\/\/vesnajanko.eu\/index.php?rest_route=%2Fwp%2Fv2%2Fmedia&parent=7630"}],"curies":[{"name":"wp","href":"https:\/\/api.w.org\/{rel}","templated":true}]}}