{"id":7618,"date":"2022-11-07T19:13:18","date_gmt":"2022-11-07T18:13:18","guid":{"rendered":"https:\/\/vesnajanko.eu\/?page_id=7618"},"modified":"2025-11-10T20:52:16","modified_gmt":"2025-11-10T19:52:16","slug":"mjesno-i-pojasno-vrijeme","status":"publish","type":"page","link":"https:\/\/vesnajanko.eu\/?page_id=7618","title":{"rendered":"Mjesno i pojasno vrijeme"},"content":{"rendered":"\n<p>Rad uz ud\u017ebenik 33. &#8211; 36.<\/p>\n\n\n\n<p class=\"has-pale-ocean-gradient-background has-background has-medium-font-size\"><strong><a href=\"https:\/\/forms.gle\/pd1L5nVY1H5Lxrye8\" target=\"_blank\" rel=\"noreferrer noopener\">Rije\u0161i zadatke ovdje<\/a><\/strong><\/p>\n\n\n\n<p>Ponavljanje uz RB, str. 32. &#8211; 35.<\/p>\n\n\n\n<p class=\"has-pale-cyan-blue-background-color has-background\"><strong>Geobilje\u017enica<\/strong>:<\/p>\n\n\n\n<p class=\"has-text-align-center\"><span style=\"text-decoration: underline;\">Mjesno i pojasno vrijeme<\/span><\/p>\n\n\n\n<p>&#8211; Sun\u010dev dan = 24 sata<br>&#8211; Sva mjesta na istom podnevniku (meridijanu) imaju isto <strong>mjesno vrijeme<\/strong>.<br>360\u00b0 : 24 h = 15\u00b0 meridijana unutar sata<br>60 min : 15\u00b0 = 4 min je vremenski razmak izme\u0111u 1\u00b0 meridijana<br>&lt;&#8212; oduzimanje vremena &#8212; po\u010detni meridijan &#8212; dodavanje vremena &#8212;&gt;<br>&#8211; Zbog prakti\u010dnih razloga dogovoreni vremenski pojasevi \/ zone &#8211; 24 pojasa<br>&#8211; Hrvatska ima srednjoeuropsko vrijeme (+1)<br>&#8211; Datumska granica &#8211; pribli\u017eno prati 180\u00b0 meridijan &#8211; prelaskom granice mijenja se datum, prema zapadu se dodaje<\/p>\n","protected":false},"excerpt":{"rendered":"<p>Rad uz ud\u017ebenik 33. &#8211; 36. Rije\u0161i zadatke ovdje Ponavljanje uz RB, str. 32. &#8211; 35. Geobilje\u017enica: Mjesno i pojasno vrijeme &#8211; Sun\u010dev dan = 24 sata&#8211; Sva mjesta na istom podnevniku (meridijanu) imaju isto mjesno vrijeme.360\u00b0 : 24 h = 15\u00b0 meridijana unutar sata60 min : 15\u00b0 = 4&#8230; <a href=\"https:\/\/vesnajanko.eu\/?page_id=7618\" class=\"readmore\">Vi\u0161e<span class=\"screen-reader-text\">&#8220;Mjesno i pojasno vrijeme&#8221;<\/span><\/a><\/p>\n","protected":false},"author":1,"featured_media":0,"parent":7239,"menu_order":0,"comment_status":"closed","ping_status":"closed","template":"","meta":{"footnotes":""},"class_list":["post-7618","page","type-page","status-publish","hentry"],"_links":{"self":[{"href":"https:\/\/vesnajanko.eu\/index.php?rest_route=\/wp\/v2\/pages\/7618","targetHints":{"allow":["GET"]}}],"collection":[{"href":"https:\/\/vesnajanko.eu\/index.php?rest_route=\/wp\/v2\/pages"}],"about":[{"href":"https:\/\/vesnajanko.eu\/index.php?rest_route=\/wp\/v2\/types\/page"}],"author":[{"embeddable":true,"href":"https:\/\/vesnajanko.eu\/index.php?rest_route=\/wp\/v2\/users\/1"}],"replies":[{"embeddable":true,"href":"https:\/\/vesnajanko.eu\/index.php?rest_route=%2Fwp%2Fv2%2Fcomments&post=7618"}],"version-history":[{"count":7,"href":"https:\/\/vesnajanko.eu\/index.php?rest_route=\/wp\/v2\/pages\/7618\/revisions"}],"predecessor-version":[{"id":10164,"href":"https:\/\/vesnajanko.eu\/index.php?rest_route=\/wp\/v2\/pages\/7618\/revisions\/10164"}],"up":[{"embeddable":true,"href":"https:\/\/vesnajanko.eu\/index.php?rest_route=\/wp\/v2\/pages\/7239"}],"wp:attachment":[{"href":"https:\/\/vesnajanko.eu\/index.php?rest_route=%2Fwp%2Fv2%2Fmedia&parent=7618"}],"curies":[{"name":"wp","href":"https:\/\/api.w.org\/{rel}","templated":true}]}}