{"id":7600,"date":"2022-10-29T22:49:16","date_gmt":"2022-10-29T21:49:16","guid":{"rendered":"https:\/\/vesnajanko.eu\/?page_id=7600"},"modified":"2025-10-16T16:59:58","modified_gmt":"2025-10-16T15:59:58","slug":"kakav-je-kontinent-europa","status":"publish","type":"page","link":"https:\/\/vesnajanko.eu\/?page_id=7600","title":{"rendered":"Kakav je kontinent Europa"},"content":{"rendered":"\n<iframe loading=\"lazy\" style=\"max-width:100%\" src=\"https:\/\/wordwall.net\/hr\/embed\/6028a828487e4e3c8ee24b7f7169031e?themeId=65&#038;templateId=30&#038;fontStackId=0\" width=\"500\" height=\"380\" frameborder=\"0\" allowfullscreen><\/iframe>\n\n\n\n<div style=\"height:100px\" aria-hidden=\"true\" class=\"wp-block-spacer\"><\/div>\n\n\n\n<button onclick=\"myPitanje()\">Klikni za pitanje<\/button>\n<br><br>\n<p id=\"demo0\"><\/p>\n\n<script>\nfunction myPitanje(){\n\tvar x = Math.floor(Math.random()* 20) + 1;\n\n\/\/ Create a Map\n\tlet pitanje = new Map([\n\t[1,\"1 Imenuj dijelove dogovorene granice Europe i Azije.\"],\n\t[2,\"2 Koliko dr\u017eava \u010dini Europu u politi\u010dkim granicama?\"],\n\t[3,\"3 Kakav je geografski polo\u017eaj Europe?\"],\n\t[4,\"4 Kakav je geografski smje\u0161taj Europe?\"],\n        [5,\"5 Imenuj europske regije.\"],\n        [6,\"6 \u0160to prou\u010dava znanost geologija?\"],\n        [7,\"7 Imenuj geolo\u0161ke ere u eonu fanerozoiku.\"],\n        [8,\"8 Navedi barem dva primjera reljefno prastare Europe.\"],\n        [9,\"9 Navedi barem dva primjera reljefno stare Europe.\"],\n        [10,\"10 Navedi barem dva primjera reljefno mlade Europe.\"],\n        [11,\"11 Navedi barem dva primjera nizina u Europi.\"],\n        [12,\"12 \u0160to zna\u010di kada ka\u017eemo da je Europa najmaritimsniji kontinent?\"],\n        [13,\"13 U \u010demu je va\u017enost Sjevernog mora?\"],\n        [14,\"14 Koja je najprometnija morska luka Europe? Za\u0161to?\"],\n        [15,\"15 Koja je najprometnija europska rijeka? Za\u0161to?\"],\n        [16,\"16 Koja je najdulja europska rijeka?\"],\n        [17,\"17 Koje je najve\u0107e jezero u Europi, a koje je najve\u0107e cijelom svojom povr\u0161inom?\"],\n        [18,\"18 Koji tip klime i vegetacija je najra\u0161irenija na jugu Europe?\"],\n        [19,\"19 Koji tip klime i vegetacija je najra\u0161irenija na istoku i sjeveru Europe?\"],\n        [20,\"20 Koji je najra\u0161ireniji tip klime u Zapadnoj, Srednjoj i Jugoisto\u010dnoj Europi? Koja je vegetacija?\"],\n       \n\t]);\ndocument.getElementById(\"demo0\").innerHTML = pitanje.get(x);\n}\n<\/script>\n\n\n\n<input id=\"brojPitanja\" value=\"1\">\n<button onclick=\"myOdgovor()\">Klikni za odgovor<\/button>\n<br><br>\n<p id=\"demo1\"><\/p>\n<script>\nfunction myOdgovor(){\n\t\n        var y = document.getElementById(\"brojPitanja\").value;\n\n\/\/ Create a Map\n\tlet odgovor = new Map([\n\t[\"1\",\"Dogovorena granica prolazi gorjem Ural, rijekom Ural, Kaspijski jezerom, planinskim lancem Kavkaz te morskim prolazima Bospor i Dardaneli.\"],\n\t[\"2\",\"U politi\u010dkim granicama Europu \u010dine 44 dr\u017eave.\"],\n\t[\"3\",\"Geografski polo\u017eaj je veoma povoljean jer se nalazi u sredi\u0161tu kopnene polutke pa se mo\u017ee lako povezati s najnaseljenijim i najrazvijenijim prostorima svijeta.\"],\n\t[\"4\",\"Europa se nalazi na sjevernoj polutki, a najve\u0107i dio je u umjerenom toplinskom pojasu. Kroz Europu prolazi po\u010detni meridijan pa pripada isto\u010dnoj i zapadnoj polutki.\"],\n        [\"5\",\"Europske regije su: Srednja, Ju\u017ena, Jugoisto\u010dna, Sjeverna, Zapadna i Isto\u010dna Europa.\"],\n        [\"6\",\"Geologija prou\u010dava gra\u0111u i pro\u0161lost Zemlje.\"],\n        [\"7\",\"Eon fanerozoik se dijeli na ere: paleozoik, mezozoik, kenozoik.\"],\n        [\"8\",\"Prastara Europa: Balti\u010dki \u0161tit, Ruska platforma, Ukrajinski \u0161tit.\"],\n        [\"9\",\"Stara Europa: Skandinavsko gorje, Ural, Sredi\u0161nji masiv, gorja Velike Britanije, Njema\u010dko-\u010de\u0161ko sredogorje...\"],\n        [\"10\",\"Mlada Europa: Alpe, Pireneji, Apenini, Dinaridi, Karpati, Kavkaz...\"],\n        [\"11\",\"Nizine u Europi: Isto\u010dnoeuropska, Panonska, Vla\u0161ka, Padska, Andaluzijska...\"],\n        [\"12\",\"Maritimnost zna\u010di da more blagotvorno utje\u010de na klimu te da more utje\u010de na gospodarstvo i na\u010din \u017eivota ljudi.\"],\n        [\"13\",\"Sjeverno more s La Manche-om je jedno od najprometnijih mora svijeta i okru\u017eeno je najrazvijenim dr\u017eavama Europe.\"],\n        [\"14\",\"Luka Rotterdam je najprometnija u Europi, a nalazi se na u\u0161\u0107u rijeke Rajne.\"],\n        [\"15\",\"To je rijeka Rajna koja putem kanala i rijeka Majne i Dunava povezuje Sjeverno i Crno more.\"],\n        [\"16\",\"To je rijeka Volga u kaspijskom slijevu.\"],\n        [\"17\",\"Najve\u0107e europazijsko jezero je Kaspijsko, a najve\u0107e europsko je jezero Ladoga.\"],\n        [\"18\",\"Sredozemna klima, a vegetacija je makija.\"],\n        [\"19\",\"Vla\u017ena snje\u017eno-\u0161umska klima, a vegetacija je vazdazelena \u0161uma - tajga.\"],\n        [\"20\",\"Najra\u0161ireniji tip je umjereno topla vla\u017ena klima, a vegetacija je listopadna \u0161uma i pa\u0161njaci.\"],\n        \n\t]);\ndocument.getElementById(\"demo1\").innerHTML = odgovor.get(y);\n}\n<\/script>\n","protected":false},"excerpt":{"rendered":"<p>Klikni za pitanje Klikni za odgovor<\/p>\n","protected":false},"author":1,"featured_media":0,"parent":7493,"menu_order":0,"comment_status":"closed","ping_status":"closed","template":"","meta":{"footnotes":""},"class_list":["post-7600","page","type-page","status-publish","hentry"],"_links":{"self":[{"href":"https:\/\/vesnajanko.eu\/index.php?rest_route=\/wp\/v2\/pages\/7600","targetHints":{"allow":["GET"]}}],"collection":[{"href":"https:\/\/vesnajanko.eu\/index.php?rest_route=\/wp\/v2\/pages"}],"about":[{"href":"https:\/\/vesnajanko.eu\/index.php?rest_route=\/wp\/v2\/types\/page"}],"author":[{"embeddable":true,"href":"https:\/\/vesnajanko.eu\/index.php?rest_route=\/wp\/v2\/users\/1"}],"replies":[{"embeddable":true,"href":"https:\/\/vesnajanko.eu\/index.php?rest_route=%2Fwp%2Fv2%2Fcomments&post=7600"}],"version-history":[{"count":3,"href":"https:\/\/vesnajanko.eu\/index.php?rest_route=\/wp\/v2\/pages\/7600\/revisions"}],"predecessor-version":[{"id":10127,"href":"https:\/\/vesnajanko.eu\/index.php?rest_route=\/wp\/v2\/pages\/7600\/revisions\/10127"}],"up":[{"embeddable":true,"href":"https:\/\/vesnajanko.eu\/index.php?rest_route=\/wp\/v2\/pages\/7493"}],"wp:attachment":[{"href":"https:\/\/vesnajanko.eu\/index.php?rest_route=%2Fwp%2Fv2%2Fmedia&parent=7600"}],"curies":[{"name":"wp","href":"https:\/\/api.w.org\/{rel}","templated":true}]}}