{"id":7581,"date":"2022-10-25T18:41:46","date_gmt":"2022-10-25T17:41:46","guid":{"rendered":"https:\/\/vesnajanko.eu\/?page_id=7581"},"modified":"2025-11-06T18:53:39","modified_gmt":"2025-11-06T17:53:39","slug":"sunce-zemlja-mjesec","status":"publish","type":"page","link":"https:\/\/vesnajanko.eu\/?page_id=7581","title":{"rendered":"Sunce, Zemlja, Mjesec"},"content":{"rendered":"\n<div class=\"wp-block-group\"><div class=\"wp-block-group__inner-container is-layout-constrained wp-block-group-is-layout-constrained\">\n<ul style=\"background-color:#fcb90066\" class=\"wp-block-list has-background\">\n<li class=\"has-small-font-size\">navodi osnovna obilje\u017eja i zna\u010denje Sunca i Mjeseca<\/li>\n\n\n\n<li class=\"has-small-font-size\">obja\u0161njava Mjese\u010deve mijene<\/li>\n\n\n\n<li class=\"has-small-font-size\">obja\u0161njava pomr\u010dinu Sunca i Mjeseca<\/li>\n\n\n\n<li class=\"has-small-font-size\">obja\u0161njava posljedice rotacije Zemlje te posljedice revolucije Zemlje i<br>nagnutosti Zemljine osi<\/li>\n<\/ul>\n<\/div><\/div>\n\n\n\n<div style=\"height:48px\" aria-hidden=\"true\" class=\"wp-block-spacer\"><\/div>\n\n\n\n<p class=\"has-pale-ocean-gradient-background has-background\"><strong><a href=\"https:\/\/drive.google.com\/file\/d\/1eI8fLuHacbSWpVS4yZqIibD44KX0qE28\/view?usp=sharing\" target=\"_blank\" rel=\"noreferrer noopener\">PDF prezentacija<\/a><\/strong><\/p>\n\n\n\n<iframe loading=\"lazy\" src=\"https:\/\/docs.google.com\/presentation\/d\/e\/2PACX-1vSz1_NLU0W-_cq2gOhA-lLZcTiN_RX5egF5AaqjPfsGg8V615adGDEk7J3hWzW3dbr-L3B_H3dZ7hXS\/pubembed?start=false&#038;loop=false&#038;delayms=3000\" frameborder=\"0\" width=\"960\" height=\"569\" allowfullscreen=\"true\" mozallowfullscreen=\"true\" webkitallowfullscreen=\"true\"><\/iframe>\n\n\n\n<p class=\"has-pale-cyan-blue-background-color has-background\">Geobilje\u017enica:<\/p>\n\n\n\n<p class=\"has-text-align-center\"><span style=\"text-decoration: underline;\">Sunce, Zemlja i Mjesec<\/span><\/p>\n\n\n\n<p><strong>Sun\u010deva energija<\/strong> pokre\u0107e prirodne procese na Zemlji, fotosinteza va\u017ena za \u017eivot na Zemlji.<br>Povr\u0161ina <strong>Zemlje<\/strong> je 510 milijuna km2. <br><strong>Zemlja<\/strong> se okre\u0107e oko svoje osi (rotacija) od zapada prema istoku &#8211; posljedica je izmjena dana i no\u0107i, spljo\u0161tenost na polovima.<br><strong>Zemlja<\/strong> se okre\u0107e oko Sunca (revolucija) te je nagnuta 66\u00b030&#8242; na ravninu ekliptike &#8211; posljedica je izmjena godi\u0161njih doba, razli\u010dito trajanje dana i no\u0107i.<br><strong>Mjesec<\/strong> je prirodni Zemljin satelit koji se okre\u0107e zajedno sa Zemljom, udaljen oko 380 000 km.<br>Zbog privla\u010dne sile <strong>Mjeseca<\/strong> izmjenjuju se morske mijene (plima i oseka).<br>Razlikujemo \u010detiri mjese\u010deve mijene: mla\u0111ak, prva \u010detvrt, u\u0161tap i zadnja \u010detvrt.<br>Pomr\u010dina Sunca: S &#8211; M &#8211; Z<br>Pomr\u010dina Mjeseca: S &#8211; Z &#8211; M<\/p>\n","protected":false},"excerpt":{"rendered":"<p>PDF prezentacija Geobilje\u017enica: Sunce, Zemlja i Mjesec Sun\u010deva energija pokre\u0107e prirodne procese na Zemlji, fotosinteza va\u017ena za \u017eivot na Zemlji.Povr\u0161ina Zemlje je 510 milijuna km2. Zemlja se okre\u0107e oko svoje osi (rotacija) od zapada prema istoku &#8211; posljedica je izmjena dana i no\u0107i, spljo\u0161tenost na polovima.Zemlja se okre\u0107e oko Sunca&#8230; <a href=\"https:\/\/vesnajanko.eu\/?page_id=7581\" class=\"readmore\">Vi\u0161e<span class=\"screen-reader-text\">&#8220;Sunce, Zemlja, Mjesec&#8221;<\/span><\/a><\/p>\n","protected":false},"author":1,"featured_media":0,"parent":7239,"menu_order":0,"comment_status":"closed","ping_status":"closed","template":"templates\/page-full-width.php","meta":{"footnotes":""},"class_list":["post-7581","page","type-page","status-publish","hentry"],"_links":{"self":[{"href":"https:\/\/vesnajanko.eu\/index.php?rest_route=\/wp\/v2\/pages\/7581","targetHints":{"allow":["GET"]}}],"collection":[{"href":"https:\/\/vesnajanko.eu\/index.php?rest_route=\/wp\/v2\/pages"}],"about":[{"href":"https:\/\/vesnajanko.eu\/index.php?rest_route=\/wp\/v2\/types\/page"}],"author":[{"embeddable":true,"href":"https:\/\/vesnajanko.eu\/index.php?rest_route=\/wp\/v2\/users\/1"}],"replies":[{"embeddable":true,"href":"https:\/\/vesnajanko.eu\/index.php?rest_route=%2Fwp%2Fv2%2Fcomments&post=7581"}],"version-history":[{"count":8,"href":"https:\/\/vesnajanko.eu\/index.php?rest_route=\/wp\/v2\/pages\/7581\/revisions"}],"predecessor-version":[{"id":10162,"href":"https:\/\/vesnajanko.eu\/index.php?rest_route=\/wp\/v2\/pages\/7581\/revisions\/10162"}],"up":[{"embeddable":true,"href":"https:\/\/vesnajanko.eu\/index.php?rest_route=\/wp\/v2\/pages\/7239"}],"wp:attachment":[{"href":"https:\/\/vesnajanko.eu\/index.php?rest_route=%2Fwp%2Fv2%2Fmedia&parent=7581"}],"curies":[{"name":"wp","href":"https:\/\/api.w.org\/{rel}","templated":true}]}}