{"id":7578,"date":"2022-10-25T18:31:56","date_gmt":"2022-10-25T17:31:56","guid":{"rendered":"https:\/\/vesnajanko.eu\/?page_id=7578"},"modified":"2024-10-24T18:30:33","modified_gmt":"2024-10-24T17:30:33","slug":"suncev-sustav","status":"publish","type":"page","link":"https:\/\/vesnajanko.eu\/?page_id=7578","title":{"rendered":"Sun\u010dev sustav"},"content":{"rendered":"\n<p>Stranice ud\u017ebenika: 23. &#8211; 27.<\/p>\n\n\n\n<figure class=\"wp-block-embed is-type-video is-provider-youtube wp-block-embed-youtube wp-embed-aspect-16-9 wp-has-aspect-ratio\"><div class=\"wp-block-embed__wrapper\">\n<iframe loading=\"lazy\" title=\"Sun 101 | National Geographic\" width=\"730\" height=\"411\" src=\"https:\/\/www.youtube.com\/embed\/2HoTK_Gqi2Q?feature=oembed\" frameborder=\"0\" allow=\"accelerometer; autoplay; clipboard-write; encrypted-media; gyroscope; picture-in-picture; web-share\" referrerpolicy=\"strict-origin-when-cross-origin\" allowfullscreen><\/iframe>\n<\/div><\/figure>\n\n\n\n<div style=\"height:84px\" aria-hidden=\"true\" class=\"wp-block-spacer\"><\/div>\n\n\n\n<figure class=\"wp-block-embed is-type-video is-provider-youtube wp-block-embed-youtube wp-embed-aspect-16-9 wp-has-aspect-ratio\"><div class=\"wp-block-embed__wrapper\">\n<iframe loading=\"lazy\" title=\"Solar System 101 | National Geographic\" width=\"730\" height=\"411\" src=\"https:\/\/www.youtube.com\/embed\/libKVRa01L8?feature=oembed\" frameborder=\"0\" allow=\"accelerometer; autoplay; clipboard-write; encrypted-media; gyroscope; picture-in-picture; web-share\" referrerpolicy=\"strict-origin-when-cross-origin\" allowfullscreen><\/iframe>\n<\/div><\/figure>\n\n\n\n<p>ZADATAK<br>U paru (ili u troje) izdvojite <strong>pet<\/strong> (5) bitnih \u010dinjenica o zadanom planetu ili Sun\u010devu sustavu. <\/p>\n\n\n\n<div style=\"height:36px\" aria-hidden=\"true\" class=\"wp-block-spacer\"><\/div>\n\n\n\n<p class=\"has-pale-cyan-blue-background-color has-background\">Geobilje\u0161ke<\/p>\n\n\n\n<p class=\"has-text-align-center\"><span style=\"text-decoration: underline;\">Sun\u010dev sustav<\/span><\/p>\n\n\n\n<ul class=\"wp-block-list\">\n<li>\u010dine ga Sunce u sredi\u0161tu, planeti i ostala nebeska tijela koja kru\u017ee oko Sunca<\/li>\n\n\n\n<li>Sunce je zvijezda (u\u017earena kugla), nastala prije 4.6 milijardi godina<\/li>\n\n\n\n<li>planeti su kuglasta nebeska tijela bez vlastitog izvora energije i svjetlosti, 8 planeta u Sun\u010devom sustavu<\/li>\n\n\n\n<li>Zemljina skupina: Merkur, Venera, Zemlja, Mars (gra\u0111eni od stijena)<\/li>\n\n\n\n<li>Jupiterova skupina: Jupiter, Saturn, Uran, Neptun<\/li>\n\n\n\n<li>izme\u0111u tih skupina je pojas asteroida<\/li>\n<\/ul>\n","protected":false},"excerpt":{"rendered":"<p>Stranice ud\u017ebenika: 23. &#8211; 27. ZADATAKU paru (ili u troje) izdvojite pet (5) bitnih \u010dinjenica o zadanom planetu ili Sun\u010devu sustavu. Geobilje\u0161ke Sun\u010dev sustav<\/p>\n","protected":false},"author":1,"featured_media":0,"parent":7239,"menu_order":2,"comment_status":"closed","ping_status":"closed","template":"templates\/page-full-width.php","meta":{"footnotes":""},"class_list":["post-7578","page","type-page","status-publish","hentry"],"_links":{"self":[{"href":"https:\/\/vesnajanko.eu\/index.php?rest_route=\/wp\/v2\/pages\/7578","targetHints":{"allow":["GET"]}}],"collection":[{"href":"https:\/\/vesnajanko.eu\/index.php?rest_route=\/wp\/v2\/pages"}],"about":[{"href":"https:\/\/vesnajanko.eu\/index.php?rest_route=\/wp\/v2\/types\/page"}],"author":[{"embeddable":true,"href":"https:\/\/vesnajanko.eu\/index.php?rest_route=\/wp\/v2\/users\/1"}],"replies":[{"embeddable":true,"href":"https:\/\/vesnajanko.eu\/index.php?rest_route=%2Fwp%2Fv2%2Fcomments&post=7578"}],"version-history":[{"count":11,"href":"https:\/\/vesnajanko.eu\/index.php?rest_route=\/wp\/v2\/pages\/7578\/revisions"}],"predecessor-version":[{"id":9430,"href":"https:\/\/vesnajanko.eu\/index.php?rest_route=\/wp\/v2\/pages\/7578\/revisions\/9430"}],"up":[{"embeddable":true,"href":"https:\/\/vesnajanko.eu\/index.php?rest_route=\/wp\/v2\/pages\/7239"}],"wp:attachment":[{"href":"https:\/\/vesnajanko.eu\/index.php?rest_route=%2Fwp%2Fv2%2Fmedia&parent=7578"}],"curies":[{"name":"wp","href":"https:\/\/api.w.org\/{rel}","templated":true}]}}