{"id":750,"date":"2015-11-01T22:04:31","date_gmt":"2015-11-01T22:04:31","guid":{"rendered":"https:\/\/vesnajanko.eu\/?page_id=750"},"modified":"2025-11-02T16:17:12","modified_gmt":"2025-11-02T15:17:12","slug":"7-15-suvremena-obiljezja-stanovnistva","status":"publish","type":"page","link":"https:\/\/vesnajanko.eu\/?page_id=750","title":{"rendered":"Stanovni\u0161tvo Europe"},"content":{"rendered":"\n<p class=\"has-large-font-size\">Prirodno kretanje i biolo\u0161ka struktura<\/p>\n\n\n\n<p>Rad uz ud\u017ebenik 45. &#8211; 49.<\/p>\n\n\n\n<p class=\"has-pale-ocean-gradient-background has-background\"><a href=\"https:\/\/drive.google.com\/file\/d\/1G7oxaLWr3dMBFedsHLsuoBXMlAJ8olXN\/view?usp=sharing\" target=\"_blank\" rel=\"noreferrer noopener\">PDF prezentacija<\/a><\/p>\n\n\n\n<!--nextpage-->\n\n\n\n<p class=\"has-large-font-size\">Gospodarska, etni\u010dka i vjerska struktura<\/p>\n\n\n\n<p>Drugi sat, rad po skupinama.<\/p>\n\n\n\n<p>Rad u servisu Google dokumenti i s ud\u017ebenikom str. 49. &#8211; 52.<\/p>\n\n\n\n<p>Razredi:<\/p>\n\n\n\n<div class=\"wp-block-group is-layout-grid wp-container-core-group-is-layout-9649a0d9 wp-block-group-is-layout-grid\">\n<p class=\"has-text-align-center\"><strong><a href=\"https:\/\/drive.google.com\/drive\/folders\/1Be7gCaUBay2MCRJSFNf1xBhZMy0vRVHO?usp=sharing\" target=\"_blank\" rel=\"noreferrer noopener\">7.a<\/a><\/strong><\/p>\n\n\n\n<p class=\"has-text-align-center\"><strong><a href=\"https:\/\/drive.google.com\/drive\/folders\/1xN14cXmKWuxeIt5a6JcDHXPHBy8sb-nh?usp=sharing\" target=\"_blank\" rel=\"noreferrer noopener\">7.c<\/a><\/strong><\/p>\n\n\n\n<p class=\"has-text-align-center\"><strong><a href=\"https:\/\/drive.google.com\/drive\/folders\/1xfrm_5uGSRxGqED-rQBAIGN9ky2d17r8?usp=sharing\" target=\"_blank\" rel=\"noreferrer noopener\">7.d<\/a><\/strong><\/p>\n\n\n\n<p class=\"has-text-align-center\"><strong><a href=\"https:\/\/drive.google.com\/drive\/folders\/1No7WCmjODICRE7cCLrNvtLxN5L_oDxgt?usp=sharing\" target=\"_blank\" rel=\"noreferrer noopener\">7.e<\/a><\/strong><\/p>\n<\/div>\n\n\n\n<div style=\"height:59px\" aria-hidden=\"true\" class=\"wp-block-spacer\"><\/div>\n\n\n\n<h4 class=\"wp-block-heading has-pale-cyan-blue-background-color has-background\">Geobilje\u0161ke<\/h4>\n\n\n\n<p class=\"has-text-align-center\"><span style=\"text-decoration: underline;\">Stanovni\u0161tvo Europe<\/span><\/p>\n\n\n\n<p>-prirodno kretanje: smanjenje rodnosti, porast smrtnosti \u2013 <strong>europsko stanovni\u0161tvo stari<\/strong><br>-provode se razli\u010dite mjere za pove\u0107anje rodnosti &#8211; <strong>populacijska politika<\/strong><br>-najvi\u0161e zaposlenih u tercijarnom sektoru<br>-brojni jezici, prevladavaju indoeuropski (germanski, slavenski, romanski i ostali)<br>-najvi\u0161e sljedbenika kr\u0161\u0107anstva (katolici, pravoslavni, protestanti), a zatim neopredijeljeni pa muslimani, \u017eidovi, hinduisti i budisti<\/p>\n","protected":false},"excerpt":{"rendered":"<p>Prirodno kretanje i biolo\u0161ka struktura Rad uz ud\u017ebenik 45. &#8211; 49. PDF prezentacija<\/p>\n","protected":false},"author":1,"featured_media":0,"parent":12,"menu_order":0,"comment_status":"closed","ping_status":"closed","template":"templates\/page-full-width.php","meta":{"footnotes":""},"class_list":["post-750","page","type-page","status-publish","hentry"],"_links":{"self":[{"href":"https:\/\/vesnajanko.eu\/index.php?rest_route=\/wp\/v2\/pages\/750","targetHints":{"allow":["GET"]}}],"collection":[{"href":"https:\/\/vesnajanko.eu\/index.php?rest_route=\/wp\/v2\/pages"}],"about":[{"href":"https:\/\/vesnajanko.eu\/index.php?rest_route=\/wp\/v2\/types\/page"}],"author":[{"embeddable":true,"href":"https:\/\/vesnajanko.eu\/index.php?rest_route=\/wp\/v2\/users\/1"}],"replies":[{"embeddable":true,"href":"https:\/\/vesnajanko.eu\/index.php?rest_route=%2Fwp%2Fv2%2Fcomments&post=750"}],"version-history":[{"count":44,"href":"https:\/\/vesnajanko.eu\/index.php?rest_route=\/wp\/v2\/pages\/750\/revisions"}],"predecessor-version":[{"id":10160,"href":"https:\/\/vesnajanko.eu\/index.php?rest_route=\/wp\/v2\/pages\/750\/revisions\/10160"}],"up":[{"embeddable":true,"href":"https:\/\/vesnajanko.eu\/index.php?rest_route=\/wp\/v2\/pages\/12"}],"wp:attachment":[{"href":"https:\/\/vesnajanko.eu\/index.php?rest_route=%2Fwp%2Fv2%2Fmedia&parent=750"}],"curies":[{"name":"wp","href":"https:\/\/api.w.org\/{rel}","templated":true}]}}