{"id":7499,"date":"2022-10-21T19:49:02","date_gmt":"2022-10-21T18:49:02","guid":{"rendered":"https:\/\/vesnajanko.eu\/?page_id=7499"},"modified":"2022-11-04T09:51:01","modified_gmt":"2022-11-04T08:51:01","slug":"zasto-je-vazno-pratiti-vremensku-prognozu","status":"publish","type":"page","link":"https:\/\/vesnajanko.eu\/?page_id=7499","title":{"rendered":"Za\u0161to je va\u017eno pratiti vremensku prognozu"},"content":{"rendered":"\n<p class=\"has-luminous-vivid-amber-background-color has-background\">Klikni gumb za pitanje po slu\u010dajnom odabiru, a zatim upi\u0161i broj ispred pitanja za provjeru usmenog odgovora.<\/p>\n\n\n\n<button onclick=\"myPitanje()\">Klikni za pitanje<\/button>\n<br><br>\n<p id=\"demo0\"><\/p>\n\n<script>\nfunction myPitanje(){\n\tvar x = Math.floor(Math.random()* 21) + 1;\n\n\/\/ Create a Map\n\tlet pitanje = new Map([\n\t[1,\"1 \u0160to je vrijeme?\"],\n\t[2,\"2 \u0160to je klima?\"],\n\t[3,\"3 \u0160to je atmosfera?\"],\n\t[4,\"4 Kako se naziva najni\u017ei sloj atmosfere?\"],\n        [5,\"5 Imenuj barem tri klimatska elementa.\"],\n        [6,\"6 Tko stru\u010dno sastavlja vremensku prognozu?\"],\n        [7,\"7 Kako se temperatura mijenja s nadmorskom visinom?\"],\n        [8,\"8 \u010cime se mjeri temperatura zraka?\"],\n        [9,\"9 \u010cime se mjeri tlak zraka?\"],\n        [10,\"10 Kako nastaje vjetar?\"],\n        [11,\"11 Kakvo vrijeme donosi anticiklona?\"],\n        [12,\"12 Kakvo vrijeme donosi ciklona?\"],\n        [13,\"13 Koliko iznosi normalan tlak zraka?\"],\n        [14,\"14 Imenuj planetarne vjetrove.\"],\n        [15,\"15 Opi\u0161i kako nastaju padaline.\"],\n        [16,\"16 Koje padaline nastaju pri tlu, a koje u oblacima.\"],\n        [17,\"17 Opi\u0161i kako nastaju padaline.\"],\n        [18,\"18 \u0160to je Zemljina revolucija i koliko traje?\"],\n        [19,\"19 \u0160to su posljedice Zemljine revolucije i nagnutosti osi na ravninu ophodnje?\"],\n        [20,\"20 Kojeg dana su sun\u010deve zrake pod pravim kutom na sjevernoj obratnici?\"],\n        [21,\"21 Imenuj toplinske pojaseve od sjevera prema jugu.\"],\n\t]);\ndocument.getElementById(\"demo0\").innerHTML = pitanje.get(x);\n}\n<\/script>\n\n\n\n<p class=\"has-vivid-purple-color has-text-color has-small-font-size\">Upi\u0161i broj ispred pitanja za odgovor.<\/p>\n\n\n\n<input id=\"brojPitanja\" value=\"1\">\n<button onclick=\"myOdgovor()\">Klikni za odgovor<\/button>\n<br><br>\n<p id=\"demo1\"><\/p>\n<script>\nfunction myOdgovor(){\n\t\n        var y = document.getElementById(\"brojPitanja\").value;\n\n\/\/ Create a Map\n\tlet odgovor = new Map([\n\t[\"1\",\"Trenutno stanje u atmosferi nad nekim mjestom.\"],\n\t[\"2\",\"Prosje\u010dno stanje u atmosferi nad nekim mjestom.\"],\n\t[\"3\",\"Atmosfera je plinoviti zra\u010dni omota\u010d oko Zemlje.\"],\n\t[\"4\",\"Najni\u017ei sloj atmosfere je troposfera.\"],\n        [\"5\",\"Klimatski elementi su: temperatura, tlak, vla\u017enost zraka, naoblaka, osun\u010danost...\"],\n        [\"6\",\"Stru\u010dnjaci za vremensku prognozu su meteorolozi.\"],\n        [\"7\",\"Za svakih 200 m visine smanjuje se za 1\u00b0C.\"],\n        [\"8\",\"Temperaturu zraka mjerimo termometrom.\"],\n        [\"9\",\"Tlak zraka mjerimo barometrom.\"],\n        [\"10\",\"Vjetar nastaje strujanjem zraka iz podru\u010dja visokog tlaka u podru\u010dje niskog tlaka zraka.\"],\n        [\"11\",\"Anticiklona donosi stabilno i vedro vrijeme.\"],\n        [\"12\",\"Ciklona donosi nestabilno i obla\u010dno vrijeme.\"],\n        [\"13\",\"Normalan tlak iznosi 1013 hPa, a to je prosje\u010dan tlak zraka na morskoj razini.\"],\n        [\"14\",\"U \u017earkom pojasu su pasati, u umjerenom glavni zapadni vjetrovi i u hladnim toplinskim pojasevima su polarni isto\u010dni vjetrovi.\"],\n        [\"15\",\"Sunce zagrijava povr\u0161inu, zrak se zagrijava te voda isparava a u zrak dospijeva vodena para. Topao i vla\u017ean se di\u017ee i hladi te nastaju oblaci iz kojih pada ki\u0161a, ako se zrak ohladi pri tlu nastaje magla. \"],\n        [\"16\",\"Pri tlu nastaje rosa, inje i mraz, a u oblaku ki\u0161a, snijeg, tu\u010da.\"],\n        [\"17\",\"Padaline u oblaku nastaju zbog reljefnog uzvi\u0161enja, zbog susreta toplog i hladnog zraka i zbog naglog zagrijavanja podloge.\"],\n        [\"18\",\"Zemljina revolucija je okretanje Zemlje oko Sunca i traje 365 dana i 6 sati.\"],\n        [\"19\",\"Posljedice su izmjena godi\u0161njih doba i razli\u010dito trajanje dana i no\u0107i.\"],\n        [\"20\",\"Sun\u010deve zrake su pod pravim kutom 21. lipnja i to je ljetni suncostaj na sjevernoj polutki.\"],\n        [\"21\",\"Toplinski pojasevi od sjevera prema jugu: sjeverni hladni, sjeverni umjereni, \u017earki, ju\u017eni umjereni i ju\u017eni hladni toplinski pojas.\"],\n\t]);\ndocument.getElementById(\"demo1\").innerHTML = odgovor.get(y);\n}\n<\/script>\n","protected":false},"excerpt":{"rendered":"<p>Klikni gumb za pitanje po slu\u010dajnom odabiru, a zatim upi\u0161i broj ispred pitanja za provjeru usmenog odgovora. Klikni za pitanje Upi\u0161i broj ispred pitanja za odgovor. Klikni za odgovor<\/p>\n","protected":false},"author":1,"featured_media":0,"parent":7493,"menu_order":0,"comment_status":"closed","ping_status":"closed","template":"","meta":{"footnotes":""},"class_list":["post-7499","page","type-page","status-publish","hentry"],"_links":{"self":[{"href":"https:\/\/vesnajanko.eu\/index.php?rest_route=\/wp\/v2\/pages\/7499","targetHints":{"allow":["GET"]}}],"collection":[{"href":"https:\/\/vesnajanko.eu\/index.php?rest_route=\/wp\/v2\/pages"}],"about":[{"href":"https:\/\/vesnajanko.eu\/index.php?rest_route=\/wp\/v2\/types\/page"}],"author":[{"embeddable":true,"href":"https:\/\/vesnajanko.eu\/index.php?rest_route=\/wp\/v2\/users\/1"}],"replies":[{"embeddable":true,"href":"https:\/\/vesnajanko.eu\/index.php?rest_route=%2Fwp%2Fv2%2Fcomments&post=7499"}],"version-history":[{"count":50,"href":"https:\/\/vesnajanko.eu\/index.php?rest_route=\/wp\/v2\/pages\/7499\/revisions"}],"predecessor-version":[{"id":7599,"href":"https:\/\/vesnajanko.eu\/index.php?rest_route=\/wp\/v2\/pages\/7499\/revisions\/7599"}],"up":[{"embeddable":true,"href":"https:\/\/vesnajanko.eu\/index.php?rest_route=\/wp\/v2\/pages\/7493"}],"wp:attachment":[{"href":"https:\/\/vesnajanko.eu\/index.php?rest_route=%2Fwp%2Fv2%2Fmedia&parent=7499"}],"curies":[{"name":"wp","href":"https:\/\/api.w.org\/{rel}","templated":true}]}}