{"id":7493,"date":"2022-10-21T19:41:20","date_gmt":"2022-10-21T18:41:20","guid":{"rendered":"https:\/\/vesnajanko.eu\/?page_id=7493"},"modified":"2025-12-18T10:21:33","modified_gmt":"2025-12-18T09:21:33","slug":"geopitalica","status":"publish","type":"page","link":"https:\/\/vesnajanko.eu\/?page_id=7493","title":{"rendered":"Geopitalica"},"content":{"rendered":"\n<p class=\"has-text-align-center has-electric-grass-gradient-background has-background has-medium-font-size\"><a href=\"https:\/\/skole.loomen.carnet.hr\/course\/view.php?id=3794\" target=\"_blank\" rel=\"noreferrer noopener\">Loomen za 6. razred<\/a><\/p>\n\n\n\n<p class=\"has-text-align-center has-electric-grass-gradient-background has-background has-medium-font-size\"><a href=\"https:\/\/skole.loomen.carnet.hr\/course\/view.php?id=3800\" target=\"_blank\" rel=\"noreferrer noopener\">Loomen za 7. razred<\/a><\/p>\n\n\n\n<p class=\"has-text-align-center has-electric-grass-gradient-background has-background has-medium-font-size\"><a href=\"https:\/\/skole.loomen.carnet.hr\/course\/view.php?id=3818\" target=\"_blank\" rel=\"noreferrer noopener\">Loomen za 8. razred<\/a><\/p>\n\n\n\n<p class=\"has-large-font-size\"><strong>Geografska znanja<\/strong><\/p>\n\n\n\n<div class=\"wp-block-columns is-layout-flex wp-container-core-columns-is-layout-9d6595d7 wp-block-columns-is-layout-flex\">\n<div class=\"wp-block-column is-layout-flow wp-block-column-is-layout-flow\">\n<p class=\"has-text-align-center has-pale-cyan-blue-background-color has-background\"><strong>6. razred<\/strong><\/p>\n\n\n\n<p class=\"has-white-background-color has-background\"><a href=\"https:\/\/vesnajanko.eu\/?page_id=7499\">Vrijeme i klima<\/a><\/p>\n\n\n\n<p class=\"has-white-background-color has-background\"><a href=\"https:\/\/vesnajanko.eu\/?page_id=9636\">Stanovni\u0161tvo svijeta i Hrvatske<\/a><\/p>\n\n\n\n<p class=\"has-white-background-color has-background\"><a href=\"https:\/\/wordwall.net\/hr\/resource\/57609181\" target=\"_blank\" rel=\"noreferrer noopener\">Suvremena Hrvatska, gra\u0111anska prava, naselja<\/a><\/p>\n<\/div>\n\n\n\n<div class=\"wp-block-column is-layout-flow wp-block-column-is-layout-flow\">\n<p class=\"has-text-align-center has-pale-cyan-blue-background-color has-background\"><strong>7. razred<\/strong><\/p>\n\n\n\n<p class=\"has-white-background-color has-background\"><a href=\"https:\/\/vesnajanko.eu\/?page_id=7600\">Op\u0107a i prirodno-geografska obilje\u017eja Europe<\/a><\/p>\n\n\n\n<p class=\"has-white-background-color has-background\"><a rel=\"noreferrer noopener\" href=\"https:\/\/wordwall.net\/hr\/resource\/53553620\" target=\"_blank\">Srednja i Ju\u017ena Europa<\/a><\/p>\n<\/div>\n\n\n\n<div class=\"wp-block-column is-layout-flow wp-block-column-is-layout-flow\">\n<p class=\"has-text-align-center has-pale-cyan-blue-background-color has-background\"><strong>8. razred<\/strong><\/p>\n\n\n\n<p class=\"has-white-background-color has-background\"><a href=\"https:\/\/wordwall.net\/hr\/resource\/100025772\" target=\"_blank\" rel=\"noreferrer noopener\">Geografske karte i orijentacija<\/a><\/p>\n\n\n\n<p class=\"has-white-background-color has-background\"><a rel=\"noreferrer noopener\" href=\"https:\/\/wordwall.net\/hr\/resource\/39126152\" target=\"_blank\">Planet Zemlja<\/a><\/p>\n\n\n\n<p class=\"has-white-background-color has-background\"><a href=\"https:\/\/vesnajanko.eu\/?page_id=9604\">Azija<\/a><\/p>\n\n\n\n<p class=\"has-white-background-color has-background\"><a href=\"https:\/\/vesnajanko.eu\/?page_id=9604&amp;page=2\">Afrika<\/a><\/p>\n\n\n\n<p class=\"has-white-background-color has-background\"><a href=\"https:\/\/wordwall.net\/hr\/resource\/71911128\" target=\"_blank\" rel=\"noreferrer noopener\">Amerika<\/a><\/p>\n\n\n\n<p class=\"has-white-background-color has-background\"><a href=\"https:\/\/wordwall.net\/hr\/resource\/92087663\" target=\"_blank\" rel=\"noreferrer noopener\">Australija i Oceanija<\/a><\/p>\n<\/div>\n<\/div>\n\n\n\n<p class=\"has-text-align-left has-background has-medium-font-size\" style=\"background-color:#daedf2\"><strong><a rel=\"noreferrer noopener\" href=\"https:\/\/wordwall.net\/hr\/resource\/56929799\" target=\"_blank\">Geokota\u010d<\/a><\/strong><\/p>\n\n\n\n<p class=\"has-large-font-size\"><strong>Geografske vje\u0161tine<\/strong><\/p>\n\n\n\n<div class=\"wp-block-columns is-layout-flex wp-container-core-columns-is-layout-9d6595d7 wp-block-columns-is-layout-flex\">\n<div class=\"wp-block-column is-layout-flow wp-block-column-is-layout-flow\">\n<p class=\"has-text-align-center has-light-green-cyan-background-color has-background\"><strong>6. razred<\/strong><\/p>\n\n\n\n<p class=\"has-background\" style=\"background-color:#9ac0b187\"><a href=\"https:\/\/docs.google.com\/document\/d\/e\/2PACX-1vSXqKlfaFUnQwflXLSnJ6leON6m9J5tBZwk3PpAi8xhT9qu7CoopYwCrFRfbb3Kcq0CvdUSHoGKKsTA\/pub\" data-type=\"link\" data-id=\"https:\/\/docs.google.com\/document\/d\/e\/2PACX-1vSXqKlfaFUnQwflXLSnJ6leON6m9J5tBZwk3PpAi8xhT9qu7CoopYwCrFRfbb3Kcq0CvdUSHoGKKsTA\/pub\" target=\"_blank\" rel=\"noreferrer noopener\">Pra\u0107enje vremenske prognoze<\/a><\/p>\n\n\n\n<p class=\"has-background\" style=\"background-color:#e1f0ea\"><a href=\"https:\/\/h5p.org\/node\/1392975\" target=\"_blank\" rel=\"noreferrer noopener\">Klimatski razredi<\/a><\/p>\n\n\n\n<p class=\"has-background\" style=\"background-color:#c5e6d9\"><a href=\"https:\/\/docs.google.com\/presentation\/d\/e\/2PACX-1vTGvcDbFn1breH_2ZaunN1hOW_5nAbXcH8c6eEqHPNKUC_6-pQCRFAkPJjTh2020I-p-ZpLuKaS_0NB\/pub?start=false&amp;loop=false&amp;delayms=3000\" target=\"_blank\" rel=\"noreferrer noopener\">Analiza podataka<\/a><\/p>\n\n\n\n<p class=\"has-background\" style=\"background-color:#9acdb970\"><a href=\"https:\/\/docs.google.com\/document\/u\/1\/d\/e\/2PACX-1vTWoQNnpGI64Y0-Eep31_LGLc4dM8WxiNE3yAwvhALstFukhp-aCE9oKYsPRAkAHKBtA3m9_aCicLpf\/pub\" data-type=\"link\" data-id=\"https:\/\/docs.google.com\/document\/u\/1\/d\/e\/2PACX-1vTWoQNnpGI64Y0-Eep31_LGLc4dM8WxiNE3yAwvhALstFukhp-aCE9oKYsPRAkAHKBtA3m9_aCicLpf\/pub\" target=\"_blank\" rel=\"noreferrer noopener\">Projekt: Doka\u017ei da si ekoheroj<\/a><\/p>\n\n\n\n<p class=\"has-background\" style=\"background-color:#7bdbb57d\"><a href=\"https:\/\/vesnajanko.eu\/?page_id=7025\">Kretanje stanovnika grada Bjelovara<\/a><\/p>\n<\/div>\n\n\n\n<div class=\"wp-block-column is-layout-flow wp-block-column-is-layout-flow\">\n<p class=\"has-text-align-center has-light-green-cyan-background-color has-background\"><strong>7. razred<\/strong><\/p>\n\n\n\n<p class=\"has-background\" style=\"background-color:#bdded2d1\"><a href=\"https:\/\/vesnajanko.eu\/?page_id=744&amp;page=2\">Gusto\u0107a naseljenosti &#8211; zadatak<\/a><\/p>\n\n\n\n<p class=\"has-background\" style=\"background-color:#96c6af75\"><a href=\"https:\/\/vesnajanko.eu\/?page_id=8831\" data-type=\"page\" data-id=\"8831\">Dru\u0161tveno-geografska obilje\u017eja Europe<\/a><\/p>\n\n\n\n<p class=\"has-background\" style=\"background-color:#a7e4cb\"><a href=\"https:\/\/docs.google.com\/document\/d\/e\/2PACX-1vQDTcU59JvUG6JT2l-bzBE3deoy4uSL8Q-f1LfqK_ankBtBvSRHKuZO2fcLZEpvYpPwHHHCg4kX0s9N\/pub\" target=\"_blank\" rel=\"noreferrer noopener\">Projektni zadatci<\/a><\/p>\n<\/div>\n\n\n\n<div class=\"wp-block-column is-layout-flow wp-block-column-is-layout-flow\">\n<p class=\"has-text-align-center has-light-green-cyan-background-color has-background\"><strong>8. razred<\/strong><\/p>\n\n\n\n<p class=\"has-background\" style=\"background-color:#d0e9de\"><a href=\"https:\/\/wordwall.net\/hr\/resource\/60678788\" data-type=\"link\" data-id=\"https:\/\/wordwall.net\/hr\/resource\/60678788\" target=\"_blank\" rel=\"noreferrer noopener\">Mjerilo geografske karte<\/a><\/p>\n\n\n\n<p class=\"has-background\" style=\"background-color:#d6eae1\"><a href=\"https:\/\/climatecharts.net\/\" target=\"_blank\" rel=\"noreferrer noopener\">Klimatski dijagrami<\/a> &#8211; app<br><a href=\"https:\/\/wordwall.net\/play\/91020\/619\/223\" target=\"_blank\" rel=\"noreferrer noopener\">Provjera: klima dijagr.<\/a><\/p>\n<\/div>\n<\/div>\n\n\n\n<p class=\"has-large-font-size\"><strong>Geografska karta<\/strong><\/p>\n\n\n\n<div class=\"wp-block-columns is-layout-flex wp-container-core-columns-is-layout-9d6595d7 wp-block-columns-is-layout-flex\">\n<div class=\"wp-block-column is-layout-flow wp-block-column-is-layout-flow\">\n<p class=\"has-text-align-center has-luminous-vivid-amber-background-color has-background\"><strong>6. razred<\/strong><\/p>\n\n\n\n<p class=\"has-background\" style=\"background-color:#d1bc828c\"><a href=\"https:\/\/www.purposegames.com\/game\/Au6qWdkP8mG\" target=\"_blank\" rel=\"noreferrer noopener\">Toplinski pojasevi<\/a><\/p>\n\n\n\n<p class=\"has-background\" style=\"background-color:#d8c28533\"><a href=\"https:\/\/vesnajanko.eu\/?page_id=7714\">Raspored klima u svijetu i Hrvatskoj<\/a><\/p>\n\n\n\n<p class=\"has-background\" style=\"background-color:#e9d08d87\"><a href=\"https:\/\/www.purposegames.com\/game\/hrvatska-gradovi-i-zupanije\" target=\"_blank\" rel=\"noreferrer noopener\">Gradovi i \u017eupanije Hrvatske &#8211; karta<\/a><\/p>\n\n\n\n<p class=\"has-background\" style=\"background-color:#f0ca6021\"><a rel=\"noreferrer noopener\" href=\"https:\/\/www.purposegames.com\/game\/hrvatska-pp-i-np\" target=\"_blank\">NP i PP u Hrvatskoj &#8211; karta<\/a><\/p>\n<\/div>\n\n\n\n<div class=\"wp-block-column is-layout-flow wp-block-column-is-layout-flow\">\n<p class=\"has-text-align-center has-luminous-vivid-amber-background-color has-background\"><strong>7. razred<\/strong><\/p>\n\n\n\n<p class=\"has-background\" style=\"background-color:#f5f3eb\"><a href=\"https:\/\/www.purposegames.com\/game\/europa-2osbj-game\" data-type=\"link\" data-id=\"https:\/\/www.purposegames.com\/game\/europa-2osbj-game\" target=\"_blank\" rel=\"noreferrer noopener\">Op\u0107a karta Europe<\/a><\/p>\n\n\n\n<p class=\"has-background\" style=\"background-color:#f6ca521a\"><a href=\"https:\/\/vesnajanko.eu\/?page_id=7720\">Dr\u017eave i gradovi Europe<\/a><\/p>\n\n\n\n<p class=\"has-background\" style=\"background-color:#f7d37e36\"><a href=\"https:\/\/www.purposegames.com\/game\/srednja-europa-game\" target=\"_blank\" rel=\"noreferrer noopener\">Gradovi Srednje Europe &#8211; karta<\/a><\/p>\n\n\n\n<p class=\"has-background\" style=\"background-color:#efc44e54\"><a rel=\"noreferrer noopener\" href=\"https:\/\/www.purposegames.com\/game\/srednja-i-juzna-europa-quiz\" target=\"_blank\">Ju\u017ena Europa &#8211; karta<\/a><\/p>\n\n\n\n<p class=\"has-background\" style=\"background-color:#f3e8b3\">PG: <a href=\"https:\/\/www.purposegames.com\/game\/jugoistocna-europa-game\" target=\"_blank\" rel=\"noreferrer noopener\">Jugoisto\u010dna Europa &#8211; karta<\/a><br><a href=\"https:\/\/vesnajanko.eu\/wp-content\/uploads\/2024\/04\/PGJugoistocnaE.pdf\" target=\"_blank\" rel=\"noreferrer noopener\">PDF<\/a><\/p>\n\n\n\n<p class=\"has-background\" style=\"background-color:#e4ba4757\"><a href=\"https:\/\/www.purposegames.com\/game\/zapadna-europa-quiz\" target=\"_blank\" rel=\"noreferrer noopener\">Zapadna Europa &#8211; karta<\/a><br><a href=\"https:\/\/docs.google.com\/document\/d\/e\/2PACX-1vSCbn4JVyLYi0XQlrhYqXMFCtWRB0AMncLAXwk2h_tXz2ZNAdqLToiUkkMW9Ot6vBi1RlEithJXQDY_\/pub\" target=\"_blank\" rel=\"noreferrer noopener\">PREGLED<\/a><\/p>\n\n\n\n<p class=\"has-background\" style=\"background-color:#ece4cc\"><a rel=\"noreferrer noopener\" href=\"https:\/\/www.purposegames.com\/game\/727a6f4fa0\" target=\"_blank\">Sjeverna Europa &#8211; karta<\/a><\/p>\n\n\n\n<p class=\"has-background\" style=\"background-color:#eb8033\"><a href=\"https:\/\/www.purposegames.com\/game\/jugoistocna-i-istocna-europa-quiz\" target=\"_blank\" rel=\"noreferrer noopener\">Jugoisto\u010dna i Isto\u010dna Europa &#8211; karta<\/a><\/p>\n<\/div>\n\n\n\n<div class=\"wp-block-column is-layout-flow wp-block-column-is-layout-flow\">\n<p class=\"has-text-align-center has-luminous-vivid-amber-background-color has-background\"><strong>8. razred<\/strong><\/p>\n\n\n\n<p class=\"has-background\" style=\"background-color:#fcb9005e\"><a rel=\"noreferrer noopener\" href=\"https:\/\/www.purposegames.com\/game\/geografska-mreza-2-quiz\" data-type=\"link\" data-id=\"https:\/\/www.purposegames.com\/game\/geografska-mreza-2-quiz\" target=\"_blank\">Geografska mre\u017ea<\/a><\/p>\n\n\n\n<p class=\"has-background\" style=\"background-color:#edca6b59\"><a rel=\"noreferrer noopener\" href=\"https:\/\/www.purposegames.com\/game\/azija-quiz\" target=\"_blank\">Op\u0107a karta Azije<\/a><\/p>\n\n\n\n<p class=\"has-background\" style=\"background-color:#f1e9b254\"><a rel=\"noreferrer noopener\" href=\"https:\/\/www.purposegames.com\/game\/df5e191e7d\" target=\"_blank\">Op\u0107a karta Afrike<\/a><\/p>\n\n\n\n<p class=\"has-background\" style=\"background-color:#f2e7ca\">IGRA: <a href=\"https:\/\/www.purposegames.com\/game\/amerika-quiz\" target=\"_blank\" rel=\"noreferrer noopener\">Amerika &#8211; karta<\/a>,<br><a href=\"https:\/\/docs.google.com\/document\/d\/e\/2PACX-1vTuw25iBMn4Gz85Q-8-8KfQ8a-l77vHRKUC7TcCDoPlHQBe3EnAVJKFUpXAxcQiSJOk95IccHYKCf53\/pub\" target=\"_blank\" rel=\"noreferrer noopener\">PREGLED<\/a><\/p>\n\n\n\n<p class=\"has-background\" style=\"background-color:#fcb90078\"><a href=\"https:\/\/www.purposegames.com\/game\/0e11321c6d\" target=\"_blank\" rel=\"noreferrer noopener\">Australija i Oceanija<\/a><\/p>\n<\/div>\n<\/div>\n","protected":false},"excerpt":{"rendered":"<p>Loomen za 6. razred Loomen za 7. razred Loomen za 8. razred Geografska znanja 6. razred Vrijeme i klima Stanovni\u0161tvo svijeta i Hrvatske Suvremena Hrvatska, gra\u0111anska prava, naselja 7. razred Op\u0107a i prirodno-geografska obilje\u017eja Europe Srednja i Ju\u017ena Europa 8. razred Geografske karte i orijentacija Planet Zemlja Azija Afrika Amerika&#8230; <a href=\"https:\/\/vesnajanko.eu\/?page_id=7493\" class=\"readmore\">Vi\u0161e<span class=\"screen-reader-text\">&#8220;Geopitalica&#8221;<\/span><\/a><\/p>\n","protected":false},"author":1,"featured_media":0,"parent":0,"menu_order":0,"comment_status":"closed","ping_status":"closed","template":"templates\/page-full-width.php","meta":{"footnotes":""},"class_list":["post-7493","page","type-page","status-publish","hentry"],"_links":{"self":[{"href":"https:\/\/vesnajanko.eu\/index.php?rest_route=\/wp\/v2\/pages\/7493","targetHints":{"allow":["GET"]}}],"collection":[{"href":"https:\/\/vesnajanko.eu\/index.php?rest_route=\/wp\/v2\/pages"}],"about":[{"href":"https:\/\/vesnajanko.eu\/index.php?rest_route=\/wp\/v2\/types\/page"}],"author":[{"embeddable":true,"href":"https:\/\/vesnajanko.eu\/index.php?rest_route=\/wp\/v2\/users\/1"}],"replies":[{"embeddable":true,"href":"https:\/\/vesnajanko.eu\/index.php?rest_route=%2Fwp%2Fv2%2Fcomments&post=7493"}],"version-history":[{"count":98,"href":"https:\/\/vesnajanko.eu\/index.php?rest_route=\/wp\/v2\/pages\/7493\/revisions"}],"predecessor-version":[{"id":10210,"href":"https:\/\/vesnajanko.eu\/index.php?rest_route=\/wp\/v2\/pages\/7493\/revisions\/10210"}],"wp:attachment":[{"href":"https:\/\/vesnajanko.eu\/index.php?rest_route=%2Fwp%2Fv2%2Fmedia&parent=7493"}],"curies":[{"name":"wp","href":"https:\/\/api.w.org\/{rel}","templated":true}]}}