{"id":744,"date":"2015-11-01T21:52:22","date_gmt":"2015-11-01T21:52:22","guid":{"rendered":"https:\/\/vesnajanko.eu\/?page_id=744"},"modified":"2025-10-27T09:09:44","modified_gmt":"2025-10-27T08:09:44","slug":"7-14-naseljavanje-i-etnicki-sastav-europe","status":"publish","type":"page","link":"https:\/\/vesnajanko.eu\/?page_id=744","title":{"rendered":"Narodi i dr\u017eave Europe; Gusto\u0107a naseljenosti"},"content":{"rendered":"\n<iframe loading=\"lazy\" src=\"https:\/\/docs.google.com\/presentation\/d\/e\/2PACX-1vTzUlrtsA-71-ya7BxkLfRdNwwaDzA7OKha3uyY1W7FcYlOzV1deJX5f0cQcVIZfcp7sPY3oGtWobZM\/embed?start=false&#038;loop=false&#038;delayms=3000\" frameborder=\"0\" width=\"960\" height=\"569\" allowfullscreen=\"true\" mozallowfullscreen=\"true\" webkitallowfullscreen=\"true\"><\/iframe>\n\n\n\n<div style=\"height:33px\" aria-hidden=\"true\" class=\"wp-block-spacer\"><\/div>\n\n\n\n<p><a rel=\"noreferrer noopener\" href=\"https:\/\/www.blooket.com\/set\/6176edb3aabf1a88e39f3dd4\" target=\"_blank\">Blooket &#8211; igra Republike i monarhije<\/a> ili Kahoot<\/p>\n\n\n\n<!--nextpage-->\n\n\n\n<p class=\"has-large-font-size\">Gusto\u0107a naseljenosti<\/p>\n\n\n\n<p>\u0160to je gusto\u0107a naseljenosti? Kako se izra\u010dunava?<br>Izra\u010dunaj gusto\u0107u naseljenosti Europe u dogovorenim granicama.<\/p>\n\n\n\n<p class=\"has-background\" style=\"background-color:#abb7c296\"><strong>Gusto\u0107a naseljenosti<\/strong> <strong>Europe<\/strong><br>Zadatak:<br>Izradi tematsku kartu 10 najgu\u0161\u0107e i 10 najrje\u0111e naseljenih dr\u017eava Europe.<br><a href=\"https:\/\/mapchart.net\/europe.html\" target=\"_blank\" rel=\"noreferrer noopener\">Europe | MapChart<\/a> ili isprintaj <a href=\"https:\/\/d-maps.com\/carte.php?num_car=4577&amp;lang=en\" data-type=\"link\" data-id=\"https:\/\/d-maps.com\/carte.php?num_car=4577&amp;lang=en\" target=\"_blank\" rel=\"noreferrer noopener\">slijepu kartu ovdje<\/a>.<br><strong>Podaci su na kraju ud\u017ebenika<\/strong>.<br>Tematska karta treba sadr\u017eavati naslov i legendu (s imenom i razredom).<br>Rad se predaje u preko Teamsa ili u\u010diteljici na papiru.<br>Ukupno je 13 bodova.<\/p>\n\n\n\n<hr class=\"wp-block-separator has-css-opacity\"\/>\n\n\n\n<h4 class=\"wp-block-heading has-pale-cyan-blue-background-color has-background\">Geobilje\u0161ke<\/h4>\n\n\n\n<p class=\"has-text-align-center\"><span style=\"text-decoration: underline;\">Narodi i dr\u017eave Europe<\/span><\/p>\n\n\n\n<p>\u2013 naseljenost potje\u010de jo\u0161 iz kamenog doba<br>\u2013 prve europske civilizacije nastale na isto\u010dnom Sredozemlju<br>&#8211; u drugom tisu\u0107lje\u0107u pr. Krista doseljavaju Indoeuropljani<br>\u2013 u doba industrijske revolucije zapo\u010dela&nbsp;<strong>demografska tranzicija<\/strong>&nbsp;\u2013 danas ve\u0107ina dr\u017eava u posttranzicijskoj fazi \u2013 nizak prirodni porast<br>&#8211; dr\u017eave Europe su ve\u0107inom po ustroju republike (npr. Hrvatska, Francuska, Italija), a neke monarhije (npr. Ujedinjeno Kraljevstvo, \u0160vedska, \u0160panjolska)<br>&#8211; najve\u0107e promjene u broju dr\u017eava u posljednja dva stolje\u0107a<br><span style=\"text-decoration: underline;\">Naseljenost<\/span><br>\u2013 oko 720 milijuna stanovnika (72 stan.\/km2)<br>&#8211; najve\u0107a gusto\u0107a stanovnika je na zapadu te preko Srednje Europe do Italije<\/p>\n","protected":false},"excerpt":{"rendered":"<p>Blooket &#8211; igra Republike i monarhije ili Kahoot<\/p>\n","protected":false},"author":1,"featured_media":0,"parent":12,"menu_order":0,"comment_status":"closed","ping_status":"closed","template":"templates\/page-full-width.php","meta":{"footnotes":""},"class_list":["post-744","page","type-page","status-publish","hentry"],"_links":{"self":[{"href":"https:\/\/vesnajanko.eu\/index.php?rest_route=\/wp\/v2\/pages\/744","targetHints":{"allow":["GET"]}}],"collection":[{"href":"https:\/\/vesnajanko.eu\/index.php?rest_route=\/wp\/v2\/pages"}],"about":[{"href":"https:\/\/vesnajanko.eu\/index.php?rest_route=\/wp\/v2\/types\/page"}],"author":[{"embeddable":true,"href":"https:\/\/vesnajanko.eu\/index.php?rest_route=\/wp\/v2\/users\/1"}],"replies":[{"embeddable":true,"href":"https:\/\/vesnajanko.eu\/index.php?rest_route=%2Fwp%2Fv2%2Fcomments&post=744"}],"version-history":[{"count":51,"href":"https:\/\/vesnajanko.eu\/index.php?rest_route=\/wp\/v2\/pages\/744\/revisions"}],"predecessor-version":[{"id":10145,"href":"https:\/\/vesnajanko.eu\/index.php?rest_route=\/wp\/v2\/pages\/744\/revisions\/10145"}],"up":[{"embeddable":true,"href":"https:\/\/vesnajanko.eu\/index.php?rest_route=\/wp\/v2\/pages\/12"}],"wp:attachment":[{"href":"https:\/\/vesnajanko.eu\/index.php?rest_route=%2Fwp%2Fv2%2Fmedia&parent=744"}],"curies":[{"name":"wp","href":"https:\/\/api.w.org\/{rel}","templated":true}]}}