{"id":7431,"date":"2022-10-06T16:32:06","date_gmt":"2022-10-06T15:32:06","guid":{"rendered":"https:\/\/vesnajanko.eu\/?page_id=7431"},"modified":"2024-10-11T12:55:48","modified_gmt":"2024-10-11T11:55:48","slug":"u-potrazi-za-blagom-bjelovara","status":"publish","type":"page","link":"https:\/\/vesnajanko.eu\/?page_id=7431","title":{"rendered":"U potrazi za blagom Bjelovara"},"content":{"rendered":"\n<p class=\"has-light-green-cyan-background-color has-background has-medium-font-size\">Prva verzija<\/p>\n\n\n\n<p>korak 1: podijelite se u skupine do tri (3) u\u010denika<br>korak 2: instalirajte <a href=\"https:\/\/play.google.com\/store\/apps\/details?id=de.actionbound\" data-type=\"link\" data-id=\"https:\/\/play.google.com\/store\/apps\/details?id=de.actionbound\" target=\"_blank\" rel=\"noreferrer noopener\">Actionbound<\/a> aplikaciju na (Android) mobilni ure\u0111aj, te se prijavite<br>korak 3: prona\u0111ite Bound pod nazovom <strong>Blago Bjelovara<\/strong><br>korak 4: ime tima neka ima i naziv razreda, a imena u\u010denika stvarna<br>korak 5: slijedite upute, sakupljajte bodove<br><strong>Rok 27.10.2024.<\/strong><br><\/p>\n\n\n\n<p class=\"has-light-green-cyan-background-color has-background has-medium-font-size\">Druga verzija<\/p>\n\n\n\n<p>Sudjeluj u globalnoj igri <strong><a href=\"https:\/\/www.geocaching.com\/\" target=\"_blank\" rel=\"noreferrer noopener\">Geocashing<\/a><\/strong>, prijavite se te sakupite 5 cashe-va. <strong><a href=\"https:\/\/play.google.com\/store\/search?q=geocaching&amp;c=apps\">Ovdje<\/a><\/strong> mo\u017eete preuzeti aplikaciju. Svoju potragu dokumentirajte fotografijom. <strong>Rok 27.10.2024.<\/strong><\/p>\n\n\n\n<p class=\"has-light-green-cyan-background-color has-background\">Tre\u0107a verzija<\/p>\n\n\n\n<p>Usmena provjera znanja. U\u010denik opisuje primjenu topografske karte u prostoru.<\/p>\n","protected":false},"excerpt":{"rendered":"<p>Prva verzija korak 1: podijelite se u skupine do tri (3) u\u010denikakorak 2: instalirajte Actionbound aplikaciju na (Android) mobilni ure\u0111aj, te se prijavitekorak 3: prona\u0111ite Bound pod nazovom Blago Bjelovarakorak 4: ime tima neka ima i naziv razreda, a imena u\u010denika stvarnakorak 5: slijedite upute, sakupljajte bodoveRok 27.10.2024. Druga verzija&#8230; <a href=\"https:\/\/vesnajanko.eu\/?page_id=7431\" class=\"readmore\">Vi\u0161e<span class=\"screen-reader-text\">&#8220;U potrazi za blagom Bjelovara&#8221;<\/span><\/a><\/p>\n","protected":false},"author":1,"featured_media":0,"parent":7236,"menu_order":0,"comment_status":"closed","ping_status":"closed","template":"","meta":{"footnotes":""},"class_list":["post-7431","page","type-page","status-publish","hentry"],"_links":{"self":[{"href":"https:\/\/vesnajanko.eu\/index.php?rest_route=\/wp\/v2\/pages\/7431","targetHints":{"allow":["GET"]}}],"collection":[{"href":"https:\/\/vesnajanko.eu\/index.php?rest_route=\/wp\/v2\/pages"}],"about":[{"href":"https:\/\/vesnajanko.eu\/index.php?rest_route=\/wp\/v2\/types\/page"}],"author":[{"embeddable":true,"href":"https:\/\/vesnajanko.eu\/index.php?rest_route=\/wp\/v2\/users\/1"}],"replies":[{"embeddable":true,"href":"https:\/\/vesnajanko.eu\/index.php?rest_route=%2Fwp%2Fv2%2Fcomments&post=7431"}],"version-history":[{"count":22,"href":"https:\/\/vesnajanko.eu\/index.php?rest_route=\/wp\/v2\/pages\/7431\/revisions"}],"predecessor-version":[{"id":9381,"href":"https:\/\/vesnajanko.eu\/index.php?rest_route=\/wp\/v2\/pages\/7431\/revisions\/9381"}],"up":[{"embeddable":true,"href":"https:\/\/vesnajanko.eu\/index.php?rest_route=\/wp\/v2\/pages\/7236"}],"wp:attachment":[{"href":"https:\/\/vesnajanko.eu\/index.php?rest_route=%2Fwp%2Fv2%2Fmedia&parent=7431"}],"curies":[{"name":"wp","href":"https:\/\/api.w.org\/{rel}","templated":true}]}}