{"id":7374,"date":"2022-09-20T15:46:41","date_gmt":"2022-09-20T14:46:41","guid":{"rendered":"https:\/\/vesnajanko.eu\/?page_id=7374"},"modified":"2025-10-01T08:45:42","modified_gmt":"2025-10-01T07:45:42","slug":"mjerilo-geografske-karte","status":"publish","type":"page","link":"https:\/\/vesnajanko.eu\/?page_id=7374","title":{"rendered":"Mjerilo geografske karte"},"content":{"rendered":"\n<iframe loading=\"lazy\" src=\"https:\/\/docs.google.com\/presentation\/d\/e\/2PACX-1vTy60XBvtGF8xOek-5S1inJm6uad3nZo3V0t37V_yHeA-3dsjkw6N2Bqpgh25CSqfjKyyXyRsq6Ec4r\/pubembed?start=false&#038;loop=false&#038;delayms=3000\" frameborder=\"0\" width=\"960\" height=\"569\" allowfullscreen=\"true\" mozallowfullscreen=\"true\" webkitallowfullscreen=\"true\"><\/iframe>\n\n\n\n<div style=\"height:73px\" aria-hidden=\"true\" class=\"wp-block-spacer\"><\/div>\n\n\n\n<p><strong><a href=\"https:\/\/wordwall.net\/hr\/resource\/60678788\" target=\"_blank\" rel=\"noreferrer noopener\">Zadatci za vje\u017ebu su ovdje<\/a><\/strong>.<\/p>\n\n\n\n<p class=\"has-pale-cyan-blue-background-color has-background\"><strong>Geobilje\u0161ke<\/strong>:<\/p>\n\n\n\n<p class=\"has-text-align-center\"><strong>Mjerilo geografske karte<\/strong><\/p>\n\n\n\n<ul class=\"wp-block-list\">\n<li>Mjerilo pokazuje koliko su puta udaljenosti u prirodi umanjene na geografskoj karti.<\/li>\n\n\n\n<li>Razlikujemo:<br>&#8211; broj\u010dano (omjer umanjene udaljenosti u prirodi na karti, npr. 1:100 000), <br>&#8211; opisno (1 cm na geografskoj karti iznosi 1 km u prirodi) <br>&#8211; grafi\u010dko mjerilo (crta s odgovaraju\u0107im du\u017einama koje prikazuju odnos duljina na karti i u prirodi)<\/li>\n<\/ul>\n","protected":false},"excerpt":{"rendered":"<p>Zadatci za vje\u017ebu su ovdje. Geobilje\u0161ke: Mjerilo geografske karte<\/p>\n","protected":false},"author":1,"featured_media":0,"parent":7236,"menu_order":2,"comment_status":"closed","ping_status":"closed","template":"templates\/page-full-width.php","meta":{"footnotes":""},"class_list":["post-7374","page","type-page","status-publish","hentry"],"_links":{"self":[{"href":"https:\/\/vesnajanko.eu\/index.php?rest_route=\/wp\/v2\/pages\/7374","targetHints":{"allow":["GET"]}}],"collection":[{"href":"https:\/\/vesnajanko.eu\/index.php?rest_route=\/wp\/v2\/pages"}],"about":[{"href":"https:\/\/vesnajanko.eu\/index.php?rest_route=\/wp\/v2\/types\/page"}],"author":[{"embeddable":true,"href":"https:\/\/vesnajanko.eu\/index.php?rest_route=\/wp\/v2\/users\/1"}],"replies":[{"embeddable":true,"href":"https:\/\/vesnajanko.eu\/index.php?rest_route=%2Fwp%2Fv2%2Fcomments&post=7374"}],"version-history":[{"count":14,"href":"https:\/\/vesnajanko.eu\/index.php?rest_route=\/wp\/v2\/pages\/7374\/revisions"}],"predecessor-version":[{"id":10115,"href":"https:\/\/vesnajanko.eu\/index.php?rest_route=\/wp\/v2\/pages\/7374\/revisions\/10115"}],"up":[{"embeddable":true,"href":"https:\/\/vesnajanko.eu\/index.php?rest_route=\/wp\/v2\/pages\/7236"}],"wp:attachment":[{"href":"https:\/\/vesnajanko.eu\/index.php?rest_route=%2Fwp%2Fv2%2Fmedia&parent=7374"}],"curies":[{"name":"wp","href":"https:\/\/api.w.org\/{rel}","templated":true}]}}