{"id":7251,"date":"2022-08-26T17:05:20","date_gmt":"2022-08-26T16:05:20","guid":{"rendered":"https:\/\/vesnajanko.eu\/?page_id=7251"},"modified":"2024-08-22T15:32:15","modified_gmt":"2024-08-22T14:32:15","slug":"8-6-svijet-se-povezuje","status":"publish","type":"page","link":"https:\/\/vesnajanko.eu\/?page_id=7251","title":{"rendered":"8.6. Globalizacija"},"content":{"rendered":"\n<p class=\"has-pale-cyan-blue-background-color has-background has-small-font-size\"><span class='tooltipsall tooltipsincontent classtoolTips20'>GEO O\u0160 A.B.8.7.<\/span> U\u010denik opisuje globalizaciju i njezin utjecaj na identitet pojedinca i prostora u kojemu \u017eivi.<br><span class='tooltipsall tooltipsincontent classtoolTips29'>GEO O\u0160 B.8.1.<\/span> U\u010denik analizira prostorne organizacije i procese istra\u017eiva\u010dkim radom, kori\u0161tenjem geografske karte i IKT-a.<\/p>\n\n\n\n<p class=\"has-medium-font-size\">U ud\u017ebeniku 206. &#8211; 223. stranice.<\/p>\n\n\n\n<p class=\"has-medium-font-size\">1. Globalizacija<\/p>\n\n\n\n<p class=\"has-medium-font-size\">2. Globalizacija i multinacionalne kompanije<\/p>\n\n\n\n<p class=\"has-background\" style=\"background-color:#c9d0d4b8\">ZADATAK<br>Razmisli o jednom svome radnome danu. Koje proizvode ili usluge si koristio\/koristila? Koje su to tvrtke proizvo\u0111a\u010di ili pru\u017eatelji usluga? Jesi li globaliziran?<\/p>\n<script type=\"text\/javascript\"> toolTips('.classtoolTips20','U\u010denik opisuje globalizaciju i njezin utjecaj na identitet pojedinca i prostora u kojemu \u017eivi.'); <\/script><script type=\"text\/javascript\"> toolTips('.classtoolTips29','U\u010denik analizira prostorne organizacije i procese istra\u017eiva\u010dkim radom, kori\u0161tenjem geografske karte i IKT-a.*'); <\/script>","protected":false},"excerpt":{"rendered":"<p>GEO O\u0160 A.B.8.7. U\u010denik opisuje globalizaciju i njezin utjecaj na identitet pojedinca i prostora u kojemu \u017eivi.GEO O\u0160 B.8.1. U\u010denik analizira prostorne organizacije i procese istra\u017eiva\u010dkim radom, kori\u0161tenjem geografske karte i IKT-a. U ud\u017ebeniku 206. &#8211; 223. stranice. 1. Globalizacija 2. Globalizacija i multinacionalne kompanije ZADATAKRazmisli o jednom svome radnome&#8230; <a href=\"https:\/\/vesnajanko.eu\/?page_id=7251\" class=\"readmore\">Vi\u0161e<span class=\"screen-reader-text\">&#8220;8.6. Globalizacija&#8221;<\/span><\/a><\/p>\n","protected":false},"author":1,"featured_media":0,"parent":7094,"menu_order":6,"comment_status":"closed","ping_status":"closed","template":"","meta":{"footnotes":""},"class_list":["post-7251","page","type-page","status-publish","hentry"],"_links":{"self":[{"href":"https:\/\/vesnajanko.eu\/index.php?rest_route=\/wp\/v2\/pages\/7251","targetHints":{"allow":["GET"]}}],"collection":[{"href":"https:\/\/vesnajanko.eu\/index.php?rest_route=\/wp\/v2\/pages"}],"about":[{"href":"https:\/\/vesnajanko.eu\/index.php?rest_route=\/wp\/v2\/types\/page"}],"author":[{"embeddable":true,"href":"https:\/\/vesnajanko.eu\/index.php?rest_route=\/wp\/v2\/users\/1"}],"replies":[{"embeddable":true,"href":"https:\/\/vesnajanko.eu\/index.php?rest_route=%2Fwp%2Fv2%2Fcomments&post=7251"}],"version-history":[{"count":10,"href":"https:\/\/vesnajanko.eu\/index.php?rest_route=\/wp\/v2\/pages\/7251\/revisions"}],"predecessor-version":[{"id":9156,"href":"https:\/\/vesnajanko.eu\/index.php?rest_route=\/wp\/v2\/pages\/7251\/revisions\/9156"}],"up":[{"embeddable":true,"href":"https:\/\/vesnajanko.eu\/index.php?rest_route=\/wp\/v2\/pages\/7094"}],"wp:attachment":[{"href":"https:\/\/vesnajanko.eu\/index.php?rest_route=%2Fwp%2Fv2%2Fmedia&parent=7251"}],"curies":[{"name":"wp","href":"https:\/\/api.w.org\/{rel}","templated":true}]}}