{"id":7248,"date":"2022-08-26T16:53:30","date_gmt":"2022-08-26T15:53:30","guid":{"rendered":"https:\/\/vesnajanko.eu\/?page_id=7248"},"modified":"2025-05-06T20:19:06","modified_gmt":"2025-05-06T19:19:06","slug":"8-5-novi-svijet","status":"publish","type":"page","link":"https:\/\/vesnajanko.eu\/?page_id=7248","title":{"rendered":"8.5. Novi svijet i polarni krajevi"},"content":{"rendered":"\n<h1 class=\"wp-block-heading\">Amerike, Australija i Oceanija, polarni krajevi<\/h1>\n\n\n\n<p class=\"has-pale-cyan-blue-background-color has-background has-small-font-size\"><span class='tooltipsall tooltipsincontent classtoolTips19'>GEO O\u0160 A.B.8.5.<\/span> U\u010denik analizira prirodno-geografska i dru\u0161tveno-geografska obilje\u017eja Amerika s pomo\u0107u geografske karte i razli\u010ditih<br>grafi\u010dkih prikaza.<br><span class='tooltipsall tooltipsincontent classtoolTips2'>GEO O\u0160 B.A.C.8.6.<\/span> U\u010denik analizira i obja\u0161njava problematiku naseljavanja, morfolo\u0161ke i socioekonomske strukture gradova, iskori\u0161tavanja<br>\u0161umskih povr\u0161ina te suvremenoga razvoja Amerika.<br><span class='tooltipsall tooltipsincontent classtoolTips1'>GEO O\u0160 A.B.C.8.6.<\/span> U\u010denik analizira prirodno-geografska i dru\u0161tveno-geografska obilje\u017eja Australije i Oceanije s pomo\u0107u geografske karte i<br>razli\u010ditih grafi\u010dkih prikaza.<br><span class='tooltipsall tooltipsincontent classtoolTips3'>GEO O\u0160 C.A.B.8.1.<\/span> U\u010denik analizira prirodno-geografska obilje\u017eja polarnih podru\u010dja, izdvaja specifi\u010dne uvjete \u017eivota i prilagodbe \u017eivih bi\u0107a te obja\u0161njava mogu\u0107nosti i ograni\u010denja iskori\u0161tavanja njihovih prirodnih resursa.<\/p>\n\n\n\n<p class=\"has-medium-font-size\">U ud\u017ebeniku 144. &#8211; 205. stranice.<\/p>\n\n\n\n<figure class=\"wp-block-table is-style-stripes\"><table><thead><tr><th>Rbr. sata<\/th><th>Podteme (lekcije)<\/th><th>Plan<\/th><\/tr><\/thead><tbody><tr><td>48.<br>49. <\/td><td><a href=\"https:\/\/vesnajanko.eu\/?page_id=1162\">Amerika &#8211; geografski polo\u017eaj, otkri\u0107e podjela<\/a><br><a href=\"https:\/\/vesnajanko.eu\/?page_id=4570\">Reljef i vode Amerike<\/a><\/td><td><\/td><\/tr><tr><td>50.<\/td><td><a href=\"https:\/\/vesnajanko.eu\/?page_id=1190\">Klima i vegetacija Amerike<\/a><br>Prirodno-geografska obilje\u017eja Amerika &#8211; ponavljanje<\/td><td><\/td><\/tr><tr><td><\/td><td><a href=\"https:\/\/vesnajanko.eu\/?page_id=9781\">Stanovni\u0161tvo Amerike<\/a><br><a href=\"https:\/\/vesnajanko.eu\/?page_id=8107\">Gospodarska obilje\u017eja Amerika<\/a><\/td><td><\/td><\/tr><tr><td><\/td><td><a href=\"https:\/\/vesnajanko.eu\/?page_id=4723\">Ameri\u010dki gradovi<\/a><br>Dru\u0161tveno-geografska obilje\u017eja Amerika &#8211; ponavljanje<\/td><td><\/td><\/tr><tr><td><\/td><td><a href=\"https:\/\/vesnajanko.eu\/?page_id=2385\">Sjedinjene Ameri\u010dke Dr\u017eave<\/a><\/td><td><\/td><\/tr><tr><td><\/td><td>Amerike &#8211; ponavljanje<br><a href=\"https:\/\/vesnajanko.eu\/?page_id=2438\">Australija &#8211; prirodno-geografska obilje\u017eja<\/a><\/td><td><\/td><\/tr><tr><td><\/td><td><a href=\"https:\/\/vesnajanko.eu\/?page_id=2438&amp;page=2\">Australija &#8211; dru\u0161tveno-geografska obilje\u017eja<\/a><br><a href=\"https:\/\/vesnajanko.eu\/?page_id=2452\">Oceanija<\/a><\/td><td><\/td><\/tr><tr><td><\/td><td>Australija i Oceanija &#8211; ponavljanje<br><a href=\"https:\/\/docs.google.com\/presentation\/d\/e\/2PACX-1vRY6pg4me2va54qbj3m_toR4F2CqM8ftQ35yWa_tegABBUWusu2gtLh9XE15f8QmEr2_afgnEfDGyNO\/pub?start=false&amp;loop=false&amp;delayms=3000\" target=\"_blank\" rel=\"noreferrer noopener\">Polarni krajevi<\/a>&nbsp;<\/td><td><\/td><\/tr><tr><td><\/td><td><strong>Provjera znanja i vje\u0161tina<\/strong><\/td><td><\/td><\/tr><tr><td><\/td><td><\/td><td><\/td><\/tr><\/tbody><\/table><\/figure>\n\n\n\n<div style=\"height:49px\" aria-hidden=\"true\" class=\"wp-block-spacer\"><\/div>\n\n\n\n<p class=\"has-light-green-cyan-background-color has-background has-medium-font-size\">Geografsko znanje (geoznanje) \u2013 sa\u017eetak nau\u010denog<\/p>\n\n\n\n<p>Odaberi jedan od ponu\u0111enih zadataka:<br>1. Izradi umnu mapu o geografskim obilje\u017ejima Sjeverne ili Ju\u017ene Amerike (geografski polo\u017eaj, reljef, klima, vode, vegetacija, stanovni\u0161tvo, gospodarstvo).<br>2. Napravi usporedbu Sjeverne i Ju\u017ene Amerike. \u0160to im je zajedni\u010dko, a \u0161to razli\u010dito?<br>3. Izdvoji u \u0161est natuknica najbitnije \u010dinjenice o Australiji i Oceaniji.<\/p>\n\n\n\n<p class=\"has-light-green-cyan-background-color has-background has-medium-font-size\">Geografija i \u017eivot (geo\u017eivot) \u2013 kratki sastavak<\/p>\n\n\n\n<p>Odaberi jedan od ponu\u0111enih zadataka:<br>1. Istra\u017ei i napi\u0161i kratki sastavak o hrvatskoj dijaspori (iseljenim Hrvatima) u Novome svijetu.<br>2. Prona\u0111i po jedno turisti\u010dko mjesto u Sjevernoj, Ju\u017enoj Americi i Australiji i Oceaniji pa ih opi\u0161i. Ukupno je tri mjesta za opis.<br>3. Koji glazbeni \u017eanrovi i plesovi potje\u010du iz Amerika. Opi\u0161i ih.<\/p>\n\n\n\n<p class=\"has-luminous-vivid-amber-background-color has-background has-medium-font-size\">Samovrednovanje<\/p>\n\n\n\n<figure class=\"wp-block-table\"><table><tbody><tr><td><strong>Procijeni svoje\u2026<\/strong><\/td><td>1 2 3<\/td><\/tr><tr><td>nau\u010deno znanje za ovu temu<\/td><td><\/td><\/tr><tr><td>aktivnosti na nastavi<\/td><td><\/td><\/tr><tr><td>pona\u0161anje na nastavi<\/td><td>.<\/td><\/tr><\/tbody><\/table><\/figure>\n<script type=\"text\/javascript\"> toolTips('.classtoolTips1','U\u010denik analizira prirodno-geografska i dru\u0161tveno-geografska obilje\u017eja Australije i Oceanije s pomo\u0107u geografske karte i razli\u010ditih grafi\u010dkih prikaza.'); <\/script><script type=\"text\/javascript\"> toolTips('.classtoolTips2','U\u010denik analizira i obja\u0161njava problematiku naseljavanja, morfolo\u0161ke i socioekonomske strukture gradova, iskori\u0161tavanja \u0161umskih povr\u0161ina te suvremenoga razvoja Amerika.'); <\/script><script type=\"text\/javascript\"> toolTips('.classtoolTips3','U\u010denik analizira prirodno-geografska obilje\u017eja polarnih podru\u010dja, izdvaja specifi\u010dne uvjete \u017eivota i prilagodbe \u017eivih bi\u0107a te obja\u0161njava mogu\u0107nosti i ograni\u010denja iskori\u0161tavanja njihovih prirodnih resursa.'); <\/script><script type=\"text\/javascript\"> toolTips('.classtoolTips19','U\u010denik analizira prirodno-geografska i dru\u0161tveno-geografska obilje\u017eja Amerika s pomo\u0107u geografske karte i razli\u010ditih grafi\u010dkih prikaza.'); <\/script>","protected":false},"excerpt":{"rendered":"<p>Amerike, Australija i Oceanija, polarni krajevi GEO O\u0160 A.B.8.5. U\u010denik analizira prirodno-geografska i dru\u0161tveno-geografska obilje\u017eja Amerika s pomo\u0107u geografske karte i razli\u010ditihgrafi\u010dkih prikaza.GEO O\u0160 B.A.C.8.6. U\u010denik analizira i obja\u0161njava problematiku naseljavanja, morfolo\u0161ke i socioekonomske strukture gradova, iskori\u0161tavanja\u0161umskih povr\u0161ina te suvremenoga razvoja Amerika.GEO O\u0160 A.B.C.8.6. U\u010denik analizira prirodno-geografska i dru\u0161tveno-geografska obilje\u017eja&#8230; <a href=\"https:\/\/vesnajanko.eu\/?page_id=7248\" class=\"readmore\">Vi\u0161e<span class=\"screen-reader-text\">&#8220;8.5. Novi svijet i polarni krajevi&#8221;<\/span><\/a><\/p>\n","protected":false},"author":1,"featured_media":0,"parent":7094,"menu_order":5,"comment_status":"closed","ping_status":"closed","template":"","meta":{"footnotes":""},"class_list":["post-7248","page","type-page","status-publish","hentry"],"_links":{"self":[{"href":"https:\/\/vesnajanko.eu\/index.php?rest_route=\/wp\/v2\/pages\/7248","targetHints":{"allow":["GET"]}}],"collection":[{"href":"https:\/\/vesnajanko.eu\/index.php?rest_route=\/wp\/v2\/pages"}],"about":[{"href":"https:\/\/vesnajanko.eu\/index.php?rest_route=\/wp\/v2\/types\/page"}],"author":[{"embeddable":true,"href":"https:\/\/vesnajanko.eu\/index.php?rest_route=\/wp\/v2\/users\/1"}],"replies":[{"embeddable":true,"href":"https:\/\/vesnajanko.eu\/index.php?rest_route=%2Fwp%2Fv2%2Fcomments&post=7248"}],"version-history":[{"count":46,"href":"https:\/\/vesnajanko.eu\/index.php?rest_route=\/wp\/v2\/pages\/7248\/revisions"}],"predecessor-version":[{"id":9962,"href":"https:\/\/vesnajanko.eu\/index.php?rest_route=\/wp\/v2\/pages\/7248\/revisions\/9962"}],"up":[{"embeddable":true,"href":"https:\/\/vesnajanko.eu\/index.php?rest_route=\/wp\/v2\/pages\/7094"}],"wp:attachment":[{"href":"https:\/\/vesnajanko.eu\/index.php?rest_route=%2Fwp%2Fv2%2Fmedia&parent=7248"}],"curies":[{"name":"wp","href":"https:\/\/api.w.org\/{rel}","templated":true}]}}