{"id":7245,"date":"2022-08-26T16:50:36","date_gmt":"2022-08-26T15:50:36","guid":{"rendered":"https:\/\/vesnajanko.eu\/?page_id=7245"},"modified":"2026-03-20T08:28:09","modified_gmt":"2026-03-20T07:28:09","slug":"8-4-afrika","status":"publish","type":"page","link":"https:\/\/vesnajanko.eu\/?page_id=7245","title":{"rendered":"8.4. Afrika"},"content":{"rendered":"\n<p class=\"has-pale-cyan-blue-background-color has-background has-small-font-size\"><span class='tooltipsall tooltipsincontent classtoolTips17'>GEO O\u0160 A.B.8.3.<\/span> U\u010denik analizira prirodno-geografska i dru\u0161tveno-geografska obilje\u017eja Afrike s pomo\u0107u geografske karte i razli\u010ditih grafi\u010dkih prikaza.<br><span class='tooltipsall tooltipsincontent classtoolTips18'>GEO O\u0160 A.B.8.4.<\/span> U\u010denik analizira i obja\u0161njava odabrane probleme suvremenoga razvoja Afrike.<\/p>\n\n\n\n<p class=\"has-medium-font-size\">U ud\u017ebeniku 98. &#8211; 143. stranice.<\/p>\n\n\n\n<figure class=\"wp-block-table is-style-stripes\"><table><thead><tr><th>Rbr. sata<\/th><th>Podteme (lekcije)<\/th><th>plan<\/th><\/tr><\/thead><tbody><tr><td><\/td><td><a href=\"https:\/\/vesnajanko.eu\/?page_id=900\">Veli\u010dina, geografski smje\u0161taj i polo\u017eaj, regije Afrike<\/a><br><a href=\"https:\/\/vesnajanko.eu\/?page_id=939\">Reljef Afrike<\/a><\/td><td><\/td><\/tr><tr><td><\/td><td><a href=\"https:\/\/vesnajanko.eu\/?page_id=955\">Klima i vegetacija Afrike<\/a><br>Geografski smje\u0161taj, polo\u017eaj, reljef i klima &#8211; ponavljanje<\/td><td><\/td><\/tr><tr><td><\/td><td><a href=\"https:\/\/vesnajanko.eu\/?page_id=978\">Vode na kopnu u Africi<\/a><br><a href=\"https:\/\/vesnajanko.eu\/?page_id=994\">Stanovni\u0161tvo Afrike<\/a><\/td><td><\/td><\/tr><tr><td>42.<br><\/td><td>Vode na kopnu, stanovni\u0161tvo Afrike &#8211; ponavljanje<br><a href=\"https:\/\/drive.google.com\/file\/d\/1m6I1LKb710jRXkFS2q6OiC1OlrW2mDhn\/view?usp=sharing\" target=\"_blank\" rel=\"noreferrer noopener\">Gospodarstvo Afrike<\/a><\/td><td><\/td><\/tr><tr><td><\/td><td><a href=\"https:\/\/vesnajanko.eu\/?page_id=7985\">Suvremeni problemi Afrike i mogu\u0107a rje\u0161enja<\/a><br><br>Afrika &#8211; ponavljanje<\/td><td><\/td><\/tr><\/tbody><\/table><\/figure>\n\n\n\n<p class=\"has-light-green-cyan-background-color has-background has-medium-font-size\">Geografsko znanje (geoznanje) \u2013 sa\u017eetak nau\u010denog<\/p>\n\n\n\n<p>Odaberi&nbsp;<strong>jedan (1)<\/strong>&nbsp;od ponu\u0111enih zadataka:<br>1. Izradi umnu mapu sa sredi\u0161njim pojmom&nbsp;<strong>Afrika<\/strong>. Vrednuje se vi\u0161e razina grananja i vizualni izgled.<br>2. U <strong>\u0161est<\/strong> natuknica izdvoji najva\u017enije o Africi:<br>-geografskom polo\u017eaju,<br>-reljefu,<br>-klimi i vegetaciji,<br>-stanovni\u0161tvu,<br>-gospodarstvu,<br>&#8211; suvremenim problemima.<\/p>\n\n\n\n<p class=\"has-light-green-cyan-background-color has-background has-medium-font-size\">Geografija i \u017eivot (geo\u017eivot) \u2013 kratki sastavak<\/p>\n\n\n\n<p>Prona\u0111i <strong>tri stvari ili pojave<\/strong> koje susre\u0107emo u svakodnevnom \u017eivotu, a da vode porijeklo iz Afrike. Istra\u017ei i opi\u0161i ih.<\/p>\n\n\n\n<p class=\"has-luminous-vivid-amber-background-color has-background has-medium-font-size\">Samovrednovanje<\/p>\n\n\n\n<figure class=\"wp-block-table\"><table><tbody><tr><td><strong>Procijeni svoje\u2026<\/strong><\/td><td>1, 2, 3<\/td><\/tr><tr><td>nau\u010deno znanje za ovu temu<\/td><td><\/td><\/tr><tr><td>aktivnosti na nastavi<\/td><td><\/td><\/tr><tr><td>pona\u0161anje na nastavi<\/td><td>.<\/td><\/tr><\/tbody><\/table><\/figure>\n<script type=\"text\/javascript\"> toolTips('.classtoolTips17','U\u010denik analizira prirodno-geografska i dru\u0161tveno-geografska obilje\u017eja Afrike s pomo\u0107u geografske karte i razli\u010ditih grafi\u010dkih prikaza.'); <\/script><script type=\"text\/javascript\"> toolTips('.classtoolTips18','U\u010denik analizira i obja\u0161njava odabrane probleme suvremenoga razvoja Afrike.'); <\/script>","protected":false},"excerpt":{"rendered":"<p>GEO O\u0160 A.B.8.3. U\u010denik analizira prirodno-geografska i dru\u0161tveno-geografska obilje\u017eja Afrike s pomo\u0107u geografske karte i razli\u010ditih grafi\u010dkih prikaza.GEO O\u0160 A.B.8.4. U\u010denik analizira i obja\u0161njava odabrane probleme suvremenoga razvoja Afrike. U ud\u017ebeniku 98. &#8211; 143. stranice. Rbr. sata Podteme (lekcije) plan Veli\u010dina, geografski smje\u0161taj i polo\u017eaj, regije AfrikeReljef Afrike Klima i&#8230; <a href=\"https:\/\/vesnajanko.eu\/?page_id=7245\" class=\"readmore\">Vi\u0161e<span class=\"screen-reader-text\">&#8220;8.4. Afrika&#8221;<\/span><\/a><\/p>\n","protected":false},"author":1,"featured_media":0,"parent":7094,"menu_order":4,"comment_status":"closed","ping_status":"closed","template":"","meta":{"footnotes":""},"class_list":["post-7245","page","type-page","status-publish","hentry"],"_links":{"self":[{"href":"https:\/\/vesnajanko.eu\/index.php?rest_route=\/wp\/v2\/pages\/7245","targetHints":{"allow":["GET"]}}],"collection":[{"href":"https:\/\/vesnajanko.eu\/index.php?rest_route=\/wp\/v2\/pages"}],"about":[{"href":"https:\/\/vesnajanko.eu\/index.php?rest_route=\/wp\/v2\/types\/page"}],"author":[{"embeddable":true,"href":"https:\/\/vesnajanko.eu\/index.php?rest_route=\/wp\/v2\/users\/1"}],"replies":[{"embeddable":true,"href":"https:\/\/vesnajanko.eu\/index.php?rest_route=%2Fwp%2Fv2%2Fcomments&post=7245"}],"version-history":[{"count":30,"href":"https:\/\/vesnajanko.eu\/index.php?rest_route=\/wp\/v2\/pages\/7245\/revisions"}],"predecessor-version":[{"id":10243,"href":"https:\/\/vesnajanko.eu\/index.php?rest_route=\/wp\/v2\/pages\/7245\/revisions\/10243"}],"up":[{"embeddable":true,"href":"https:\/\/vesnajanko.eu\/index.php?rest_route=\/wp\/v2\/pages\/7094"}],"wp:attachment":[{"href":"https:\/\/vesnajanko.eu\/index.php?rest_route=%2Fwp%2Fv2%2Fmedia&parent=7245"}],"curies":[{"name":"wp","href":"https:\/\/api.w.org\/{rel}","templated":true}]}}