{"id":7242,"date":"2022-08-26T16:48:24","date_gmt":"2022-08-26T15:48:24","guid":{"rendered":"https:\/\/vesnajanko.eu\/?page_id=7242"},"modified":"2025-01-13T17:01:15","modified_gmt":"2025-01-13T16:01:15","slug":"8-3-azija","status":"publish","type":"page","link":"https:\/\/vesnajanko.eu\/?page_id=7242","title":{"rendered":"8.3. Azija"},"content":{"rendered":"\n<p class=\"has-large-font-size\">Kako se \u017eivi u Aziji?<\/p>\n\n\n\n<p class=\"has-pale-cyan-blue-background-color has-background has-small-font-size\"><span class='tooltipsall tooltipsincontent classtoolTips15'>GEO O\u0160 A.B.8.1.<\/span> U\u010denik analizira prirodno-geografska i dru\u0161tveno-geografska obilje\u017eja Azije s pomo\u0107u geografske karte i razli\u010ditih grafi\u010dkih prikaza.<br><span class='tooltipsall tooltipsincontent classtoolTips16'>GEO O\u0160 A.B.8.2.<\/span> U\u010denik analizira i obja\u0161njava odabrane probleme suvremenoga razvoja Azije.<\/p>\n\n\n\n<p class=\"has-medium-font-size\">U ud\u017ebeniku 54. &#8211; 97. stranice.<\/p>\n\n\n\n<figure class=\"wp-block-table is-style-stripes\"><table><thead><tr><th>Red. br.<br>sata<\/th><th>Podteme (lekcije)<\/th><th>plan<\/th><\/tr><\/thead><tbody><tr><td><\/td><td><a href=\"https:\/\/vesnajanko.eu\/?page_id=689\">Geografska smje\u0161taj i polo\u017eaj, granice i obale Azije<\/a><br><a href=\"https:\/\/vesnajanko.eu\/?page_id=706\">Reljef Azije<\/a><\/td><td><\/td><\/tr><tr><td><\/td><td><a href=\"https:\/\/vesnajanko.eu\/?page_id=801\">Klimatska obilje\u017eja Azije<\/a><br>Geografski smje\u0161taj i polo\u017eaj, reljef i klima Azije &#8211; ponavljanje<\/td><td><\/td><\/tr><tr><td><\/td><td><a href=\"https:\/\/vesnajanko.eu\/?page_id=813\">Zna\u010daj nafte u Aziji<\/a><br><a href=\"https:\/\/vesnajanko.eu\/?page_id=820\">Dru\u0161tvena obilje\u017eja i regije Azije<\/a><\/td><td><\/td><\/tr><tr><td>30.<br>31.<\/td><td><a href=\"https:\/\/vesnajanko.eu\/?page_id=795\">Monsunska Azija<\/a><br>Nafta, dru\u0161tvena obilje\u017eja, monsunska Azija &#8211; ponavljanje<\/td><td><\/td><\/tr><tr><td><\/td><td><a href=\"https:\/\/vesnajanko.eu\/?page_id=809\">Indija<\/a>, <br><a href=\"https:\/\/vesnajanko.eu\/?page_id=1015\">Kina<\/a> i <br><a href=\"https:\/\/vesnajanko.eu\/?page_id=733\">Japan<\/a><\/td><td><\/td><\/tr><tr><td><\/td><td><strong><a href=\"https:\/\/skole.loomen.carnet.hr\/course\/view.php?id=19169#section-4\" target=\"_blank\" rel=\"noreferrer noopener\">Azija &#8211; ponavljanje i provjera<\/a><\/strong><\/td><td><\/td><\/tr><tr><td><\/td><td><\/td><td><\/td><\/tr><\/tbody><\/table><\/figure>\n\n\n\n<p class=\"has-light-green-cyan-background-color has-background has-medium-font-size\">Geografsko znanje (geoznanje) &#8211; sa\u017eetak nau\u010denog<\/p>\n\n\n\n<p>Odaberi <strong>jedan (1)<\/strong> od ponu\u0111enih zadataka:<br>1. Izradi umnu mapu sa sredi\u0161njim pojmom <strong>Azija<\/strong>. Vrednuje se vi\u0161e razina grananja i vizualni izgled. <br>2. U \u0161est natuknica izdvoji najva\u017enije o Aziji: <br>-geografskom polo\u017eaju, <br>-reljefu, <br>-klimi i vegetaciji,<br>-stanovni\u0161tvu,<br>-gospodarstvu,<br>-dr\u017eavama i gradovima Azije.<\/p>\n\n\n\n<p class=\"has-light-green-cyan-background-color has-background has-medium-font-size\">Geografija i \u017eivot (geo\u017eivot) &#8211; kratki sastavak<\/p>\n\n\n\n<p>Odaberi <strong>jedan (1)<\/strong> od ponu\u0111enih zadataka:<br>1. Istra\u017ei u svome domu i okolici \u0161to je porijeklom iz Azije pa napi\u0161i izvje\u0161taj o tome.<br>2. Istra\u017ei barem tri lokacije u Aziji koje bi rado posjetili. Napi\u0161i njihove posebnosti i zanimljivosti.<\/p>\n\n\n\n<p class=\"has-background has-medium-font-size\" style=\"background-color:#fcb90070\">Samovrednovanje<\/p>\n\n\n\n<figure class=\"wp-block-table\"><table><tbody><tr><td><strong>Procijeni svoje\u2026<\/strong><\/td><td>1, 2, 3<\/td><\/tr><tr><td>nau\u010deno znanje za ovu temu<\/td><td><\/td><\/tr><tr><td>aktivnosti na nastavi<\/td><td><\/td><\/tr><tr><td>pona\u0161anje na nastavi<\/td><td>.<\/td><\/tr><\/tbody><\/table><\/figure>\n<script type=\"text\/javascript\"> toolTips('.classtoolTips15','U\u010denik analizira prirodno-geografska i dru\u0161tveno-geografska obilje\u017eja Azije s pomo\u0107u geografske karte i razli\u010ditih grafi\u010dkih prikaza.'); <\/script><script type=\"text\/javascript\"> toolTips('.classtoolTips16','U\u010denik analizira i obja\u0161njava odabrane probleme suvremenoga razvoja Azije.'); <\/script>","protected":false},"excerpt":{"rendered":"<p>Kako se \u017eivi u Aziji? GEO O\u0160 A.B.8.1. U\u010denik analizira prirodno-geografska i dru\u0161tveno-geografska obilje\u017eja Azije s pomo\u0107u geografske karte i razli\u010ditih grafi\u010dkih prikaza.GEO O\u0160 A.B.8.2. U\u010denik analizira i obja\u0161njava odabrane probleme suvremenoga razvoja Azije. U ud\u017ebeniku 54. &#8211; 97. stranice. Red. br.sata Podteme (lekcije) plan Geografska smje\u0161taj i polo\u017eaj, granice&#8230; <a href=\"https:\/\/vesnajanko.eu\/?page_id=7242\" class=\"readmore\">Vi\u0161e<span class=\"screen-reader-text\">&#8220;8.3. Azija&#8221;<\/span><\/a><\/p>\n","protected":false},"author":1,"featured_media":0,"parent":7094,"menu_order":3,"comment_status":"closed","ping_status":"closed","template":"","meta":{"footnotes":""},"class_list":["post-7242","page","type-page","status-publish","hentry"],"_links":{"self":[{"href":"https:\/\/vesnajanko.eu\/index.php?rest_route=\/wp\/v2\/pages\/7242","targetHints":{"allow":["GET"]}}],"collection":[{"href":"https:\/\/vesnajanko.eu\/index.php?rest_route=\/wp\/v2\/pages"}],"about":[{"href":"https:\/\/vesnajanko.eu\/index.php?rest_route=\/wp\/v2\/types\/page"}],"author":[{"embeddable":true,"href":"https:\/\/vesnajanko.eu\/index.php?rest_route=\/wp\/v2\/users\/1"}],"replies":[{"embeddable":true,"href":"https:\/\/vesnajanko.eu\/index.php?rest_route=%2Fwp%2Fv2%2Fcomments&post=7242"}],"version-history":[{"count":25,"href":"https:\/\/vesnajanko.eu\/index.php?rest_route=\/wp\/v2\/pages\/7242\/revisions"}],"predecessor-version":[{"id":9570,"href":"https:\/\/vesnajanko.eu\/index.php?rest_route=\/wp\/v2\/pages\/7242\/revisions\/9570"}],"up":[{"embeddable":true,"href":"https:\/\/vesnajanko.eu\/index.php?rest_route=\/wp\/v2\/pages\/7094"}],"wp:attachment":[{"href":"https:\/\/vesnajanko.eu\/index.php?rest_route=%2Fwp%2Fv2%2Fmedia&parent=7242"}],"curies":[{"name":"wp","href":"https:\/\/api.w.org\/{rel}","templated":true}]}}