{"id":7236,"date":"2022-08-26T16:45:23","date_gmt":"2022-08-26T15:45:23","guid":{"rendered":"https:\/\/vesnajanko.eu\/?page_id=7236"},"modified":"2025-10-01T08:44:28","modified_gmt":"2025-10-01T07:44:28","slug":"8-1-geografske-karte-i-orijentacija","status":"publish","type":"page","link":"https:\/\/vesnajanko.eu\/?page_id=7236","title":{"rendered":"8.1. Geografske karte"},"content":{"rendered":"\n<p class=\"has-pale-cyan-blue-background-color has-background has-small-font-size\"><span class='tooltipsall tooltipsincontent classtoolTips30'>GEO O\u0160 B.8.2.<\/span>&nbsp;U\u010denik odre\u0111uje geografske koordinate zadanoga mjesta na geografskim kartama, slu\u017ei se digitalnim kartama, snalazi se i kre\u0107e u prostoru s pomo\u0107u topografske karte, plana grada (naselja), kompasa i GNSS-a.<br><\/p>\n\n\n\n<p class=\"has-background has-small-font-size\" style=\"background-color:#abb7c291\">ikt A.3.2. U\u010denik se samostalno koristi raznim ure\u0111ajima i programima.<\/p>\n\n\n\n<p class=\"has-medium-font-size\">U ud\u017ebeniku 8. &#8211; 53. stranice.<\/p>\n\n\n\n<figure class=\"wp-block-table is-style-stripes\"><table><thead><tr><th>Redni broj sata \/ podteme (lekcije)<\/th><th>plan<\/th><\/tr><\/thead><tbody><tr><td>3. <a href=\"https:\/\/vesnajanko.eu\/?page_id=315\">Geografska \u0161irina i du\u017eina<\/a><br>4. <a href=\"https:\/\/vesnajanko.eu\/?page_id=315&amp;page=2\">Geografska mre\u017ea &#8211; vje\u017eba<\/a><\/td><td>17. &#8211; 23. 9. &#8217;25<\/td><\/tr><tr><td>5. <a href=\"https:\/\/vesnajanko.eu\/?page_id=7374\">Mjerilo geografske karte<\/a><br>6. <a href=\"https:\/\/wordwall.net\/hr\/resource\/60678788\" target=\"_blank\" rel=\"noreferrer noopener\">Mjerilo geografske karte &#8211; vje\u017eba<\/a><\/td><td>24. &#8211; 30. 9. &#8217;25.<\/td><\/tr><tr><td>7. <a href=\"https:\/\/vesnajanko.eu\/?page_id=463\">Topografske karte<\/a><br>8. <a href=\"https:\/\/nearpod.com\/student\/\" target=\"_blank\" rel=\"noreferrer noopener\">Topografske karte &#8211; vje\u017eba<\/a><\/td><td>1. &#8211; 7. 10. &#8217;25.<\/td><\/tr><tr><td>9. <a href=\"https:\/\/vesnajanko.eu\/?page_id=475\">Orijentacija u prostoru<\/a><br>10. <a href=\"https:\/\/vesnajanko.eu\/?page_id=7431\">Geografske karte i orijentacija<\/a> &#8211; terenski doma\u0107i zadatak<\/td><td>8. &#8211; 14. 10. &#8217;25.<\/td><\/tr><tr><td>11. <a href=\"https:\/\/vesnajanko.eu\/?page_id=513\">GIS i karte na internetu<\/a><br>12. <strong>Geografske karte <\/strong> \u2013 ponavljanje i provjera<\/td><td><\/td><\/tr><\/tbody><\/table><\/figure>\n\n\n\n<p class=\"has-light-green-cyan-background-color has-background has-medium-font-size\">Geografsko znanje (geoznanje)<\/p>\n\n\n\n<p>Odaberi <strong>jedan (1)<\/strong> od sljede\u0107ih zadataka:<br>1. Izradi umnu mapu u \u010dijem sredi\u0161tu \u0107e biti pojam <strong>geografske karte<\/strong>, a grane neka budu pojmovi: Nastavi grananje i povezivanje pojmova.<br>2. Odaberi <strong>\u0161est (6)<\/strong> klju\u010dnih pojmova iz cjeline i napi\u0161i njihove definicije.<\/p>\n\n\n\n<p class=\"has-light-green-cyan-background-color has-background has-medium-font-size\">Geografija i \u017eivot (geo\u017eivot)<\/p>\n\n\n\n<p>:<br>1. Opi\u0161i situaciju iz \u017eivota kada je va\u017eno koristiti geografske karte i na koji na\u010din.<br><\/p>\n\n\n\n<p class=\"has-luminous-vivid-amber-background-color has-background has-medium-font-size\">Samovrednovanje<\/p>\n\n\n\n<p>Precrtaj i ispuni tablicu:<\/p>\n\n\n\n<figure class=\"wp-block-table\"><table><tbody><tr><td><strong>Procijeni svoje\u2026<\/strong><\/td><td>\ud83d\ude42 :\\ \ud83d\ude41<\/td><\/tr><tr><td>nau\u010deno znanje za ovu temu<\/td><td><\/td><\/tr><tr><td>aktivnosti na nastavi<\/td><td><\/td><\/tr><tr><td>pona\u0161anje na nastavi<\/td><td><\/td><\/tr><\/tbody><\/table><\/figure>\n<script type=\"text\/javascript\"> toolTips('.classtoolTips30','U\u010denik odre\u0111uje geografske koordinate zadanoga mjesta na geografskim kartama, slu\u017ei se digitalnim kartama, snalazi se i kre\u0107e u prostoru<br\/>s pomo\u0107u topografske karte, plana grada (naselja), kompasa i GNSS-a.'); <\/script>","protected":false},"excerpt":{"rendered":"<p>GEO O\u0160 B.8.2.&nbsp;U\u010denik odre\u0111uje geografske koordinate zadanoga mjesta na geografskim kartama, slu\u017ei se digitalnim kartama, snalazi se i kre\u0107e u prostoru s pomo\u0107u topografske karte, plana grada (naselja), kompasa i GNSS-a. ikt A.3.2. U\u010denik se samostalno koristi raznim ure\u0111ajima i programima. U ud\u017ebeniku 8. &#8211; 53. stranice. Redni broj sata&#8230; <a href=\"https:\/\/vesnajanko.eu\/?page_id=7236\" class=\"readmore\">Vi\u0161e<span class=\"screen-reader-text\">&#8220;8.1. Geografske karte&#8221;<\/span><\/a><\/p>\n","protected":false},"author":1,"featured_media":0,"parent":7094,"menu_order":1,"comment_status":"closed","ping_status":"closed","template":"","meta":{"footnotes":""},"class_list":["post-7236","page","type-page","status-publish","hentry"],"_links":{"self":[{"href":"https:\/\/vesnajanko.eu\/index.php?rest_route=\/wp\/v2\/pages\/7236","targetHints":{"allow":["GET"]}}],"collection":[{"href":"https:\/\/vesnajanko.eu\/index.php?rest_route=\/wp\/v2\/pages"}],"about":[{"href":"https:\/\/vesnajanko.eu\/index.php?rest_route=\/wp\/v2\/types\/page"}],"author":[{"embeddable":true,"href":"https:\/\/vesnajanko.eu\/index.php?rest_route=\/wp\/v2\/users\/1"}],"replies":[{"embeddable":true,"href":"https:\/\/vesnajanko.eu\/index.php?rest_route=%2Fwp%2Fv2%2Fcomments&post=7236"}],"version-history":[{"count":77,"href":"https:\/\/vesnajanko.eu\/index.php?rest_route=\/wp\/v2\/pages\/7236\/revisions"}],"predecessor-version":[{"id":10114,"href":"https:\/\/vesnajanko.eu\/index.php?rest_route=\/wp\/v2\/pages\/7236\/revisions\/10114"}],"up":[{"embeddable":true,"href":"https:\/\/vesnajanko.eu\/index.php?rest_route=\/wp\/v2\/pages\/7094"}],"wp:attachment":[{"href":"https:\/\/vesnajanko.eu\/index.php?rest_route=%2Fwp%2Fv2%2Fmedia&parent=7236"}],"curies":[{"name":"wp","href":"https:\/\/api.w.org\/{rel}","templated":true}]}}