{"id":7066,"date":"2022-07-30T15:45:47","date_gmt":"2022-07-30T14:45:47","guid":{"rendered":"https:\/\/vesnajanko.eu\/?page_id=7066"},"modified":"2025-04-14T18:01:24","modified_gmt":"2025-04-14T17:01:24","slug":"tercijarne-djelatnosti-u-hrvatskoj","status":"publish","type":"page","link":"https:\/\/vesnajanko.eu\/?page_id=7066","title":{"rendered":"Tercijarne djelatnosti u Hrvatskoj"},"content":{"rendered":"\n<p>Stranice u ud\u017ebeniku: 137. &#8211; 143.<\/p>\n\n\n\n<iframe loading=\"lazy\" src=\"https:\/\/docs.google.com\/presentation\/d\/e\/2PACX-1vQ4XX-fBBh7GqoXFXoSXAFZnlBiCLo8zqYkY6H1iM_mOFnE_6Q98gMdy_wXJrVo9CmJMMFywsIIWBTT\/embed?start=false&#038;loop=false&#038;delayms=3000\" frameborder=\"0\" width=\"960\" height=\"569\" allowfullscreen=\"true\" mozallowfullscreen=\"true\" webkitallowfullscreen=\"true\"><\/iframe>\n\n\n\n<div style=\"height:42px\" aria-hidden=\"true\" class=\"wp-block-spacer\"><\/div>\n\n\n\n<textarea rows=\"10\" cols=\"70\">Ovdje pi\u0161i odgovore.<\/textarea>\n\n\n\n<div style=\"height:47px\" aria-hidden=\"true\" class=\"wp-block-spacer\"><\/div>\n\n\n\n<p>Ili koristi <strong><a href=\"https:\/\/vesnajanko.eu\/wp-content\/uploads\/2025\/04\/obrazac-za-pisanje.pdf\" target=\"_blank\" rel=\"noreferrer noopener\">obrazac za pisanje<\/a><\/strong>.<\/p>\n\n\n\n<p><strong><a href=\"https:\/\/wordwall.net\/play\/90434\/755\/120\" target=\"_blank\" rel=\"noreferrer noopener\">Rije\u0161i kri\u017ealjku za ponavljanje<\/a><\/strong>.<\/p>\n\n\n\n<p class=\"has-pale-cyan-blue-background-color has-background\"><strong>Geobilje\u017enica<\/strong>:<\/p>\n\n\n\n<p class=\"has-text-align-center\">Tercijarne djelatnosti u Hrvatskoj<\/p>\n\n\n\n<p><span style=\"text-decoration: underline;\">Turizam<\/span><br>&#8211; najva\u017enija gospodarska djelatnost, ostvaruje 20% BND<br>&#8211; preduvjeti za razvoj turizma: o\u010duvana priroda, kulturna ba\u0161tina, obrazovani i stru\u010dni djelatnici, raznovrsna ponuda<br>&#8211; najposje\u0107enije je primorje (Istra, Kvarner, Dalmacija)<br><span style=\"text-decoration: underline;\">Promet<\/span><br>&#8211; Hrvatska ima veliko prometno zna\u010denje za povezivanje Europe<br>&#8211; uzdu\u017eni pravci: podravski, posavski, jadransko-jonski<br>&#8211; popre\u010dni pravci: Budimpe\u0161ta &#8211; Zagreb &#8211; Rijeka, Be\u010d &#8211; Split, Osijek &#8211; BiH &#8211; Plo\u010de<br>&#8211; vode\u0107e zra\u010dne luke: Zagreb, Split, Dubrovnik<br>&#8211; morske luke: Rijeka, Split, Zadar, Plo\u010de, Dubrovnik<br><span style=\"text-decoration: underline;\">Trgovina<\/span><br>&#8211; prodaja na veliko i malo<br>&#8211; najve\u0107i izvoz i uvoz ostvarujemo s Italijom, Njema\u010dkom, Slovenijom<br><span style=\"text-decoration: underline;\">Ostalo<\/span><br>&#8211; bankarstvo, telekomunikacije<\/p>\n","protected":false},"excerpt":{"rendered":"<p>Stranice u ud\u017ebeniku: 137. &#8211; 143. Ovdje pi\u0161i odgovore. Ili koristi obrazac za pisanje. Rije\u0161i kri\u017ealjku za ponavljanje. Geobilje\u017enica: Tercijarne djelatnosti u Hrvatskoj Turizam&#8211; najva\u017enija gospodarska djelatnost, ostvaruje 20% BND&#8211; preduvjeti za razvoj turizma: o\u010duvana priroda, kulturna ba\u0161tina, obrazovani i stru\u010dni djelatnici, raznovrsna ponuda&#8211; najposje\u0107enije je primorje (Istra, Kvarner, Dalmacija)Promet&#8211;&#8230; <a href=\"https:\/\/vesnajanko.eu\/?page_id=7066\" class=\"readmore\">Vi\u0161e<span class=\"screen-reader-text\">&#8220;Tercijarne djelatnosti u Hrvatskoj&#8221;<\/span><\/a><\/p>\n","protected":false},"author":1,"featured_media":0,"parent":5173,"menu_order":4,"comment_status":"closed","ping_status":"closed","template":"templates\/page-full-width.php","meta":{"footnotes":""},"class_list":["post-7066","page","type-page","status-publish","hentry"],"_links":{"self":[{"href":"https:\/\/vesnajanko.eu\/index.php?rest_route=\/wp\/v2\/pages\/7066","targetHints":{"allow":["GET"]}}],"collection":[{"href":"https:\/\/vesnajanko.eu\/index.php?rest_route=\/wp\/v2\/pages"}],"about":[{"href":"https:\/\/vesnajanko.eu\/index.php?rest_route=\/wp\/v2\/types\/page"}],"author":[{"embeddable":true,"href":"https:\/\/vesnajanko.eu\/index.php?rest_route=\/wp\/v2\/users\/1"}],"replies":[{"embeddable":true,"href":"https:\/\/vesnajanko.eu\/index.php?rest_route=%2Fwp%2Fv2%2Fcomments&post=7066"}],"version-history":[{"count":14,"href":"https:\/\/vesnajanko.eu\/index.php?rest_route=\/wp\/v2\/pages\/7066\/revisions"}],"predecessor-version":[{"id":9904,"href":"https:\/\/vesnajanko.eu\/index.php?rest_route=\/wp\/v2\/pages\/7066\/revisions\/9904"}],"up":[{"embeddable":true,"href":"https:\/\/vesnajanko.eu\/index.php?rest_route=\/wp\/v2\/pages\/5173"}],"wp:attachment":[{"href":"https:\/\/vesnajanko.eu\/index.php?rest_route=%2Fwp%2Fv2%2Fmedia&parent=7066"}],"curies":[{"name":"wp","href":"https:\/\/api.w.org\/{rel}","templated":true}]}}