{"id":7062,"date":"2022-07-30T15:04:16","date_gmt":"2022-07-30T14:04:16","guid":{"rendered":"https:\/\/vesnajanko.eu\/?page_id=7062"},"modified":"2025-04-09T18:50:43","modified_gmt":"2025-04-09T17:50:43","slug":"sekundarne-djelatnosti-u-hrvatskoj","status":"publish","type":"page","link":"https:\/\/vesnajanko.eu\/?page_id=7062","title":{"rendered":"Sekundarne djelatnosti u Hrvatskoj"},"content":{"rendered":"\n<p>Stranice u ud\u017ebeniku: 134. &#8211; 136.<\/p>\n\n\n\n<p><a rel=\"noreferrer noopener\" href=\"https:\/\/www.google.com\/maps\/d\/u\/0\/viewer?mid=1qjTAVJzkUfo5xGbB37rydhP7CCM&amp;ll=45.75701741835379%2C15.950213056738345&amp;z=7\" target=\"_blank\">Izvori energije &#8211; karta<\/a><\/p>\n\n\n\n<p><a href=\"https:\/\/www.scribblemaps.com\/maps\/view\/Industrijska_podru\u010dja\/IndustrijaRH\" target=\"_blank\" rel=\"noreferrer noopener\">Industrijske regije &#8211; karta<\/a><\/p>\n\n\n\n<p class=\"has-pale-cyan-blue-background-color has-background\"><strong>Geobilje\u0161ke<\/strong>:<\/p>\n\n\n\n<p class=\"has-text-align-center\">Sekundarne djelatnosti u Hrvatskoj<\/p>\n\n\n\n<p><span style=\"text-decoration: underline;\">Rudarstvo i energetika<\/span><br>&#8211; nafta (1\/3 potreba) i zemni plin (1\/4 potreba)<br>&#8211; hidroelektrane daju 1\/2 elektri\u010dne energije, ostale: termoelektrane, vjetroelektrane, nuklearna elektrana Kr\u0161ko (Slovenija)<br><span style=\"text-decoration: underline;\">Industrija i proizvodno obrtni\u0161tvo<\/span><br>&#8211; petrokemijska, drvna, prehrambena, brodogradnja, metaloprera\u0111iva\u010dka i strojogradnja, gra\u0111evinska, kemijska, proizvodnja lijekova (farmaceutska), elektroindustrija<br>&#8211; pet je industrijskih regija:<br>* zagreba\u010dka<br>* me\u0111imursko-gornjopodravska (sjevernohrvatska)<br>* osje\u010dko-brodska (isto\u010dnohrvatska)<br>* rije\u010dko-istarska<br>* splitska<\/p>\n","protected":false},"excerpt":{"rendered":"<p>Stranice u ud\u017ebeniku: 134. &#8211; 136. Izvori energije &#8211; karta Industrijske regije &#8211; karta Geobilje\u0161ke: Sekundarne djelatnosti u Hrvatskoj Rudarstvo i energetika&#8211; nafta (1\/3 potreba) i zemni plin (1\/4 potreba)&#8211; hidroelektrane daju 1\/2 elektri\u010dne energije, ostale: termoelektrane, vjetroelektrane, nuklearna elektrana Kr\u0161ko (Slovenija)Industrija i proizvodno obrtni\u0161tvo&#8211; petrokemijska, drvna, prehrambena, brodogradnja, metaloprera\u0111iva\u010dka&#8230; <a href=\"https:\/\/vesnajanko.eu\/?page_id=7062\" class=\"readmore\">Vi\u0161e<span class=\"screen-reader-text\">&#8220;Sekundarne djelatnosti u Hrvatskoj&#8221;<\/span><\/a><\/p>\n","protected":false},"author":1,"featured_media":0,"parent":5173,"menu_order":3,"comment_status":"closed","ping_status":"closed","template":"","meta":{"footnotes":""},"class_list":["post-7062","page","type-page","status-publish","hentry"],"_links":{"self":[{"href":"https:\/\/vesnajanko.eu\/index.php?rest_route=\/wp\/v2\/pages\/7062","targetHints":{"allow":["GET"]}}],"collection":[{"href":"https:\/\/vesnajanko.eu\/index.php?rest_route=\/wp\/v2\/pages"}],"about":[{"href":"https:\/\/vesnajanko.eu\/index.php?rest_route=\/wp\/v2\/types\/page"}],"author":[{"embeddable":true,"href":"https:\/\/vesnajanko.eu\/index.php?rest_route=\/wp\/v2\/users\/1"}],"replies":[{"embeddable":true,"href":"https:\/\/vesnajanko.eu\/index.php?rest_route=%2Fwp%2Fv2%2Fcomments&post=7062"}],"version-history":[{"count":5,"href":"https:\/\/vesnajanko.eu\/index.php?rest_route=\/wp\/v2\/pages\/7062\/revisions"}],"predecessor-version":[{"id":9815,"href":"https:\/\/vesnajanko.eu\/index.php?rest_route=\/wp\/v2\/pages\/7062\/revisions\/9815"}],"up":[{"embeddable":true,"href":"https:\/\/vesnajanko.eu\/index.php?rest_route=\/wp\/v2\/pages\/5173"}],"wp:attachment":[{"href":"https:\/\/vesnajanko.eu\/index.php?rest_route=%2Fwp%2Fv2%2Fmedia&parent=7062"}],"curies":[{"name":"wp","href":"https:\/\/api.w.org\/{rel}","templated":true}]}}