{"id":7059,"date":"2022-07-30T15:01:35","date_gmt":"2022-07-30T14:01:35","guid":{"rendered":"https:\/\/vesnajanko.eu\/?page_id=7059"},"modified":"2025-04-10T06:51:37","modified_gmt":"2025-04-10T05:51:37","slug":"primarne-djelatnosti-u-hrvatskoj","status":"publish","type":"page","link":"https:\/\/vesnajanko.eu\/?page_id=7059","title":{"rendered":"Primarne djelatnosti u Hrvatskoj"},"content":{"rendered":"\n<p class=\"has-medium-font-size\">Stranice ud\u017ebenika: 130. &#8211; 133.<\/p>\n\n\n\n<iframe loading=\"lazy\" src=\"https:\/\/docs.google.com\/presentation\/d\/e\/2PACX-1vQu6yIYS_EmObBBSnPBR2l3m_mZo06Z7pDD0Z-OjEVWbr-ODxDHxEnTfLwFl3tzSZ01Y-3SlSg14zlH\/embed?start=false&#038;loop=false&#038;delayms=3000\" frameborder=\"0\" width=\"960\" height=\"569\" allowfullscreen=\"true\" mozallowfullscreen=\"true\" webkitallowfullscreen=\"true\"><\/iframe>\n\n\n\n<div style=\"height:37px\" aria-hidden=\"true\" class=\"wp-block-spacer\"><\/div>\n\n\n\n<textarea id=\"primarne\" name=\"primarne\" rows=\"5\" cols=\"50\">\n(Ovdje mo\u017ee\u0161 upisati bilje\u0161ke, no one su samo privremene, ne spremaju se.)\n<\/textarea>\n\n\n\n<div style=\"height:41px\" aria-hidden=\"true\" class=\"wp-block-spacer\"><\/div>\n\n\n\n<p><a href=\"https:\/\/vesnajanko.eu\/wp-content\/uploads\/2025\/04\/primarne_djelatnosti_hrvatska.htm\" target=\"_blank\" rel=\"noreferrer noopener\">Ponovi uz igru popunjavanja praznina<\/a>.<\/p>\n\n\n\n<p class=\"has-pale-cyan-blue-background-color has-background\"><strong>Geobilje\u017enica<\/strong>:<\/p>\n\n\n\n<p class=\"has-text-align-center\">Primarne djelatnosti u Hrvatskoj<\/p>\n\n\n\n<p><span style=\"text-decoration: underline;\">Poljoprivreda<\/span><br>&#8211; nizine Panonske Hrvatske pogodne za ratarstvo<br>&#8211; Slavonija i Baranja &#8211; \u017eitnica Hrvatske: \u017eitarice, uljarice, \u0161e\u0107erna repa, soja<br>&#8211; govedarstvo u na\u0161em zavi\u010daju<br>&#8211; povrtlarstvo u okolici velikih gradova<br>&#8211; razvijeno vinogradarstvo<br>&#8211; Me\u0111imurje, gornja Podravina, Lika i Ogulinsko-pla\u0161\u010danska zavala: kupus, krumpir, <br>&#8211; Lika: sto\u010darstvo na pa\u0161njacima<br>&#8211; Primorska Hrvatska: agrumi, bademi, smokve, vi\u0161nja, jagoda, vinova loza i masline<br><span style=\"text-decoration: underline;\">Ribarstvo i marikultura<\/span><br>&#8211; Ribarstvo ima dugu tradiciju, u novije doba razvija se marikultura<br>&#8211; Panonska Hrvatska: ribnja\u010darstvo<br><span style=\"text-decoration: underline;\">\u0160umarstvo i lovstvo<\/span><br>&#8211; 49% Hrvatske pod \u0161umom &#8211; razvija se \u0161umarstvo i drvna industrija osobito u Gorskoj Hrvatskoj<br>&#8211; <em>Hrvatske \u0161ume<\/em> vode brigu o \u0161umama<\/p>\n","protected":false},"excerpt":{"rendered":"<p>Stranice ud\u017ebenika: 130. &#8211; 133. (Ovdje mo\u017ee\u0161 upisati bilje\u0161ke, no one su samo privremene, ne spremaju se.) Ponovi uz igru popunjavanja praznina. Geobilje\u017enica: Primarne djelatnosti u Hrvatskoj Poljoprivreda&#8211; nizine Panonske Hrvatske pogodne za ratarstvo&#8211; Slavonija i Baranja &#8211; \u017eitnica Hrvatske: \u017eitarice, uljarice, \u0161e\u0107erna repa, soja&#8211; govedarstvo u na\u0161em zavi\u010daju&#8211; povrtlarstvo&#8230; <a href=\"https:\/\/vesnajanko.eu\/?page_id=7059\" class=\"readmore\">Vi\u0161e<span class=\"screen-reader-text\">&#8220;Primarne djelatnosti u Hrvatskoj&#8221;<\/span><\/a><\/p>\n","protected":false},"author":1,"featured_media":0,"parent":5173,"menu_order":2,"comment_status":"closed","ping_status":"closed","template":"templates\/page-full-width.php","meta":{"footnotes":""},"class_list":["post-7059","page","type-page","status-publish","hentry"],"_links":{"self":[{"href":"https:\/\/vesnajanko.eu\/index.php?rest_route=\/wp\/v2\/pages\/7059","targetHints":{"allow":["GET"]}}],"collection":[{"href":"https:\/\/vesnajanko.eu\/index.php?rest_route=\/wp\/v2\/pages"}],"about":[{"href":"https:\/\/vesnajanko.eu\/index.php?rest_route=\/wp\/v2\/types\/page"}],"author":[{"embeddable":true,"href":"https:\/\/vesnajanko.eu\/index.php?rest_route=\/wp\/v2\/users\/1"}],"replies":[{"embeddable":true,"href":"https:\/\/vesnajanko.eu\/index.php?rest_route=%2Fwp%2Fv2%2Fcomments&post=7059"}],"version-history":[{"count":7,"href":"https:\/\/vesnajanko.eu\/index.php?rest_route=\/wp\/v2\/pages\/7059\/revisions"}],"predecessor-version":[{"id":9812,"href":"https:\/\/vesnajanko.eu\/index.php?rest_route=\/wp\/v2\/pages\/7059\/revisions\/9812"}],"up":[{"embeddable":true,"href":"https:\/\/vesnajanko.eu\/index.php?rest_route=\/wp\/v2\/pages\/5173"}],"wp:attachment":[{"href":"https:\/\/vesnajanko.eu\/index.php?rest_route=%2Fwp%2Fv2%2Fmedia&parent=7059"}],"curies":[{"name":"wp","href":"https:\/\/api.w.org\/{rel}","templated":true}]}}