{"id":7056,"date":"2022-07-30T14:58:44","date_gmt":"2022-07-30T13:58:44","guid":{"rendered":"https:\/\/vesnajanko.eu\/?page_id=7056"},"modified":"2026-04-07T06:45:38","modified_gmt":"2026-04-07T05:45:38","slug":"gospodarstvo-i-pokazatelji-razvijenosti","status":"publish","type":"page","link":"https:\/\/vesnajanko.eu\/?page_id=7056","title":{"rendered":"Gospodarstvo i pokazatelji razvijenosti"},"content":{"rendered":"\n<p>Stranice ud\u017ebenika: 124. &#8211; 129.<\/p>\n\n\n\n<iframe loading=\"lazy\" src=\"https:\/\/docs.google.com\/presentation\/d\/e\/2PACX-1vQ4lx5KJPFDZZNDX3k8bvOPFPyRvorCAxEQjBXafdh666eC9IwfAUPksIiOVDhPMAdwZlJJD1Zn9j9y\/embed?start=false&#038;loop=false&#038;delayms=3000\" frameborder=\"0\" width=\"1280\" height=\"749\" allowfullscreen=\"true\" mozallowfullscreen=\"true\" webkitallowfullscreen=\"true\"><\/iframe>\n\n\n\n<div style=\"height:55px\" aria-hidden=\"true\" class=\"wp-block-spacer\"><\/div>\n\n\n\n<hr class=\"wp-block-separator has-css-opacity\"\/>\n\n\n\n<p class=\"has-pale-cyan-blue-background-color has-background\"><strong>Geobilje\u0161ke<\/strong>:<\/p>\n\n\n\n<p class=\"has-text-align-center\"><strong>Gospodarstvo<\/strong><\/p>\n\n\n\n<p>\u2013\u00a0<strong>gospodarstvom<\/strong>\u00a0nazivamo sve djelatnosti kojima se bave ljudi radi zadovoljenja potreba (prehrana, stanovanje, promet, obrazovanje\u2026)<br>Gospodarstvo \u010dine djelatnosti koje sudjeluju u proizvodnji, razmjeni i potro\u0161nji dobara i usluga.<br><br><strong>primarne djelatnosti<\/strong> (uzgoj): poljoprivreda, ribarstvo, \u0161umarstvo<br><strong>sekundarne djelatnosti<\/strong> (prerada): rudarstvo, gra\u0111evinarstvo, obrti, industrija<br><strong>tercijarne djelatnosti<\/strong> (usluge): trgovina, promet, bankarstvo<br><strong>kvartarne djelatnosti<\/strong> (posebne usluge): zdravstvo, \u0161kolstvo, sudstvo, policija, vojska<\/p>\n\n\n\n<p class=\"has-text-align-center\"><strong>Pokazatelji razvijenosti<\/strong><br><br>\u2013\u00a0<strong>bruto doma\u0107i proizvod (BDP)<\/strong>\u00a0\u2013 ukupna vrijednost svih dobara i usluga proizvedenih u gospodarskim djelatnostima unutar dr\u017eave u godini dana, a izra\u017een u ameri\u010dkim dolarima (US$) <br>&#8211; u statistici se \u010de\u0161\u0107e koristi <strong>BDP po stanovniku<\/strong><br><br>\u2013\u00a0<strong>bruto nacionalni dohodak (BND)<\/strong>\u00a0\u2013 ukupna vrijednost prihoda ostvarenog u gospodarskim djelatnostima koje su ostvarili gra\u0111ani neke dr\u017eave (u svojoj i u nekoj drugoj dr\u017eavi) u godini dana, a izra\u017een u ameri\u010dkim dolarima (US$)<br>&#8211; u statistici se \u010de\u0161\u0107e koristi <strong>BND po stanovniku<\/strong><br><br>&#8211; <strong>ljudski razvojni indeks (HDI)<\/strong> &#8211; uzima u obzir BND po stanovniku, o\u010dekivano trajanje \u017eivota i pokazatelj obrazovanja<\/p>\n","protected":false},"excerpt":{"rendered":"<p>Stranice ud\u017ebenika: 124. &#8211; 129. Geobilje\u0161ke: Gospodarstvo \u2013\u00a0gospodarstvom\u00a0nazivamo sve djelatnosti kojima se bave ljudi radi zadovoljenja potreba (prehrana, stanovanje, promet, obrazovanje\u2026)Gospodarstvo \u010dine djelatnosti koje sudjeluju u proizvodnji, razmjeni i potro\u0161nji dobara i usluga. primarne djelatnosti (uzgoj): poljoprivreda, ribarstvo, \u0161umarstvosekundarne djelatnosti (prerada): rudarstvo, gra\u0111evinarstvo, obrti, industrijatercijarne djelatnosti (usluge): trgovina, promet, bankarstvokvartarne&#8230; <a href=\"https:\/\/vesnajanko.eu\/?page_id=7056\" class=\"readmore\">Vi\u0161e<span class=\"screen-reader-text\">&#8220;Gospodarstvo i pokazatelji razvijenosti&#8221;<\/span><\/a><\/p>\n","protected":false},"author":1,"featured_media":0,"parent":5173,"menu_order":1,"comment_status":"closed","ping_status":"closed","template":"templates\/page-full-width.php","meta":{"footnotes":""},"class_list":["post-7056","page","type-page","status-publish","hentry"],"_links":{"self":[{"href":"https:\/\/vesnajanko.eu\/index.php?rest_route=\/wp\/v2\/pages\/7056","targetHints":{"allow":["GET"]}}],"collection":[{"href":"https:\/\/vesnajanko.eu\/index.php?rest_route=\/wp\/v2\/pages"}],"about":[{"href":"https:\/\/vesnajanko.eu\/index.php?rest_route=\/wp\/v2\/types\/page"}],"author":[{"embeddable":true,"href":"https:\/\/vesnajanko.eu\/index.php?rest_route=\/wp\/v2\/users\/1"}],"replies":[{"embeddable":true,"href":"https:\/\/vesnajanko.eu\/index.php?rest_route=%2Fwp%2Fv2%2Fcomments&post=7056"}],"version-history":[{"count":21,"href":"https:\/\/vesnajanko.eu\/index.php?rest_route=\/wp\/v2\/pages\/7056\/revisions"}],"predecessor-version":[{"id":10249,"href":"https:\/\/vesnajanko.eu\/index.php?rest_route=\/wp\/v2\/pages\/7056\/revisions\/10249"}],"up":[{"embeddable":true,"href":"https:\/\/vesnajanko.eu\/index.php?rest_route=\/wp\/v2\/pages\/5173"}],"wp:attachment":[{"href":"https:\/\/vesnajanko.eu\/index.php?rest_route=%2Fwp%2Fv2%2Fmedia&parent=7056"}],"curies":[{"name":"wp","href":"https:\/\/api.w.org\/{rel}","templated":true}]}}