{"id":7044,"date":"2022-07-30T13:23:18","date_gmt":"2022-07-30T12:23:18","guid":{"rendered":"https:\/\/vesnajanko.eu\/?page_id=7044"},"modified":"2025-03-10T20:25:19","modified_gmt":"2025-03-10T19:25:19","slug":"ljudska-prava-i-prava-djeteta","status":"publish","type":"page","link":"https:\/\/vesnajanko.eu\/?page_id=7044","title":{"rendered":"Ljudska prava i prava djeteta"},"content":{"rendered":"\n<iframe loading=\"lazy\" src=\"https:\/\/docs.google.com\/presentation\/d\/e\/2PACX-1vSelpPBYfnNQkhKHy9kVRJ2IFSSQYSstcqnvynEFVRTf8g8eA5JJK9IuDwyzzG7I1kCtoVA7V8ICaeO\/embed?start=false&#038;loop=false&#038;delayms=3000\" frameborder=\"0\" width=\"960\" height=\"649\" allowfullscreen=\"true\" mozallowfullscreen=\"true\" webkitallowfullscreen=\"true\"><\/iframe>\n\n\n\n<p class=\"has-pale-cyan-blue-background-color has-background\"><strong>Geobilje\u017enica:<\/strong><\/p>\n\n\n\n<p class=\"has-text-align-center\">Ljudska prava i prava djeteta<\/p>\n\n\n\n<p>\u2013 Ujedinjeni narodi (UN) \u2013 organizacija za o\u010duvanje mira i sigurnosti u svijetu, sjedi\u0161te u New Yorku<br>&#8211; pri UN-u djeluju organizacije:<br>UNICEF \u2013 zaklada UN-a koja vodi brigu o potrebama djece u svijetu<br>FAO \u2013 Me\u0111unarodna organizacija za prehranu i poljoprivredu<br>WHO \u2013 Svjetska zdravstvena organizacija \u2013 vodi brigu o za\u0161titi svjetskog zdravlja<br>ILO \u2013 Me\u0111unarodna organizacija rada \u2013 \u0161titi radni\u010dka i socijalna prava<br>&#8211; 1948. godine progla\u0161ena <strong>Op\u0107a deklaracija o ljudskim pravima<\/strong><br>&#8211; <strong>svi ljudi imaju ista prava<\/strong> na obrazovanje, rad, kretanje, izbor vjere, kulturu, izra\u017eavanje mi\u0161ljenja&#8230;<br> &#8211; Ujedinjeni narodi proglasili dokumente:<br>1959. Deklaracija o pravima djeteta<br>1989. <strong>Konvencija o pravima djeteta<\/strong><\/p>\n","protected":false},"excerpt":{"rendered":"<p>Geobilje\u017enica: Ljudska prava i prava djeteta \u2013 Ujedinjeni narodi (UN) \u2013 organizacija za o\u010duvanje mira i sigurnosti u svijetu, sjedi\u0161te u New Yorku&#8211; pri UN-u djeluju organizacije:UNICEF \u2013 zaklada UN-a koja vodi brigu o potrebama djece u svijetuFAO \u2013 Me\u0111unarodna organizacija za prehranu i poljoprivreduWHO \u2013 Svjetska zdravstvena organizacija \u2013&#8230; <a href=\"https:\/\/vesnajanko.eu\/?page_id=7044\" class=\"readmore\">Vi\u0161e<span class=\"screen-reader-text\">&#8220;Ljudska prava i prava djeteta&#8221;<\/span><\/a><\/p>\n","protected":false},"author":1,"featured_media":0,"parent":5170,"menu_order":2,"comment_status":"closed","ping_status":"closed","template":"templates\/page-full-width.php","meta":{"footnotes":""},"class_list":["post-7044","page","type-page","status-publish","hentry"],"_links":{"self":[{"href":"https:\/\/vesnajanko.eu\/index.php?rest_route=\/wp\/v2\/pages\/7044","targetHints":{"allow":["GET"]}}],"collection":[{"href":"https:\/\/vesnajanko.eu\/index.php?rest_route=\/wp\/v2\/pages"}],"about":[{"href":"https:\/\/vesnajanko.eu\/index.php?rest_route=\/wp\/v2\/types\/page"}],"author":[{"embeddable":true,"href":"https:\/\/vesnajanko.eu\/index.php?rest_route=\/wp\/v2\/users\/1"}],"replies":[{"embeddable":true,"href":"https:\/\/vesnajanko.eu\/index.php?rest_route=%2Fwp%2Fv2%2Fcomments&post=7044"}],"version-history":[{"count":3,"href":"https:\/\/vesnajanko.eu\/index.php?rest_route=\/wp\/v2\/pages\/7044\/revisions"}],"predecessor-version":[{"id":9673,"href":"https:\/\/vesnajanko.eu\/index.php?rest_route=\/wp\/v2\/pages\/7044\/revisions\/9673"}],"up":[{"embeddable":true,"href":"https:\/\/vesnajanko.eu\/index.php?rest_route=\/wp\/v2\/pages\/5170"}],"wp:attachment":[{"href":"https:\/\/vesnajanko.eu\/index.php?rest_route=%2Fwp%2Fv2%2Fmedia&parent=7044"}],"curies":[{"name":"wp","href":"https:\/\/api.w.org\/{rel}","templated":true}]}}