{"id":7041,"date":"2022-07-30T13:20:55","date_gmt":"2022-07-30T12:20:55","guid":{"rendered":"https:\/\/vesnajanko.eu\/?page_id=7041"},"modified":"2025-03-03T20:39:57","modified_gmt":"2025-03-03T19:39:57","slug":"hrvatska-i-njeno-okruzje-suvremena-drzava-hrvatska","status":"publish","type":"page","link":"https:\/\/vesnajanko.eu\/?page_id=7041","title":{"rendered":"Hrvatska i njeno okru\u017eje; Suvremena dr\u017eava Hrvatska"},"content":{"rendered":"\n<iframe loading=\"lazy\" src=\"https:\/\/docs.google.com\/presentation\/d\/e\/2PACX-1vSFnBrs2PK5MLyITMjPOF2q2LOi8KYGZo9rcOTC8WVQoRHOv7FttAT3zi3yZZ8NxYKETD2I50ceE1m-\/embed?start=false&#038;loop=false&#038;delayms=3000\" frameborder=\"0\" width=\"960\" height=\"569\" allowfullscreen=\"true\" mozallowfullscreen=\"true\" webkitallowfullscreen=\"true\"><\/iframe>\n\n\n\n<p class=\"has-pale-cyan-blue-background-color has-background\"><strong>Geobilje\u0161ke<\/strong><\/p>\n\n\n\n<p class=\"has-text-align-center\"><strong>Hrvatska i njeno okru\u017eje<\/strong><\/p>\n\n\n\n<p>Pro\u017eimanje tri kulturno-civilizacijska kruga: <br><strong>sredozemn<\/strong>i &#8211; talijanski utjecaj, katolicizam<br><strong>srednjoeuropskoga<\/strong> &#8211; germanski i ma\u0111arski utjecaj; katoli\u010danstvo, protenstatizam, judaizam<br><strong>jugoisto\u010dnoeuropskoga<\/strong> &#8211; utjecaj ju\u017enoslavenskih naroda i turcizma; islam, pravoslavlje<br><br>30. 5. 1990. &#8211; prvi vi\u0161estrana\u010dki Sabor, Dan dr\u017eavnosti<br>25. 6. 1991. &#8211; samostalna i suverena Republika Hrvatska<br>22. 5. 1992. &#8211; Hrvatska primljena u UN<br>1. 7. 2013. &#8211; postala \u010dlanica EU<\/p>\n\n\n\n<!--nextpage-->\n\n\n\n<p class=\"has-large-font-size\">Suvremena dr\u017eava Hrvatska<\/p>\n\n\n\n<iframe loading=\"lazy\" src=\"https:\/\/docs.google.com\/presentation\/d\/e\/2PACX-1vSzlP4_AQ760GcH9NtQQO2l9WDqoEnpvmVlL4jazlEJjPBieVpVKyC3yAJXWkBqcJ65my3ZX22JE_ak\/embed?start=false&#038;loop=false&#038;delayms=3000\" frameborder=\"0\" width=\"960\" height=\"569\" allowfullscreen=\"true\" mozallowfullscreen=\"true\" webkitallowfullscreen=\"true\"><\/iframe>\n\n\n\n<p class=\"has-pale-cyan-blue-background-color has-background\"><strong>Geobilje\u0161ke<\/strong><\/p>\n\n\n\n<p class=\"has-text-align-center\"><strong>Suvremena dr\u017eava Hrvatska<\/strong><\/p>\n\n\n\n<p>Hrvatska je republika s trodiobom vlasti:<br><strong>zakonodavna<\/strong> (parlament) &#8211; Hrvatski sabor &#8211; donosi zakone<br><strong>izvr\u0161na<\/strong> (Vlada i predsjednik-ca) &#8211; Vlada predla\u017ee zakone i vodi brigu o dr\u017eavi; predsjednik predstavlja dr\u017eavu u svijetu, zapovijeda oru\u017eanim snagama<br><strong>sudbena<\/strong> (sudovi) &#8211; najvi\u0161i Vrhovni sud<br><br>Temeljno gra\u0111ansko pravo punoljetnih osoba je birati i biti biran.<br><br>Upravno-teritorijalni ustroj: \u017eupanije, gradovi i op\u0107ine<\/p>\n","protected":false},"excerpt":{"rendered":"<p>Geobilje\u0161ke Hrvatska i njeno okru\u017eje Pro\u017eimanje tri kulturno-civilizacijska kruga: sredozemni &#8211; talijanski utjecaj, katolicizamsrednjoeuropskoga &#8211; germanski i ma\u0111arski utjecaj; katoli\u010danstvo, protenstatizam, judaizamjugoisto\u010dnoeuropskoga &#8211; utjecaj ju\u017enoslavenskih naroda i turcizma; islam, pravoslavlje 30. 5. 1990. &#8211; prvi vi\u0161estrana\u010dki Sabor, Dan dr\u017eavnosti25. 6. 1991. &#8211; samostalna i suverena Republika Hrvatska22. 5. 1992. &#8211;&#8230; <a href=\"https:\/\/vesnajanko.eu\/?page_id=7041\" class=\"readmore\">Vi\u0161e<span class=\"screen-reader-text\">&#8220;Hrvatska i njeno okru\u017eje; Suvremena dr\u017eava Hrvatska&#8221;<\/span><\/a><\/p>\n","protected":false},"author":1,"featured_media":0,"parent":5170,"menu_order":1,"comment_status":"closed","ping_status":"closed","template":"templates\/page-full-width.php","meta":{"footnotes":""},"class_list":["post-7041","page","type-page","status-publish","hentry"],"_links":{"self":[{"href":"https:\/\/vesnajanko.eu\/index.php?rest_route=\/wp\/v2\/pages\/7041","targetHints":{"allow":["GET"]}}],"collection":[{"href":"https:\/\/vesnajanko.eu\/index.php?rest_route=\/wp\/v2\/pages"}],"about":[{"href":"https:\/\/vesnajanko.eu\/index.php?rest_route=\/wp\/v2\/types\/page"}],"author":[{"embeddable":true,"href":"https:\/\/vesnajanko.eu\/index.php?rest_route=\/wp\/v2\/users\/1"}],"replies":[{"embeddable":true,"href":"https:\/\/vesnajanko.eu\/index.php?rest_route=%2Fwp%2Fv2%2Fcomments&post=7041"}],"version-history":[{"count":8,"href":"https:\/\/vesnajanko.eu\/index.php?rest_route=\/wp\/v2\/pages\/7041\/revisions"}],"predecessor-version":[{"id":9662,"href":"https:\/\/vesnajanko.eu\/index.php?rest_route=\/wp\/v2\/pages\/7041\/revisions\/9662"}],"up":[{"embeddable":true,"href":"https:\/\/vesnajanko.eu\/index.php?rest_route=\/wp\/v2\/pages\/5170"}],"wp:attachment":[{"href":"https:\/\/vesnajanko.eu\/index.php?rest_route=%2Fwp%2Fv2%2Fmedia&parent=7041"}],"curies":[{"name":"wp","href":"https:\/\/api.w.org\/{rel}","templated":true}]}}