{"id":7030,"date":"2022-07-30T11:27:49","date_gmt":"2022-07-30T10:27:49","guid":{"rendered":"https:\/\/vesnajanko.eu\/?page_id=7030"},"modified":"2025-02-12T09:57:34","modified_gmt":"2025-02-12T08:57:34","slug":"depopulacija-stanovnistva-hrvatske-narodnostna-i-vjerska-struktura-stanovnistva-hrvatske","status":"publish","type":"page","link":"https:\/\/vesnajanko.eu\/?page_id=7030","title":{"rendered":"Depopulacija stanovni\u0161tva Hrvatske"},"content":{"rendered":"\n<p class=\"has-pale-ocean-gradient-background has-background\"><a href=\"https:\/\/docs.google.com\/presentation\/d\/e\/2PACX-1vRWCEPqkvV6sB2pABgqurwtbbiNOzrEMITW8LasGhpAgUstetqdfG8DMUQ3jSWAjSm9SX44swWwJlw0\/pub?start=false&amp;loop=false&amp;delayms=3000\" data-type=\"link\" data-id=\"https:\/\/docs.google.com\/presentation\/d\/e\/2PACX-1vRWCEPqkvV6sB2pABgqurwtbbiNOzrEMITW8LasGhpAgUstetqdfG8DMUQ3jSWAjSm9SX44swWwJlw0\/pub?start=false&amp;loop=false&amp;delayms=3000\" target=\"_blank\" rel=\"noreferrer noopener\">Depopulacija stanovni\u0161tva Hrvatske &#8211; prezentacija<\/a><\/p>\n\n\n\n<iframe loading=\"lazy\" src=\"https:\/\/docs.google.com\/presentation\/d\/e\/2PACX-1vRWCEPqkvV6sB2pABgqurwtbbiNOzrEMITW8LasGhpAgUstetqdfG8DMUQ3jSWAjSm9SX44swWwJlw0\/embed?start=false&#038;loop=false&#038;delayms=3000\" frameborder=\"0\" width=\"960\" height=\"569\" allowfullscreen=\"true\" mozallowfullscreen=\"true\" webkitallowfullscreen=\"true\"><\/iframe>\n\n\n\n<hr class=\"wp-block-separator has-alpha-channel-opacity\"\/>\n\n\n\n<div style=\"height:35px\" aria-hidden=\"true\" class=\"wp-block-spacer\"><\/div>\n\n\n\n<p class=\"has-pale-ocean-gradient-background has-background\"><a rel=\"noreferrer noopener\" href=\"https:\/\/forms.office.com\/Pages\/ResponsePage.aspx?id=FvJamzTGgEurAgyaPQKQkeD-p3MIt-tMhmAIJAkTh-BUMEQ3M082VktUVjUyTzU0N1FCTEcxRTFYMS4u\" target=\"_blank\">Nacionalna i vjerska struktura &#8211; odgovori uz pomo\u0107 ud\u017ebenika<\/a>, 101. stranica<\/p>\n\n\n\n<hr class=\"wp-block-separator has-css-opacity\"\/>\n\n\n\n<p class=\"has-pale-cyan-blue-background-color has-background\"><strong>Geobilje\u017enica<\/strong><\/p>\n\n\n\n<p class=\"has-text-align-center\"><span style=\"text-decoration: underline;\">Depopulacija stanovni\u0161tva Hrvatske<\/span><\/p>\n\n\n\n<p>depopulacija = smanjenje broja stanovnika<br>&#8211; nepovoljna dobna struktura &#8211; prirodni pad, iseljavanje, ratovi u 20. st.<br>&#8211; hrvatsko stanovni\u0161tvo je <strong>izrazito staro<\/strong><br>&#8211; <strong>problemi<\/strong>: nedostatak obrazovane radne snage, optere\u0107en mirovinski i zdravstveni sustav<br>&#8211; potrebno mijenjati <strong>populacijsku politiku<\/strong><\/p>\n\n\n\n<p><\/p>\n","protected":false},"excerpt":{"rendered":"<p>Depopulacija stanovni\u0161tva Hrvatske &#8211; prezentacija Nacionalna i vjerska struktura &#8211; odgovori uz pomo\u0107 ud\u017ebenika, 101. stranica Geobilje\u017enica Depopulacija stanovni\u0161tva Hrvatske depopulacija = smanjenje broja stanovnika&#8211; nepovoljna dobna struktura &#8211; prirodni pad, iseljavanje, ratovi u 20. st.&#8211; hrvatsko stanovni\u0161tvo je izrazito staro&#8211; problemi: nedostatak obrazovane radne snage, optere\u0107en mirovinski i zdravstveni&#8230; <a href=\"https:\/\/vesnajanko.eu\/?page_id=7030\" class=\"readmore\">Vi\u0161e<span class=\"screen-reader-text\">&#8220;Depopulacija stanovni\u0161tva Hrvatske&#8221;<\/span><\/a><\/p>\n","protected":false},"author":1,"featured_media":0,"parent":5167,"menu_order":7,"comment_status":"closed","ping_status":"closed","template":"templates\/page-full-width.php","meta":{"footnotes":""},"class_list":["post-7030","page","type-page","status-publish","hentry"],"_links":{"self":[{"href":"https:\/\/vesnajanko.eu\/index.php?rest_route=\/wp\/v2\/pages\/7030","targetHints":{"allow":["GET"]}}],"collection":[{"href":"https:\/\/vesnajanko.eu\/index.php?rest_route=\/wp\/v2\/pages"}],"about":[{"href":"https:\/\/vesnajanko.eu\/index.php?rest_route=\/wp\/v2\/types\/page"}],"author":[{"embeddable":true,"href":"https:\/\/vesnajanko.eu\/index.php?rest_route=\/wp\/v2\/users\/1"}],"replies":[{"embeddable":true,"href":"https:\/\/vesnajanko.eu\/index.php?rest_route=%2Fwp%2Fv2%2Fcomments&post=7030"}],"version-history":[{"count":8,"href":"https:\/\/vesnajanko.eu\/index.php?rest_route=\/wp\/v2\/pages\/7030\/revisions"}],"predecessor-version":[{"id":9626,"href":"https:\/\/vesnajanko.eu\/index.php?rest_route=\/wp\/v2\/pages\/7030\/revisions\/9626"}],"up":[{"embeddable":true,"href":"https:\/\/vesnajanko.eu\/index.php?rest_route=\/wp\/v2\/pages\/5167"}],"wp:attachment":[{"href":"https:\/\/vesnajanko.eu\/index.php?rest_route=%2Fwp%2Fv2%2Fmedia&parent=7030"}],"curies":[{"name":"wp","href":"https:\/\/api.w.org\/{rel}","templated":true}]}}