{"id":7018,"date":"2022-07-30T11:11:14","date_gmt":"2022-07-30T10:11:14","guid":{"rendered":"https:\/\/vesnajanko.eu\/?page_id=7018"},"modified":"2025-02-03T17:07:32","modified_gmt":"2025-02-03T16:07:32","slug":"prirodna-promjena-i-bioloska-struktura-stanovnistva-svijeta-i-hrvatske","status":"publish","type":"page","link":"https:\/\/vesnajanko.eu\/?page_id=7018","title":{"rendered":"Prirodna promjena i biolo\u0161ka struktura stanovni\u0161tva svijeta i Hrvatske"},"content":{"rendered":"\n<p><strong>Stranice ud\u017ebenika<\/strong>: 82. &#8211; 88.<\/p>\n\n\n\n<p class=\"has-pale-ocean-gradient-background has-background\"><strong><a href=\"https:\/\/docs.google.com\/presentation\/d\/e\/2PACX-1vRA42gjh6CCODVj3abO-J-m8tg-H_si1eSbTz83QwpVBhjeuOyiI3O_RKsPtVm0c4Cwky5-dTmGKQLQ\/pub?start=false&amp;loop=false&amp;delayms=3000\" target=\"_blank\" rel=\"noreferrer noopener\">Pogledaj prezentaciju<\/a><\/strong>.<\/p>\n\n\n\n<iframe loading=\"lazy\" src=\"https:\/\/docs.google.com\/presentation\/d\/e\/2PACX-1vRA42gjh6CCODVj3abO-J-m8tg-H_si1eSbTz83QwpVBhjeuOyiI3O_RKsPtVm0c4Cwky5-dTmGKQLQ\/embed?start=false&#038;loop=false&#038;delayms=3000\" frameborder=\"0\" width=\"960\" height=\"569\" allowfullscreen=\"true\" mozallowfullscreen=\"true\" webkitallowfullscreen=\"true\"><\/iframe>\n\n\n\n<div style=\"height:30px\" aria-hidden=\"true\" class=\"wp-block-spacer\"><\/div>\n\n\n\n<p><a href=\"https:\/\/www.populationpyramid.net\/\" target=\"_blank\" rel=\"noreferrer noopener\">Dobno &#8211; spolna piramida<\/a><\/p>\n\n\n\n<p><a href=\"https:\/\/dzs.gov.hr\/UserDocsImages\/Popis%202021\/PDF\/Popis_2021_konacni_rezultati.pdf\" target=\"_blank\" rel=\"noreferrer noopener\">Kona\u010dni rezultati popisa stanovnika 2021.<\/a><\/p>\n\n\n\n<p><strong><a href=\"https:\/\/wordwall.net\/resource\/10624261\" target=\"_blank\" rel=\"noreferrer noopener\">Kviz &#8211; pucanje balona<\/a><\/strong><\/p>\n\n\n\n<p class=\"has-pale-cyan-blue-background-color has-background\"><strong>Geobilje\u017enica<\/strong><\/p>\n\n\n\n<p class=\"has-text-align-center\"><strong><span style=\"text-decoration: underline;\">Prirodna promjena i biolo\u0161ka struktura stanovni\u0161tva svijeta i Hrvatske<\/span><\/strong><\/p>\n\n\n\n<p><strong>Ukupnu (op\u0107u) promjenu stanovnika<\/strong> \u010dini zbroj&nbsp;prirodne promjene&nbsp;i&nbsp;prostorne promjene stanovnika.<br><br><span style=\"text-decoration: underline;\">Prirodna&nbsp;promjena stanovnika<\/span><br><br>\u2013 prirodna&nbsp;promjena razlika je rodnosti (broj ro\u0111enih) i smrtnosti (broj umrlih)<br>\u2013 stopa rodnosti&nbsp; je broj ro\u0111enih&nbsp; na 1000 stanovnika, izra\u017eava se u promilima&nbsp; ( \u2030 )<br>\u2013 stopa smrtnost&nbsp; je broj umrlih&nbsp; na 1000 stanovnika, izra\u017eava se u promilima&nbsp; ( \u2030 )<br><strong>stopa rodnosti \u2030 &#8211; stopa smrtnosti \u2030 = stopa prirodne promjene \u2030<\/strong><br>&#8211; mo\u017ee biti prirodni porast ili prirodni pad<br>&#8211; Hrvatska ima prirodni pad stanovnika od 1991. godine<br><br><span style=\"text-decoration: underline;\">Biolo\u0161ka struktura (sastav) stanovnika<\/span><br><br>&#8211; prema dobi: mladi (0 &#8211; 14 godina), zreli (15 &#8211; 64), stari (65 +)<br>&#8211; hrvatsko stanovni\u0161tvo je izrazito staro<br>&#8211; prema spolu ujedna\u010den je omjer mu\u0161karaca i \u017eena<br>&#8211; u mla\u0111oj dobi vi\u0161e je mu\u0161ke djece, a u starijoj vi\u0161e \u017eena<\/p>\n","protected":false},"excerpt":{"rendered":"<p>Stranice ud\u017ebenika: 82. &#8211; 88. Pogledaj prezentaciju. Dobno &#8211; spolna piramida Kona\u010dni rezultati popisa stanovnika 2021. Kviz &#8211; pucanje balona Geobilje\u017enica Prirodna promjena i biolo\u0161ka struktura stanovni\u0161tva svijeta i Hrvatske Ukupnu (op\u0107u) promjenu stanovnika \u010dini zbroj&nbsp;prirodne promjene&nbsp;i&nbsp;prostorne promjene stanovnika. Prirodna&nbsp;promjena stanovnika \u2013 prirodna&nbsp;promjena razlika je rodnosti (broj ro\u0111enih) i smrtnosti&#8230; <a href=\"https:\/\/vesnajanko.eu\/?page_id=7018\" class=\"readmore\">Vi\u0161e<span class=\"screen-reader-text\">&#8220;Prirodna promjena i biolo\u0161ka struktura stanovni\u0161tva svijeta i Hrvatske&#8221;<\/span><\/a><\/p>\n","protected":false},"author":1,"featured_media":0,"parent":5167,"menu_order":4,"comment_status":"closed","ping_status":"closed","template":"templates\/page-full-width.php","meta":{"footnotes":""},"class_list":["post-7018","page","type-page","status-publish","hentry"],"_links":{"self":[{"href":"https:\/\/vesnajanko.eu\/index.php?rest_route=\/wp\/v2\/pages\/7018","targetHints":{"allow":["GET"]}}],"collection":[{"href":"https:\/\/vesnajanko.eu\/index.php?rest_route=\/wp\/v2\/pages"}],"about":[{"href":"https:\/\/vesnajanko.eu\/index.php?rest_route=\/wp\/v2\/types\/page"}],"author":[{"embeddable":true,"href":"https:\/\/vesnajanko.eu\/index.php?rest_route=\/wp\/v2\/users\/1"}],"replies":[{"embeddable":true,"href":"https:\/\/vesnajanko.eu\/index.php?rest_route=%2Fwp%2Fv2%2Fcomments&post=7018"}],"version-history":[{"count":6,"href":"https:\/\/vesnajanko.eu\/index.php?rest_route=\/wp\/v2\/pages\/7018\/revisions"}],"predecessor-version":[{"id":9598,"href":"https:\/\/vesnajanko.eu\/index.php?rest_route=\/wp\/v2\/pages\/7018\/revisions\/9598"}],"up":[{"embeddable":true,"href":"https:\/\/vesnajanko.eu\/index.php?rest_route=\/wp\/v2\/pages\/5167"}],"wp:attachment":[{"href":"https:\/\/vesnajanko.eu\/index.php?rest_route=%2Fwp%2Fv2%2Fmedia&parent=7018"}],"curies":[{"name":"wp","href":"https:\/\/api.w.org\/{rel}","templated":true}]}}