{"id":7005,"date":"2022-07-17T13:29:55","date_gmt":"2022-07-17T12:29:55","guid":{"rendered":"https:\/\/vesnajanko.eu\/?page_id=7005"},"modified":"2025-01-07T21:36:05","modified_gmt":"2025-01-07T20:36:05","slug":"naseljenost-svijeta-i-hrvatske","status":"publish","type":"page","link":"https:\/\/vesnajanko.eu\/?page_id=7005","title":{"rendered":"Naseljenost svijeta i Hrvatske"},"content":{"rendered":"\n<p class=\"has-small-font-size\"><strong>Stranice ud\u017ebenika<\/strong>: 75. &#8211; 81.<\/p>\n\n\n\n<p>Pogledaj podatke na web stranici:<\/p>\n\n\n\n<ul class=\"wp-block-list\">\n<li><a rel=\"noreferrer noopener\" href=\"http:\/\/www.worldometers.info\/world-population\/\" target=\"_blank\">http:\/\/www.worldometers.info\/world-population\/<\/a><\/li>\n\n\n\n<li><a href=\"https:\/\/www.theworldcounts.com\/challenges\/planet-earth\/state-of-the-planet\/world-population-clock-live\" target=\"_blank\" rel=\"noreferrer noopener\">World Population Clock Live (theworldcounts.com)<\/a><\/li>\n\n\n\n<li><a href=\"https:\/\/countrymeters.info\/en\/World\" target=\"_blank\" rel=\"noreferrer noopener\">World population 2023 | Population clock live (countrymeters.info)<\/a><\/li>\n<\/ul>\n\n\n\n<p>Mo\u017eemo li zaista to\u010dno znati broj stanovnika u svakom trenutku?<\/p>\n\n\n\n<p class=\"has-pale-ocean-gradient-background has-background\"><a href=\"https:\/\/docs.google.com\/presentation\/d\/e\/2PACX-1vQef_7WXJ4pAMNYES54X3inCPB9cR3Yuor0xOETPp74gWg5_Qd0U8g8FscewMop6JvPreH3aDEboCph\/pub?start=false&amp;loop=false&amp;delayms=3000\" target=\"_blank\" rel=\"noreferrer noopener\">Prezentacija<\/a> (Nearpod)<\/p>\n\n\n\n<iframe loading=\"lazy\" src=\"https:\/\/docs.google.com\/presentation\/d\/e\/2PACX-1vSkEmqz5tiFzFV61tNjoZRhI5oVMpJdRu-YZ-yc5qk2PmkJf3qzIdOYoKKWpeowrjAvkNh8vSBHz66j\/embed?start=false&#038;loop=false&#038;delayms=3000\" frameborder=\"0\" width=\"960\" height=\"569\" allowfullscreen=\"true\" mozallowfullscreen=\"true\" webkitallowfullscreen=\"true\"><\/iframe>\n\n\n\n<p><a href=\"https:\/\/mapmaker.nationalgeographic.org\/map\/31f703faf5d3400bbef5a036947ba4cc\" target=\"_blank\" rel=\"noreferrer noopener\">Karta naseljenosti svijeta<\/a><\/p>\n\n\n\n<p><a href=\"https:\/\/dzs.gov.hr\/UserDocsImages\/Popis%202021\/PDF\/Popis_2021_konacni_rezultati.pdf\" target=\"_blank\" rel=\"noreferrer noopener\">Kona\u010dni rezultati popisa 2021. godine u Hrvatskoj<\/a><\/p>\n\n\n\n<hr class=\"wp-block-separator has-css-opacity\"\/>\n\n\n\n<p class=\"has-pale-cyan-blue-background-color has-background has-medium-font-size\"><strong>Geobilje\u0161ke<\/strong><\/p>\n\n\n\n<p class=\"has-text-align-center\"><strong><span style=\"text-decoration: underline;\">Naseljenost svijeta i Hrvatske<\/span><\/strong><\/p>\n\n\n\n<p>Svi ljudi koji \u017eive na odre\u0111enom prostoru \u010dine&nbsp;<strong>stanovni\u0161tvo<\/strong>&nbsp;tog prostora (kontinenta, dr\u017eave, naselja).<br>Broj stanovnika procjenjuje se na temelju&nbsp;<strong>popisa stanovnika<\/strong>. <br>Procjenjuje se da u svijetu danas \u017eivi preko <strong>8 milijardi stanovnika<\/strong> (2022.). <br>Stanovni\u0161tvo svijeta ubrzano se po\u010delo pove\u0107avati zahvaljuju\u0107i razvoju industrije i znanosti, &nbsp;a posebno zdravstva. <br>Najvi\u0161e stanovnika \u017eivi u <strong>sjevernom umjerenom pojasu<\/strong>; u isto\u010dnoj Aziji, ju\u017enoj Aziji i zapadnom dijelu Europe.<br>Gusto\u0107a naseljenosti je broj koji pokazuje koliko stanovnika \u017eivi na 1 km<sup>2<\/sup>.<br><strong>Naseljenost Hrvatske<\/strong>:<br>&#8211; <strong>posljednji popis \u2013 2021. godine \u2013&nbsp;<\/strong>broj stanovnika Hrvatske je&nbsp;<strong>3 871 833<\/strong><br>&#8211; prostor Hrvatske je&nbsp;<strong>neravnomjerno naseljen<\/strong><\/p>\n","protected":false},"excerpt":{"rendered":"<p>Stranice ud\u017ebenika: 75. &#8211; 81. Pogledaj podatke na web stranici: Mo\u017eemo li zaista to\u010dno znati broj stanovnika u svakom trenutku? Prezentacija (Nearpod) Karta naseljenosti svijeta Kona\u010dni rezultati popisa 2021. godine u Hrvatskoj Geobilje\u0161ke Naseljenost svijeta i Hrvatske Svi ljudi koji \u017eive na odre\u0111enom prostoru \u010dine&nbsp;stanovni\u0161tvo&nbsp;tog prostora (kontinenta, dr\u017eave, naselja).Broj stanovnika&#8230; <a href=\"https:\/\/vesnajanko.eu\/?page_id=7005\" class=\"readmore\">Vi\u0161e<span class=\"screen-reader-text\">&#8220;Naseljenost svijeta i Hrvatske&#8221;<\/span><\/a><\/p>\n","protected":false},"author":1,"featured_media":0,"parent":5167,"menu_order":2,"comment_status":"closed","ping_status":"closed","template":"templates\/page-full-width.php","meta":{"footnotes":""},"class_list":["post-7005","page","type-page","status-publish","hentry"],"_links":{"self":[{"href":"https:\/\/vesnajanko.eu\/index.php?rest_route=\/wp\/v2\/pages\/7005","targetHints":{"allow":["GET"]}}],"collection":[{"href":"https:\/\/vesnajanko.eu\/index.php?rest_route=\/wp\/v2\/pages"}],"about":[{"href":"https:\/\/vesnajanko.eu\/index.php?rest_route=\/wp\/v2\/types\/page"}],"author":[{"embeddable":true,"href":"https:\/\/vesnajanko.eu\/index.php?rest_route=\/wp\/v2\/users\/1"}],"replies":[{"embeddable":true,"href":"https:\/\/vesnajanko.eu\/index.php?rest_route=%2Fwp%2Fv2%2Fcomments&post=7005"}],"version-history":[{"count":13,"href":"https:\/\/vesnajanko.eu\/index.php?rest_route=\/wp\/v2\/pages\/7005\/revisions"}],"predecessor-version":[{"id":9559,"href":"https:\/\/vesnajanko.eu\/index.php?rest_route=\/wp\/v2\/pages\/7005\/revisions\/9559"}],"up":[{"embeddable":true,"href":"https:\/\/vesnajanko.eu\/index.php?rest_route=\/wp\/v2\/pages\/5167"}],"wp:attachment":[{"href":"https:\/\/vesnajanko.eu\/index.php?rest_route=%2Fwp%2Fv2%2Fmedia&parent=7005"}],"curies":[{"name":"wp","href":"https:\/\/api.w.org\/{rel}","templated":true}]}}