{"id":7001,"date":"2022-07-17T12:49:48","date_gmt":"2022-07-17T11:49:48","guid":{"rendered":"https:\/\/vesnajanko.eu\/?page_id=7001"},"modified":"2026-01-11T12:14:03","modified_gmt":"2026-01-11T11:14:03","slug":"raznolikost-svjetskog-stanovnistva","status":"publish","type":"page","link":"https:\/\/vesnajanko.eu\/?page_id=7001","title":{"rendered":"Raznolikost svjetskog stanovni\u0161tva"},"content":{"rendered":"\n<p class=\"has-small-font-size\"><strong>Stranice ud\u017ebenika<\/strong>: 70. &#8211; 74.<\/p>\n\n\n\n<p class=\"has-pale-ocean-gradient-background has-background\"><a href=\"https:\/\/docs.google.com\/presentation\/d\/e\/2PACX-1vT933uuUx3WdTGYGMN8egf3wg2nHtuvjHim1pAE4Z7PFRqLN4WxVFKCY5D1nEpHcYGkCRSVTzCXXSxW\/pub?start=false&amp;loop=false&amp;delayms=3000\" target=\"_blank\" rel=\"noreferrer noopener\">Prezentacija<\/a><\/p>\n\n\n\n<iframe loading=\"lazy\" src=\"https:\/\/docs.google.com\/presentation\/d\/e\/2PACX-1vT933uuUx3WdTGYGMN8egf3wg2nHtuvjHim1pAE4Z7PFRqLN4WxVFKCY5D1nEpHcYGkCRSVTzCXXSxW\/pubembed?start=false&#038;loop=false&#038;delayms=3000\" frameborder=\"0\" width=\"960\" height=\"569\" allowfullscreen=\"true\" mozallowfullscreen=\"true\" webkitallowfullscreen=\"true\"><\/iframe>\n\n\n\n<div style=\"height:27px\" aria-hidden=\"true\" class=\"wp-block-spacer\"><\/div>\n\n\n\n<p class=\"has-cyan-bluish-gray-background-color has-background\"><a href=\"https:\/\/wordwall.net\/hr\/resource\/10213945\" target=\"_blank\" rel=\"noreferrer noopener\">Kviz igra za ponavljanje<\/a><\/p>\n\n\n\n<hr class=\"wp-block-separator has-css-opacity\"\/>\n\n\n\n<h4 class=\"wp-block-heading has-pale-cyan-blue-background-color has-background\">Geobilje\u0161ke<\/h4>\n\n\n\n<p class=\"has-text-align-center\"><strong>Raznolikost svjetskog stanovni\u0161tva<\/strong><\/p>\n\n\n\n<p>&#8211; Ujedinjeni narodi (UN) &#8211; organizacija za o\u010duvanje mira i&nbsp;sigurnosti u svijetu, sjedi\u0161te u New Yorku<br>&#8211; najrasprostranjeniji svjetski jezici su engleski, francuski i \u0161panjolski jezik \u2013 slu\u017ee za sporazumijevanje\u200b<br>&#8211; religije s najvi\u0161e vjernika: kr\u0161\u0107anstvo, islam, hinduizam,&nbsp;budizam, judaizam<br>&#8211; ateisti su ljudi koji nisu vjernici<\/p>\n","protected":false},"excerpt":{"rendered":"<p>Stranice ud\u017ebenika: 70. &#8211; 74. Prezentacija Kviz igra za ponavljanje Geobilje\u0161ke Raznolikost svjetskog stanovni\u0161tva &#8211; Ujedinjeni narodi (UN) &#8211; organizacija za o\u010duvanje mira i&nbsp;sigurnosti u svijetu, sjedi\u0161te u New Yorku&#8211; najrasprostranjeniji svjetski jezici su engleski, francuski i \u0161panjolski jezik \u2013 slu\u017ee za sporazumijevanje\u200b&#8211; religije s najvi\u0161e vjernika: kr\u0161\u0107anstvo, islam, hinduizam,&nbsp;budizam,&#8230; <a href=\"https:\/\/vesnajanko.eu\/?page_id=7001\" class=\"readmore\">Vi\u0161e<span class=\"screen-reader-text\">&#8220;Raznolikost svjetskog stanovni\u0161tva&#8221;<\/span><\/a><\/p>\n","protected":false},"author":1,"featured_media":0,"parent":5167,"menu_order":1,"comment_status":"closed","ping_status":"closed","template":"templates\/page-full-width.php","meta":{"footnotes":""},"class_list":["post-7001","page","type-page","status-publish","hentry"],"_links":{"self":[{"href":"https:\/\/vesnajanko.eu\/index.php?rest_route=\/wp\/v2\/pages\/7001","targetHints":{"allow":["GET"]}}],"collection":[{"href":"https:\/\/vesnajanko.eu\/index.php?rest_route=\/wp\/v2\/pages"}],"about":[{"href":"https:\/\/vesnajanko.eu\/index.php?rest_route=\/wp\/v2\/types\/page"}],"author":[{"embeddable":true,"href":"https:\/\/vesnajanko.eu\/index.php?rest_route=\/wp\/v2\/users\/1"}],"replies":[{"embeddable":true,"href":"https:\/\/vesnajanko.eu\/index.php?rest_route=%2Fwp%2Fv2%2Fcomments&post=7001"}],"version-history":[{"count":9,"href":"https:\/\/vesnajanko.eu\/index.php?rest_route=\/wp\/v2\/pages\/7001\/revisions"}],"predecessor-version":[{"id":10213,"href":"https:\/\/vesnajanko.eu\/index.php?rest_route=\/wp\/v2\/pages\/7001\/revisions\/10213"}],"up":[{"embeddable":true,"href":"https:\/\/vesnajanko.eu\/index.php?rest_route=\/wp\/v2\/pages\/5167"}],"wp:attachment":[{"href":"https:\/\/vesnajanko.eu\/index.php?rest_route=%2Fwp%2Fv2%2Fmedia&parent=7001"}],"curies":[{"name":"wp","href":"https:\/\/api.w.org\/{rel}","templated":true}]}}