{"id":6994,"date":"2022-07-17T12:23:29","date_gmt":"2022-07-17T11:23:29","guid":{"rendered":"https:\/\/vesnajanko.eu\/?page_id=6994"},"modified":"2025-04-28T16:03:19","modified_gmt":"2025-04-28T15:03:19","slug":"prirodna-i-kulturna-bastina-hrvatske","status":"publish","type":"page","link":"https:\/\/vesnajanko.eu\/?page_id=6994","title":{"rendered":"Prirodna i kulturna ba\u0161tina Hrvatske"},"content":{"rendered":"\n<p>Stranice ud\u017ebenika: 144. &#8211; 149.<\/p>\n\n\n\n<p class=\"has-pale-ocean-gradient-background has-background\"><a rel=\"noreferrer noopener\" href=\"https:\/\/coggle.it\/diagram\/Y7mvnWqS3BdYQwyw\/t\/ba%C5%A1tina\" target=\"_blank\">Pogledaj umnu mapu<\/a><\/p>\n\n\n\n<p><a rel=\"noreferrer noopener\" href=\"http:\/\/www.parkovihrvatske.hr\/karta\" target=\"_blank\">Parkovi Hrvatske &#8211; karta<\/a> i <a href=\"https:\/\/hr.wikipedia.org\/wiki\/Strogi_rezervat\" target=\"_blank\" rel=\"noreferrer noopener\">strogi rezervati<\/a><\/p>\n\n\n\n<p>Vje\u017eba <a rel=\"noreferrer noopener\" href=\"https:\/\/wordwall.net\/play\/30440\/958\/273\" target=\"_blank\">na karti &#8211; Wordwall<\/a><\/p>\n\n\n\n<p class=\"has-pale-cyan-blue-background-color has-background has-medium-font-size\"><strong>Geobilje\u017enica<\/strong><\/p>\n\n\n\n<p class=\"has-text-align-center\"><span style=\"text-decoration: underline;\">Prirodna i kulturna ba\u0161tina Hrvatske<\/span><\/p>\n\n\n\n<p>Prirodna i kulturna ba\u0161tina sve je prirodno i dru\u0161tveno dobro koje smo iz pro\u0161losti naslijedili, njegovali i o\u010duvali.<\/p>\n\n\n\n<p>UNESCO kao dio UN-a sastavlja popis materijalne i nematerijalne (tradicionalni obi\u010daji i umije\u0107a) svjetske ba\u0161tine, a na njemu je zasad deset materijalnih i petnaest nematerijalnih dobara iz Hrvatske.<\/p>\n\n\n\n<p>Materijalnu kulturnu ba\u0161tinu \u010dine kulturno-povijesno vrijedna nepokretna i pokretna dobra.<\/p>\n\n\n\n<p>Nematerijalnu kulturnu ba\u0161tinu \u010dine razli\u010diti tradicijski obi\u010daji i umije\u0107a.<\/p>\n\n\n\n<ul class=\"wp-block-list\">\n<li>U Hrvatskoj se razlikuju sljede\u0107e kategorije za\u0161ti\u0107ene prirode:<ul><li>strogi rezervat<\/li><li>nacionalni park<\/li><li>posebni rezervat<\/li><li>park prirode<\/li><li>regionalni park<\/li><li>spomenik prirode<\/li><li>zna\u010dajan krajobraz<\/li><\/ul>\n<ul class=\"wp-block-list\">\n<li>park-\u0161uma<\/li>\n\n\n\n<li>spomenik parkovne arhitekture.<\/li>\n<\/ul>\n<\/li>\n<\/ul>\n\n\n\n<div style=\"height:41px\" aria-hidden=\"true\" class=\"wp-block-spacer\"><\/div>\n","protected":false},"excerpt":{"rendered":"<p>Stranice ud\u017ebenika: 144. &#8211; 149. Pogledaj umnu mapu Parkovi Hrvatske &#8211; karta i strogi rezervati Vje\u017eba na karti &#8211; Wordwall Geobilje\u017enica Prirodna i kulturna ba\u0161tina Hrvatske Prirodna i kulturna ba\u0161tina sve je prirodno i dru\u0161tveno dobro koje smo iz pro\u0161losti naslijedili, njegovali i o\u010duvali. UNESCO kao dio UN-a sastavlja popis&#8230; <a href=\"https:\/\/vesnajanko.eu\/?page_id=6994\" class=\"readmore\">Vi\u0161e<span class=\"screen-reader-text\">&#8220;Prirodna i kulturna ba\u0161tina Hrvatske&#8221;<\/span><\/a><\/p>\n","protected":false},"author":1,"featured_media":0,"parent":5164,"menu_order":4,"comment_status":"closed","ping_status":"closed","template":"templates\/page-full-width.php","meta":{"footnotes":""},"class_list":["post-6994","page","type-page","status-publish","hentry"],"_links":{"self":[{"href":"https:\/\/vesnajanko.eu\/index.php?rest_route=\/wp\/v2\/pages\/6994","targetHints":{"allow":["GET"]}}],"collection":[{"href":"https:\/\/vesnajanko.eu\/index.php?rest_route=\/wp\/v2\/pages"}],"about":[{"href":"https:\/\/vesnajanko.eu\/index.php?rest_route=\/wp\/v2\/types\/page"}],"author":[{"embeddable":true,"href":"https:\/\/vesnajanko.eu\/index.php?rest_route=\/wp\/v2\/users\/1"}],"replies":[{"embeddable":true,"href":"https:\/\/vesnajanko.eu\/index.php?rest_route=%2Fwp%2Fv2%2Fcomments&post=6994"}],"version-history":[{"count":13,"href":"https:\/\/vesnajanko.eu\/index.php?rest_route=\/wp\/v2\/pages\/6994\/revisions"}],"predecessor-version":[{"id":9949,"href":"https:\/\/vesnajanko.eu\/index.php?rest_route=\/wp\/v2\/pages\/6994\/revisions\/9949"}],"up":[{"embeddable":true,"href":"https:\/\/vesnajanko.eu\/index.php?rest_route=\/wp\/v2\/pages\/5164"}],"wp:attachment":[{"href":"https:\/\/vesnajanko.eu\/index.php?rest_route=%2Fwp%2Fv2%2Fmedia&parent=6994"}],"curies":[{"name":"wp","href":"https:\/\/api.w.org\/{rel}","templated":true}]}}