{"id":6991,"date":"2022-07-17T12:20:37","date_gmt":"2022-07-17T11:20:37","guid":{"rendered":"https:\/\/vesnajanko.eu\/?page_id=6991"},"modified":"2025-12-10T18:01:56","modified_gmt":"2025-12-10T17:01:56","slug":"ocuvanje-okolisa","status":"publish","type":"page","link":"https:\/\/vesnajanko.eu\/?page_id=6991","title":{"rendered":"O\u010duvanje okoli\u0161a"},"content":{"rendered":"\n<p class=\"has-medium-font-size\">Rad <a href=\"https:\/\/vesnajanko.eu\/wp-content\/uploads\/2021\/12\/Ocuvanje-okolisa.pdf\" target=\"_blank\" rel=\"noreferrer noopener\">pogledaj radni materijal<\/a>.<\/p>\n\n\n\n<p class=\"has-medium-font-size\"><a href=\"https:\/\/drive.google.com\/file\/d\/1z5UpvC2ph-mD9oiDKV2NbaIhD2tjPbyk\/view?usp=drive_link\" target=\"_blank\" rel=\"noreferrer noopener\">PDF prezentacija<\/a><\/p>\n\n\n\n<p><a href=\"https:\/\/youtu.be\/WfGMYdalClU?si=cCp5-AQCY67MOUVF\" target=\"_blank\" rel=\"noreferrer noopener\">Man, video animacija<\/a><\/p>\n\n\n\n<p><a href=\"https:\/\/youtu.be\/vxRg3bJjdbw?si=-MTPmtPVUallc3ek\" target=\"_blank\" rel=\"noreferrer noopener\">One\u010di\u0161\u0107enje okoli\u0161a &#8211; video<\/a><\/p>\n\n\n\n<p><a href=\"https:\/\/youtu.be\/y2GZoRu7Rfs?si=yTDrXvbqg70fhYW7\" target=\"_blank\" rel=\"noreferrer noopener\">Planet ili plasika &#8211; video<\/a><\/p>\n\n\n\n<p><a href=\"https:\/\/youtu.be\/QMPOMe4Htvo?si=_KAna0XAxcYwdExE\" target=\"_blank\" rel=\"noreferrer noopener\">Za\u0161tita i o\u010duvanje voda<\/a><\/p>\n\n\n\n<p class=\"has-pale-cyan-blue-background-color has-background\"><strong>Geobilje\u0161ke<\/strong>:<\/p>\n\n\n\n<p class=\"has-text-align-center\"><span style=\"text-decoration: underline;\">O\u010duvanje okoli\u0161a<\/span><\/p>\n\n\n\n<ul class=\"wp-block-list\">\n<li>Ljudi su dugo iscrpljivali prirodu i u nju, ne razmi\u0161ljaju\u0107i, odbacivali sve vi\u0161e otpada.<\/li>\n\n\n\n<li>No ona ne mo\u017ee trpjeti bezgrani\u010dna iscrpljivanja i one\u010di\u0161\u0107enja bez posljedica.<\/li>\n\n\n\n<li>One\u010di\u0161\u0107ivanjem ugro\u017eavamo sav \u017eivi svijet, pa i \u010dovje\u010danstvo.<\/li>\n\n\n\n<li>Trujemo li zrak, vodu i tlo zapravo trujemo sebe i ugro\u017eavamo svoje zdravlje.<\/li>\n\n\n\n<li>Osim razli\u010ditim na\u010dinima one\u010di\u0161\u0107enja, priroda je ugro\u017eena i na druge na\u010dine.<\/li>\n\n\n\n<li>Jedna od velikih opasnosti za okoli\u0161 jest smanjenje bioraznolikosti.<\/li>\n\n\n\n<li>Treba biti svjestan da \u010duvaju\u0107i svoj kraj, \u010duvamo i djeli\u0107 planeta Zemlje.<\/li>\n<\/ul>\n\n\n\n<div style=\"height:29px\" aria-hidden=\"true\" class=\"wp-block-spacer\"><\/div>\n\n\n\n<p class=\"has-text-align-right\" style=\"font-size:10px\">(sa\u017eetak lekcije: \u0160kolska knjiga)<\/p>\n","protected":false},"excerpt":{"rendered":"<p>Rad pogledaj radni materijal. PDF prezentacija Man, video animacija One\u010di\u0161\u0107enje okoli\u0161a &#8211; video Planet ili plasika &#8211; video Za\u0161tita i o\u010duvanje voda Geobilje\u0161ke: O\u010duvanje okoli\u0161a (sa\u017eetak lekcije: \u0160kolska knjiga)<\/p>\n","protected":false},"author":1,"featured_media":0,"parent":5164,"menu_order":3,"comment_status":"closed","ping_status":"closed","template":"","meta":{"footnotes":""},"class_list":["post-6991","page","type-page","status-publish","hentry"],"_links":{"self":[{"href":"https:\/\/vesnajanko.eu\/index.php?rest_route=\/wp\/v2\/pages\/6991","targetHints":{"allow":["GET"]}}],"collection":[{"href":"https:\/\/vesnajanko.eu\/index.php?rest_route=\/wp\/v2\/pages"}],"about":[{"href":"https:\/\/vesnajanko.eu\/index.php?rest_route=\/wp\/v2\/types\/page"}],"author":[{"embeddable":true,"href":"https:\/\/vesnajanko.eu\/index.php?rest_route=\/wp\/v2\/users\/1"}],"replies":[{"embeddable":true,"href":"https:\/\/vesnajanko.eu\/index.php?rest_route=%2Fwp%2Fv2%2Fcomments&post=6991"}],"version-history":[{"count":10,"href":"https:\/\/vesnajanko.eu\/index.php?rest_route=\/wp\/v2\/pages\/6991\/revisions"}],"predecessor-version":[{"id":10198,"href":"https:\/\/vesnajanko.eu\/index.php?rest_route=\/wp\/v2\/pages\/6991\/revisions\/10198"}],"up":[{"embeddable":true,"href":"https:\/\/vesnajanko.eu\/index.php?rest_route=\/wp\/v2\/pages\/5164"}],"wp:attachment":[{"href":"https:\/\/vesnajanko.eu\/index.php?rest_route=%2Fwp%2Fv2%2Fmedia&parent=6991"}],"curies":[{"name":"wp","href":"https:\/\/api.w.org\/{rel}","templated":true}]}}