{"id":6988,"date":"2022-07-17T11:52:13","date_gmt":"2022-07-17T10:52:13","guid":{"rendered":"https:\/\/vesnajanko.eu\/?page_id=6988"},"modified":"2025-12-02T16:28:40","modified_gmt":"2025-12-02T15:28:40","slug":"sirovine-i-izvori-energije","status":"publish","type":"page","link":"https:\/\/vesnajanko.eu\/?page_id=6988","title":{"rendered":"Sirovine i izvori energije"},"content":{"rendered":"\n<p class=\"has-small-font-size\">Ud\u017ebenik: 59. &#8211; 65.<\/p>\n\n\n\n<iframe loading=\"lazy\" src=\"https:\/\/docs.google.com\/presentation\/d\/e\/2PACX-1vQHV9LbqVphv_AF2-l3-SSODiunZDIJZptT_1SLlyI9lQmb3oV1Dq0r9kEgCdWcjM2zbjVjqlK7lNIc\/pubembed?start=false&#038;loop=false&#038;delayms=3000\" frameborder=\"0\" width=\"960\" height=\"569\" allowfullscreen=\"true\" mozallowfullscreen=\"true\" webkitallowfullscreen=\"true\"><\/iframe>\n\n\n\n<div style=\"height:39px\" aria-hidden=\"true\" class=\"wp-block-spacer\"><\/div>\n\n\n\n<p class=\"has-blush-light-purple-gradient-background has-background has-medium-font-size\"><a href=\"https:\/\/docs.google.com\/document\/d\/e\/2PACX-1vSSO0X_6NZ4aTSIl76gYGh9zBGb-rAf9S5LHL9VFLw6YpHI5rTPnrrewY2hIofI71f758MPxQZrQmjD\/pub\" target=\"_blank\" rel=\"noreferrer noopener\">Zadatak<\/a><\/p>\n\n\n\n<p><a href=\"https:\/\/wordwall.net\/play\/83299\/282\/680\" target=\"_blank\" rel=\"noreferrer noopener\">Sirovine &#8211; kviz<\/a><\/p>\n\n\n\n<p><a href=\"https:\/\/wordwall.net\/play\/83298\/984\/357\" target=\"_blank\" rel=\"noreferrer noopener\">Izvori energije &#8211; igra pridru\u017eivanja<\/a><\/p>\n\n\n\n<hr class=\"wp-block-separator has-css-opacity\"\/>\n\n\n\n<p class=\"has-pale-cyan-blue-background-color has-background\"><strong>Geobilje\u0161ke<\/strong><\/p>\n\n\n\n<p class=\"has-text-align-center\">Sirovine i izvori energije<\/p>\n\n\n\n<ul class=\"wp-block-list\">\n<li>Sirovine su tvari koje uzimamo iz prirode radi njihove daljnje prerade.\n<ul class=\"wp-block-list\">\n<li>voda, zrak, biljnog i \u017eivotinjskog porijekla, rude<\/li>\n<\/ul>\n<\/li>\n\n\n\n<li>Posebnu skupinu ruda \u010dine one koje su<strong>&nbsp;izvor energije<\/strong>&nbsp;(ugljen, nafta i prirodni plin).<\/li>\n\n\n\n<li>Sirovine nisu neiscrpne, mogu se potro\u0161iti \u2013 treba smanjiti potro\u0161nju i\/ili reciklirati<\/li>\n\n\n\n<li>Izvori energije se dijele na neobnovljive i obnovljive.\n<ul class=\"wp-block-list\">\n<li>Nebnovljivi su: nafta, prirodni plin, ugljen, izvori atomske energije<\/li>\n\n\n\n<li>Obnovljivi su: snaga vode, snaga vjetra, toplina iz unutra\u0161njosti Zemlje, Sun\u010deva energija, drvo<\/li>\n<\/ul>\n<\/li>\n<\/ul>\n","protected":false},"excerpt":{"rendered":"<p>Ud\u017ebenik: 59. &#8211; 65. Zadatak Sirovine &#8211; kviz Izvori energije &#8211; igra pridru\u017eivanja Geobilje\u0161ke Sirovine i izvori energije<\/p>\n","protected":false},"author":1,"featured_media":0,"parent":5164,"menu_order":2,"comment_status":"closed","ping_status":"closed","template":"templates\/page-full-width.php","meta":{"footnotes":""},"class_list":["post-6988","page","type-page","status-publish","hentry"],"_links":{"self":[{"href":"https:\/\/vesnajanko.eu\/index.php?rest_route=\/wp\/v2\/pages\/6988","targetHints":{"allow":["GET"]}}],"collection":[{"href":"https:\/\/vesnajanko.eu\/index.php?rest_route=\/wp\/v2\/pages"}],"about":[{"href":"https:\/\/vesnajanko.eu\/index.php?rest_route=\/wp\/v2\/types\/page"}],"author":[{"embeddable":true,"href":"https:\/\/vesnajanko.eu\/index.php?rest_route=\/wp\/v2\/users\/1"}],"replies":[{"embeddable":true,"href":"https:\/\/vesnajanko.eu\/index.php?rest_route=%2Fwp%2Fv2%2Fcomments&post=6988"}],"version-history":[{"count":7,"href":"https:\/\/vesnajanko.eu\/index.php?rest_route=\/wp\/v2\/pages\/6988\/revisions"}],"predecessor-version":[{"id":10184,"href":"https:\/\/vesnajanko.eu\/index.php?rest_route=\/wp\/v2\/pages\/6988\/revisions\/10184"}],"up":[{"embeddable":true,"href":"https:\/\/vesnajanko.eu\/index.php?rest_route=\/wp\/v2\/pages\/5164"}],"wp:attachment":[{"href":"https:\/\/vesnajanko.eu\/index.php?rest_route=%2Fwp%2Fv2%2Fmedia&parent=6988"}],"curies":[{"name":"wp","href":"https:\/\/api.w.org\/{rel}","templated":true}]}}