{"id":6975,"date":"2022-07-17T10:59:11","date_gmt":"2022-07-17T09:59:11","guid":{"rendered":"https:\/\/vesnajanko.eu\/?page_id=6975"},"modified":"2024-11-20T10:27:29","modified_gmt":"2024-11-20T09:27:29","slug":"meduovisnost-klime-tla-i-zivoga-svijeta","status":"publish","type":"page","link":"https:\/\/vesnajanko.eu\/?page_id=6975","title":{"rendered":"Tlo i njegova va\u017enost"},"content":{"rendered":"\n<iframe loading=\"lazy\" src=\"https:\/\/docs.google.com\/presentation\/d\/e\/2PACX-1vR5mRu1e6U2rtiyDcsQNcm_9M1EWdeC-8kJLwNfNkQgg_aAz8QDjw_R_1qO22GVS0Yv7LbmIuN9-9fP\/embed?start=false&#038;loop=false&#038;delayms=3000\" frameborder=\"0\" width=\"960\" height=\"569\" allowfullscreen=\"true\" mozallowfullscreen=\"true\" webkitallowfullscreen=\"true\"><\/iframe>\n\n\n\n<div style=\"height:44px\" aria-hidden=\"true\" class=\"wp-block-spacer\"><\/div>\n\n\n\n<p><strong><a href=\"https:\/\/youtu.be\/hyT-6qiubd0\" target=\"_blank\" rel=\"noreferrer noopener\">Pogledaj videozapis<\/a><\/strong>. Prokomentiraj kakva je mogu\u0107a budu\u0107nost zbog uni\u0161tenja tla.<\/p>\n\n\n\n<hr class=\"wp-block-separator has-css-opacity\"\/>\n\n\n\n<p class=\"has-pale-cyan-blue-background-color has-background\"><strong>Geobilje\u017enica<\/strong>:<\/p>\n\n\n\n<p class=\"has-text-align-center\"><span style=\"text-decoration: underline;\">Tlo i njegova va\u017enost<\/span><\/p>\n\n\n\n<p><strong>Tlo<\/strong>&nbsp;je rastresit povr\u0161inski sloj na kopnu Zemlje.&nbsp;Sastoji se od&nbsp;<strong>minerala<\/strong>&nbsp;i&nbsp;<strong>humusa<\/strong>.&nbsp;<\/p>\n\n\n\n<figure class=\"wp-block-table\"><table><tbody><tr><td><strong>Klima<\/strong>:<\/td><td><strong>vrsta tla<\/strong><\/td><td><strong>biljni pokrov<\/strong><\/td><\/tr><tr><td>tropske ki\u0161ne klime<\/td><td>laterit (crveno tlo tropskih i suptropskih krajeva)<\/td><td>tropske \u0161ume<\/td><\/tr><tr><td>umjereno topla vla\u017ena klima<\/td><td>sme\u0111e \u0161umsko tlo<\/td><td>\u0161ume umjerenog pojasa<\/td><\/tr><tr><td>stepska klima<\/td><td>crnica<\/td><td>stepa (niski travnjaci)<\/td><\/tr><tr><td>snje\u017eno \u2013 \u0161umska klima<\/td><td>pepelju\u0161a (podzol)<\/td><td>vazdazelena \u0161uma \u010detinja\u010da<\/td><\/tr><tr><td><\/td><td>Ostala tla: vulkanska, mo\u010dvarna, slana, na rije\u010dnim nanosima<\/td><td><\/td><\/tr><\/tbody><\/table><\/figure>\n\n\n\n<p>\u010covjek svojim djelovanjem osiroma\u0161uje i zaga\u0111uje tlo ili smanjuje njegove povr\u0161ine.<\/p>\n\n\n\n<p><strong>Vrste tla u Hrvatskoj:<\/strong><\/p>\n\n\n\n<p>Panonska Hrvatska \u2013&nbsp;&nbsp;prevladavaju&nbsp;<strong>sme\u0111a tla<\/strong>, a uz rijeke&nbsp;<strong>aluvijalna tla<\/strong>&nbsp;te&nbsp;<strong>crnica<\/strong>&nbsp;na prapornim ravnjacima<\/p>\n\n\n\n<p>Primorska Hrvatska \u2013 prevladavaju&nbsp;<strong>crvenica<\/strong>,&nbsp;<strong>tla na fli\u0161u<\/strong>&nbsp;i&nbsp;<strong>sme\u0111a tla<\/strong>&nbsp;na vapnencima i dolomitima<\/p>\n\n\n\n<p>Gorska Hrvatska \u2013 prevladavaju&nbsp;<strong>sme\u0111a tla<\/strong>&nbsp;na vapnencima i dolomitima te&nbsp;<strong>podzoli<\/strong>&nbsp;(isprano tlo)<\/p>\n\n\n\n<p><strong>Vrste biljnog svijeta u Hrvatskoj:<\/strong><\/p>\n\n\n\n<p>Gorska Hrvatska \u2013 bukova \u0161uma, hrast, vi\u0161i prostori jela, bor, smreka<\/p>\n\n\n\n<p>U Slavoniji uz rijeke Savu, Dravu te u Spa\u010dvi \u2013 hrast lu\u017enjak<\/p>\n\n\n\n<p>Na pobr\u0111ima Panonske Hrvatske \u2013 hrast kitnjak, grab, bukva<\/p>\n\n\n\n<p>Uz obalu \u2013 vazdazelena \u0161uma hrasta crnike \u2192 makija<\/p>\n\n\n\n<p>Na jugu \u2013 \u0161ume alepskog bora, dalmatinski crni bor<\/p>\n\n\n\n<p>U unutra\u0161njosti Primorske Hrvatske \u2013 hrast medunac i bijeli grab<\/p>\n","protected":false},"excerpt":{"rendered":"<p>Pogledaj videozapis. Prokomentiraj kakva je mogu\u0107a budu\u0107nost zbog uni\u0161tenja tla. Geobilje\u017enica: Tlo i njegova va\u017enost Tlo&nbsp;je rastresit povr\u0161inski sloj na kopnu Zemlje.&nbsp;Sastoji se od&nbsp;minerala&nbsp;i&nbsp;humusa.&nbsp; Klima: vrsta tla biljni pokrov tropske ki\u0161ne klime laterit (crveno tlo tropskih i suptropskih krajeva) tropske \u0161ume umjereno topla vla\u017ena klima sme\u0111e \u0161umsko tlo \u0161ume umjerenog&#8230; <a href=\"https:\/\/vesnajanko.eu\/?page_id=6975\" class=\"readmore\">Vi\u0161e<span class=\"screen-reader-text\">&#8220;Tlo i njegova va\u017enost&#8221;<\/span><\/a><\/p>\n","protected":false},"author":1,"featured_media":0,"parent":5161,"menu_order":4,"comment_status":"closed","ping_status":"closed","template":"templates\/page-full-width.php","meta":{"footnotes":""},"class_list":["post-6975","page","type-page","status-publish","hentry"],"_links":{"self":[{"href":"https:\/\/vesnajanko.eu\/index.php?rest_route=\/wp\/v2\/pages\/6975","targetHints":{"allow":["GET"]}}],"collection":[{"href":"https:\/\/vesnajanko.eu\/index.php?rest_route=\/wp\/v2\/pages"}],"about":[{"href":"https:\/\/vesnajanko.eu\/index.php?rest_route=\/wp\/v2\/types\/page"}],"author":[{"embeddable":true,"href":"https:\/\/vesnajanko.eu\/index.php?rest_route=\/wp\/v2\/users\/1"}],"replies":[{"embeddable":true,"href":"https:\/\/vesnajanko.eu\/index.php?rest_route=%2Fwp%2Fv2%2Fcomments&post=6975"}],"version-history":[{"count":6,"href":"https:\/\/vesnajanko.eu\/index.php?rest_route=\/wp\/v2\/pages\/6975\/revisions"}],"predecessor-version":[{"id":9489,"href":"https:\/\/vesnajanko.eu\/index.php?rest_route=\/wp\/v2\/pages\/6975\/revisions\/9489"}],"up":[{"embeddable":true,"href":"https:\/\/vesnajanko.eu\/index.php?rest_route=\/wp\/v2\/pages\/5161"}],"wp:attachment":[{"href":"https:\/\/vesnajanko.eu\/index.php?rest_route=%2Fwp%2Fv2%2Fmedia&parent=6975"}],"curies":[{"name":"wp","href":"https:\/\/api.w.org\/{rel}","templated":true}]}}