{"id":6969,"date":"2022-07-17T10:41:03","date_gmt":"2022-07-17T09:41:03","guid":{"rendered":"https:\/\/vesnajanko.eu\/?page_id=6969"},"modified":"2024-11-04T18:56:36","modified_gmt":"2024-11-04T17:56:36","slug":"tipovi-klima-u-hrvatskoj","status":"publish","type":"page","link":"https:\/\/vesnajanko.eu\/?page_id=6969","title":{"rendered":"Tipovi klima u Hrvatskoj"},"content":{"rendered":"\n<p class=\"has-background has-small-font-size\" style=\"background-color:#fcb90066\">\u2013 analizira i uspore\u0111uje tipove klima u Hrvatskoj s pomo\u0107u klimatskih dijagrama i tematske karte<\/p>\n\n\n\n<p><strong><a rel=\"noreferrer noopener\" href=\"https:\/\/sway.office.com\/3JbaMIRwvmoroyKH?ref=Link\" target=\"_blank\">Sway<\/a><\/strong><\/p>\n\n\n\n<iframe loading=\"lazy\" src=\"https:\/\/docs.google.com\/presentation\/d\/e\/2PACX-1vT-AUMZkWIi_c5tTLKijb14EcVSYuq-L4y72p6cEnPC521mEjSw7PdqYJJX2pMZhGhVrGgIMGaCNZiv\/embed?start=false&#038;loop=false&#038;delayms=3000\" frameborder=\"0\" width=\"960\" height=\"569\" allowfullscreen=\"true\" mozallowfullscreen=\"true\" webkitallowfullscreen=\"true\"><\/iframe>\n\n\n\n<div style=\"height:55px\" aria-hidden=\"true\" class=\"wp-block-spacer\"><\/div>\n\n\n\n<p><a href=\"https:\/\/wordwall.net\/play\/6613\/593\/944\" target=\"_blank\" rel=\"noreferrer noopener\">Kviz pridru\u017eivanja<\/a> na karti..<\/p>\n\n\n\n<p><a rel=\"noreferrer noopener\" href=\"https:\/\/wordwall.net\/play\/6620\/576\/276\" target=\"_blank\">Kviz svrstavanja<\/a><\/p>\n\n\n\n<hr class=\"wp-block-separator has-css-opacity\"\/>\n\n\n\n<p class=\"has-pale-cyan-blue-background-color has-background\"><strong>Geobilje\u017enica &#8211; bilje\u0161ke za u\u010denike<\/strong><\/p>\n\n\n\n<p class=\"has-text-align-center\">Tipovi klime u Hrvatskoj<\/p>\n\n\n\n<p><strong>umjereno topla vla\u017ena klima s toplim ljetom<\/strong>&nbsp;\u2013 zauzima najve\u0107i dio Hrvatske \u2013 zime hladne, ljeta topla, padaline&nbsp;jednoliko raspore\u0111ene tijekom godine<\/p>\n\n\n\n<p><strong>umjereno topla vla\u017ena klima s vru\u0107im ljetom<\/strong>&nbsp;\u2013 zauzima obalu Istre, Kvarner, dalmatinsko zale\u0111e, istok Panonske Hrvatske \u2013&nbsp;zime hladne, ljeta vru\u0107a, padaline&nbsp;jednoliko raspore\u0111ene tijekom godine<\/p>\n\n\n\n<p><strong>sredozemna klima s vru\u0107im ljetom<\/strong>&nbsp;\u2013 obala Dalmacije, dalmatinski otoci \u2013 ljeta suha i vru\u0107a, zime blage i ki\u0161ovite<\/p>\n\n\n\n<p><strong>vla\u017ena snje\u017eno \u2013 \u0161umska klima<\/strong>&nbsp;\u2013 najvi\u0161i dijelovi Gorske Hrvatske (preko 1200 m) \u2013 zime duge i hladne, ljeta topla i svje\u017ea, dosta padalina tijekom godine<\/p>\n","protected":false},"excerpt":{"rendered":"<p>\u2013 analizira i uspore\u0111uje tipove klima u Hrvatskoj s pomo\u0107u klimatskih dijagrama i tematske karte Sway Kviz pridru\u017eivanja na karti.. Kviz svrstavanja Geobilje\u017enica &#8211; bilje\u0161ke za u\u010denike Tipovi klime u Hrvatskoj umjereno topla vla\u017ena klima s toplim ljetom&nbsp;\u2013 zauzima najve\u0107i dio Hrvatske \u2013 zime hladne, ljeta topla, padaline&nbsp;jednoliko raspore\u0111ene tijekom&#8230; <a href=\"https:\/\/vesnajanko.eu\/?page_id=6969\" class=\"readmore\">Vi\u0161e<span class=\"screen-reader-text\">&#8220;Tipovi klima u Hrvatskoj&#8221;<\/span><\/a><\/p>\n","protected":false},"author":1,"featured_media":0,"parent":5082,"menu_order":3,"comment_status":"closed","ping_status":"closed","template":"templates\/page-full-width.php","meta":{"footnotes":""},"class_list":["post-6969","page","type-page","status-publish","hentry"],"_links":{"self":[{"href":"https:\/\/vesnajanko.eu\/index.php?rest_route=\/wp\/v2\/pages\/6969","targetHints":{"allow":["GET"]}}],"collection":[{"href":"https:\/\/vesnajanko.eu\/index.php?rest_route=\/wp\/v2\/pages"}],"about":[{"href":"https:\/\/vesnajanko.eu\/index.php?rest_route=\/wp\/v2\/types\/page"}],"author":[{"embeddable":true,"href":"https:\/\/vesnajanko.eu\/index.php?rest_route=\/wp\/v2\/users\/1"}],"replies":[{"embeddable":true,"href":"https:\/\/vesnajanko.eu\/index.php?rest_route=%2Fwp%2Fv2%2Fcomments&post=6969"}],"version-history":[{"count":8,"href":"https:\/\/vesnajanko.eu\/index.php?rest_route=\/wp\/v2\/pages\/6969\/revisions"}],"predecessor-version":[{"id":9460,"href":"https:\/\/vesnajanko.eu\/index.php?rest_route=\/wp\/v2\/pages\/6969\/revisions\/9460"}],"up":[{"embeddable":true,"href":"https:\/\/vesnajanko.eu\/index.php?rest_route=\/wp\/v2\/pages\/5082"}],"wp:attachment":[{"href":"https:\/\/vesnajanko.eu\/index.php?rest_route=%2Fwp%2Fv2%2Fmedia&parent=6969"}],"curies":[{"name":"wp","href":"https:\/\/api.w.org\/{rel}","templated":true}]}}